{"id":1014,"date":"2020-12-07T13:14:21","date_gmt":"2020-12-07T12:14:21","guid":{"rendered":"http:\/\/massy-verrieres.catho91.fr\/?page_id=1014"},"modified":"2021-11-15T14:27:06","modified_gmt":"2021-11-15T13:27:06","slug":"mouv_eglise_jeune","status":"publish","type":"page","link":"https:\/\/massy-verrieres.catho91.fr\/index.php\/mouv_eglise_jeune\/","title":{"rendered":"Mvts jeunes"},"content":{"rendered":"\t\t<div data-elementor-type=\"wp-page\" data-elementor-id=\"1014\" class=\"elementor elementor-1014\">\n\t\t\t\t\t\t<section class=\"elementor-section elementor-top-section elementor-element elementor-element-761dc2b elementor-section-boxed elementor-section-height-default elementor-section-height-default\" data-id=\"761dc2b\" data-element_type=\"section\" data-settings=\"{&quot;background_background&quot;:&quot;classic&quot;}\">\n\t\t\t\t\t\t<div class=\"elementor-container elementor-column-gap-default\">\n\t\t\t\t\t<div class=\"elementor-column elementor-col-33 elementor-top-column elementor-element elementor-element-0e8ab0c\" data-id=\"0e8ab0c\" data-element_type=\"column\">\n\t\t\t<div class=\"elementor-widget-wrap elementor-element-populated\">\n\t\t\t\t\t\t<div class=\"elementor-element elementor-element-1d9d08c elementor-widget elementor-widget-image\" data-id=\"1d9d08c\" data-element_type=\"widget\" data-widget_type=\"image.default\">\n\t\t\t\t<div class=\"elementor-widget-container\">\n\t\t\t\t\t\t\t\t\t\t\t\t\t<img fetchpriority=\"high\" decoding=\"async\" width=\"768\" height=\"768\" src=\"https:\/\/massy-verrieres.catho91.fr\/wp-content\/uploads\/2020\/12\/activites01.png\" class=\"attachment-full size-full wp-image-1272\" alt=\"\" srcset=\"https:\/\/massy-verrieres.catho91.fr\/wp-content\/uploads\/2020\/12\/activites01.png 768w, https:\/\/massy-verrieres.catho91.fr\/wp-content\/uploads\/2020\/12\/activites01-300x300.png 300w, https:\/\/massy-verrieres.catho91.fr\/wp-content\/uploads\/2020\/12\/activites01-150x150.png 150w\" sizes=\"(max-width: 768px) 100vw, 768px\" \/>\t\t\t\t\t\t\t\t\t\t\t\t\t<\/div>\n\t\t\t\t<\/div>\n\t\t\t\t\t<\/div>\n\t\t<\/div>\n\t\t\t\t<div class=\"elementor-column elementor-col-66 elementor-top-column elementor-element elementor-element-036a662\" data-id=\"036a662\" data-element_type=\"column\">\n\t\t\t<div class=\"elementor-widget-wrap elementor-element-populated\">\n\t\t\t\t\t\t<div class=\"elementor-element elementor-element-2dff586 elementor-widget-divider--view-line_text elementor-widget-divider--element-align-center elementor-widget elementor-widget-divider\" data-id=\"2dff586\" data-element_type=\"widget\" data-widget_type=\"divider.default\">\n\t\t\t\t<div class=\"elementor-widget-container\">\n\t\t\t\t\t<div class=\"elementor-divider\">\n\t\t\t<span class=\"elementor-divider-separator\">\n\t\t\t\t\t\t\t<span class=\"elementor-divider__text elementor-divider__element\">\n\t\t\t\tLes activit\u00e9s\ndu secteur\t\t\t\t<\/span>\n\t\t\t\t\t\t<\/span>\n\t\t<\/div>\n\t\t\t\t<\/div>\n\t\t\t\t<\/div>\n\t\t\t\t\t<\/div>\n\t\t<\/div>\n\t\t\t\t\t<\/div>\n\t\t<\/section>\n\t\t\t\t<section class=\"elementor-section elementor-top-section elementor-element elementor-element-2d0b6263 elementor-section-boxed elementor-section-height-default elementor-section-height-default\" data-id=\"2d0b6263\" data-element_type=\"section\">\n\t\t\t\t\t\t<div class=\"elementor-container elementor-column-gap-default\">\n\t\t\t\t\t<div class=\"elementor-column elementor-col-100 elementor-top-column elementor-element elementor-element-5bb09e3e\" data-id=\"5bb09e3e\" data-element_type=\"column\" data-settings=\"{&quot;background_background&quot;:&quot;classic&quot;}\">\n\t\t\t<div class=\"elementor-widget-wrap elementor-element-populated\">\n\t\t\t\t\t\t<div class=\"elementor-element elementor-element-49486c91 elementor-position-right elementor-vertical-align-top elementor-widget elementor-widget-image-box\" data-id=\"49486c91\" data-element_type=\"widget\" data-widget_type=\"image-box.default\">\n\t\t\t\t<div class=\"elementor-widget-container\">\n\t\t\t<div class=\"elementor-image-box-wrapper\"><figure class=\"elementor-image-box-img\"><img decoding=\"async\" width=\"800\" height=\"409\" src=\"https:\/\/massy-verrieres.catho91.fr\/wp-content\/uploads\/2021\/11\/SUF.jpg\" class=\"attachment-full size-full wp-image-3112\" alt=\"\" srcset=\"https:\/\/massy-verrieres.catho91.fr\/wp-content\/uploads\/2021\/11\/SUF.jpg 800w, https:\/\/massy-verrieres.catho91.fr\/wp-content\/uploads\/2021\/11\/SUF-300x153.jpg 300w, https:\/\/massy-verrieres.catho91.fr\/wp-content\/uploads\/2021\/11\/SUF-768x393.jpg 768w\" sizes=\"(max-width: 800px) 100vw, 800px\" \/><\/figure><div class=\"elementor-image-box-content\"><h3 class=\"elementor-image-box-title\">Mouvements d'\u00c9glise pour les jeunes<\/h3><p class=\"elementor-image-box-description\"><br\/>\u00ab \u00c9duque un jeune \u00e0 mesure de son d\u00e9veloppement : jamais il ne d\u00e9viera, m\u00eame l\u2019\u00e2ge venu. \u00bb (Pr 22, 6)<\/p><\/div><\/div>\t\t<\/div>\n\t\t\t\t<\/div>\n\t\t\t\t<div class=\"elementor-element elementor-element-3a77fe1 elementor-widget elementor-widget-text-editor\" data-id=\"3a77fe1\" data-element_type=\"widget\" data-widget_type=\"text-editor.default\">\n\t\t\t\t<div class=\"elementor-widget-container\">\n\t\t\t\t\t\t\t<p>A<i> la fin des ann\u00e9es de cat\u00e9chisme, il est tout indiqu\u00e9 de proposer aux enfants de continuer \u00e0 d\u00e9couvrir la foi \u00e0 travers de nombreuses propositions, chacune ayant une approche diff\u00e9rente de la construction des jeunes<\/i><\/p>\t\t\t\t\t\t<\/div>\n\t\t\t\t<\/div>\n\t\t\t\t<div class=\"elementor-element elementor-element-2998d4e1 elementor-widget elementor-widget-text-editor\" data-id=\"2998d4e1\" data-element_type=\"widget\" data-widget_type=\"text-editor.default\">\n\t\t\t\t<div class=\"elementor-widget-container\">\n\t\t\t\t\t\t\t<ul><li>Scouts d\u2019Europe\u00a0: <a href=\"https:\/\/www.scouts-europe.org\" target=\"_blank\" rel=\"noopener\">https:\/\/www.scouts-europe.org<\/a><\/li><\/ul>\t\t\t\t\t\t<\/div>\n\t\t\t\t<\/div>\n\t\t\t\t<div class=\"elementor-element elementor-element-e8297aa elementor-widget elementor-widget-text-editor\" data-id=\"e8297aa\" data-element_type=\"widget\" data-widget_type=\"text-editor.default\">\n\t\t\t\t<div class=\"elementor-widget-container\">\n\t\t\t\t\t\t\t<ul><li>Scouts unitaires de France\u00a0: <a href=\"https:\/\/www.scouts-unitaires.org\" target=\"_blank\" rel=\"noopener\">https:\/\/www.scouts-unitaires.org<\/a><ul><li>Groupes \u00e0 Verri\u00e8res le Buisson : Abb\u00e9 Franz Stock,Honor\u00e9 d\u2019Estienne d\u2019Orves,<\/li><\/ul><\/li><\/ul>\t\t\t\t\t\t<\/div>\n\t\t\t\t<\/div>\n\t\t\t\t<div class=\"elementor-element elementor-element-2381378 elementor-widget elementor-widget-text-editor\" data-id=\"2381378\" data-element_type=\"widget\" data-widget_type=\"text-editor.default\">\n\t\t\t\t<div class=\"elementor-widget-container\">\n\t\t\t\t\t\t\t<ul><li>Scouts et Guides de France : <a href=\"https:\/\/sgdf.fr\" target=\"_blank\" rel=\"noopener\">https:\/\/sgdf.fr<\/a><\/li><li style=\"list-style-type: none;\"><ul><li>Un groupe \u00e0 Massy-Verri\u00e8res : <a href=\"https:\/\/sites.sgdf.fr\/massy-verrieres\/\" target=\"_blank\" rel=\"noopener\">https:\/\/sites.sgdf.fr\/massy-verrieres\/<\/a><\/li><\/ul><\/li><\/ul>\t\t\t\t\t\t<\/div>\n\t\t\t\t<\/div>\n\t\t\t\t<div class=\"elementor-element elementor-element-052ff79 elementor-widget elementor-widget-text-editor\" data-id=\"052ff79\" data-element_type=\"widget\" data-widget_type=\"text-editor.default\">\n\t\t\t\t<div class=\"elementor-widget-container\">\n\t\t\t\t\t\t\t<ul><li>Action Catholique des Enfants\u00a0: <a href=\"https:\/\/www.ace.asso.fr\" target=\"_blank\" rel=\"noopener\">https:\/\/www.ace.asso.fr<\/a><\/li><\/ul>\t\t\t\t\t\t<\/div>\n\t\t\t\t<\/div>\n\t\t\t\t<div class=\"elementor-element elementor-element-5a0704d elementor-widget elementor-widget-text-editor\" data-id=\"5a0704d\" data-element_type=\"widget\" data-widget_type=\"text-editor.default\">\n\t\t\t\t<div class=\"elementor-widget-container\">\n\t\t\t\t\t\t\t<ul><li>Mouvement Eucharistique des Jeunes\u00a0: <a href=\"https:\/\/www.mej.fr\" target=\"_blank\" rel=\"noopener\">https:\/\/www.mej.fr<\/a><ul><li>Un groupe \u00e0 Palaiseau\u00a0: <a href=\"mailto:responsable91@mej.fr\">responsable91@mej.fr<\/a><\/li><li>Un groupe \u00e0 Antony\u00a0: <a href=\"mailto:responsablemej92@gmail.com\">responsablemej92@gmail.com<\/a><\/li><\/ul><\/li><\/ul>\t\t\t\t\t\t<\/div>\n\t\t\t\t<\/div>\n\t\t\t\t\t<\/div>\n\t\t<\/div>\n\t\t\t\t\t<\/div>\n\t\t<\/section>\n\t\t\t\t<section class=\"elementor-section elementor-top-section elementor-element elementor-element-33c6e97 elementor-section-boxed elementor-section-height-default elementor-section-height-default\" data-id=\"33c6e97\" data-element_type=\"section\">\n\t\t\t\t\t\t<div class=\"elementor-container elementor-column-gap-default\">\n\t\t\t\t\t<div class=\"elementor-column elementor-col-100 elementor-top-column elementor-element elementor-element-90feeb1\" data-id=\"90feeb1\" data-element_type=\"column\">\n\t\t\t<div class=\"elementor-widget-wrap elementor-element-populated\">\n\t\t\t\t\t\t<div class=\"elementor-element elementor-element-068e874 elementor-widget elementor-widget-spacer\" data-id=\"068e874\" data-element_type=\"widget\" data-widget_type=\"spacer.default\">\n\t\t\t\t<div class=\"elementor-widget-container\">\n\t\t\t\t\t<div class=\"elementor-spacer\">\n\t\t\t<div class=\"elementor-spacer-inner\"><\/div>\n\t\t<\/div>\n\t\t\t\t<\/div>\n\t\t\t\t<\/div>\n\t\t\t\t\t<\/div>\n\t\t<\/div>\n\t\t\t\t\t<\/div>\n\t\t<\/section>\n\t\t\t\t<section class=\"elementor-section elementor-top-section elementor-element elementor-element-44979a38 elementor-section-boxed elementor-section-height-default elementor-section-height-default\" data-id=\"44979a38\" data-element_type=\"section\">\n\t\t\t\t\t\t<div class=\"elementor-container elementor-column-gap-default\">\n\t\t\t\t\t<div class=\"elementor-column elementor-col-100 elementor-top-column elementor-element elementor-element-7f0576\" data-id=\"7f0576\" data-element_type=\"column\">\n\t\t\t<div class=\"elementor-widget-wrap elementor-element-populated\">\n\t\t\t\t\t\t<div class=\"elementor-element elementor-element-4c366a3f elementor-widget-divider--view-line elementor-widget elementor-widget-divider\" data-id=\"4c366a3f\" data-element_type=\"widget\" data-widget_type=\"divider.default\">\n\t\t\t\t<div class=\"elementor-widget-container\">\n\t\t\t\t\t<div class=\"elementor-divider\">\n\t\t\t<span class=\"elementor-divider-separator\">\n\t\t\t\t\t\t<\/span>\n\t\t<\/div>\n\t\t\t\t<\/div>\n\t\t\t\t<\/div>\n\t\t\t\t<div class=\"elementor-element elementor-element-30bfd110 elementor-widget elementor-widget-heading\" data-id=\"30bfd110\" data-element_type=\"widget\" data-widget_type=\"heading.default\">\n\t\t\t\t<div class=\"elementor-widget-container\">\n\t\t\t<h2 class=\"elementor-heading-title elementor-size-default\"><a href=\"http:\/\/massy-verrieres.catho91.fr\/index.php\/les-activites\/\">Retour \u00e0 la liste des activit\u00e9s<\/a><\/h2>\t\t<\/div>\n\t\t\t\t<\/div>\n\t\t\t\t\t<\/div>\n\t\t<\/div>\n\t\t\t\t\t<\/div>\n\t\t<\/section>\n\t\t\t\t<\/div>\n\t\t","protected":false},"excerpt":{"rendered":"<p>Les activit\u00e9s du secteur Mouvements d&#8217;\u00c9glise pour les jeunes \u00ab \u00c9duque un jeune \u00e0 mesure de son d\u00e9veloppement : jamais il ne d\u00e9viera, m\u00eame l\u2019\u00e2ge venu. \u00bb (Pr 22, 6) A la fin des ann\u00e9es de cat\u00e9chisme, il est tout indiqu\u00e9 de proposer aux enfants de continuer \u00e0 d\u00e9couvrir la foi \u00e0 travers de nombreuses &hellip;<\/p>\n<p class=\"read-more\"> <a class=\"\" href=\"https:\/\/massy-verrieres.catho91.fr\/index.php\/mouv_eglise_jeune\/\"> <span class=\"screen-reader-text\">Mvts jeunes<\/span> Lire la suite \u00bb<\/a><\/p>\n","protected":false},"author":1,"featured_media":0,"parent":0,"menu_order":0,"comment_status":"closed","ping_status":"closed","template":"","meta":{"_mc_calendar":[],"footnotes":""},"_links":{"self":[{"href":"https:\/\/massy-verrieres.catho91.fr\/index.php\/wp-json\/wp\/v2\/pages\/1014"}],"collection":[{"href":"https:\/\/massy-verrieres.catho91.fr\/index.php\/wp-json\/wp\/v2\/pages"}],"about":[{"href":"https:\/\/massy-verrieres.catho91.fr\/index.php\/wp-json\/wp\/v2\/types\/page"}],"author":[{"embeddable":true,"href":"https:\/\/massy-verrieres.catho91.fr\/index.php\/wp-json\/wp\/v2\/users\/1"}],"replies":[{"embeddable":true,"href":"https:\/\/massy-verrieres.catho91.fr\/index.php\/wp-json\/wp\/v2\/comments?post=1014"}],"version-history":[{"count":60,"href":"https:\/\/massy-verrieres.catho91.fr\/index.php\/wp-json\/wp\/v2\/pages\/1014\/revisions"}],"predecessor-version":[{"id":3461,"href":"https:\/\/massy-verrieres.catho91.fr\/index.php\/wp-json\/wp\/v2\/pages\/1014\/revisions\/3461"}],"wp:attachment":[{"href":"https:\/\/massy-verrieres.catho91.fr\/index.php\/wp-json\/wp\/v2\/media?parent=1014"}],"curies":[{"name":"wp","href":"https:\/\/api.w.org\/{rel}","templated":true}]}}