{"id":1038,"date":"2020-12-07T13:22:05","date_gmt":"2020-12-07T12:22:05","guid":{"rendered":"http:\/\/massy-verrieres.catho91.fr\/?page_id=1038"},"modified":"2022-09-07T21:49:27","modified_gmt":"2022-09-07T19:49:27","slug":"premiere_communion","status":"publish","type":"page","link":"https:\/\/massy-verrieres.catho91.fr\/index.php\/premiere_communion\/","title":{"rendered":"Premi\u00e8re communion"},"content":{"rendered":"\t\t<div data-elementor-type=\"wp-page\" data-elementor-id=\"1038\" class=\"elementor elementor-1038\">\n\t\t\t\t\t\t<section class=\"elementor-section elementor-top-section elementor-element elementor-element-0522370 elementor-section-boxed elementor-section-height-default elementor-section-height-default\" data-id=\"0522370\" data-element_type=\"section\" data-settings=\"{&quot;background_background&quot;:&quot;classic&quot;}\">\n\t\t\t\t\t\t<div class=\"elementor-container elementor-column-gap-default\">\n\t\t\t\t\t<div class=\"elementor-column elementor-col-33 elementor-top-column elementor-element elementor-element-9bf225f\" data-id=\"9bf225f\" data-element_type=\"column\">\n\t\t\t<div class=\"elementor-widget-wrap elementor-element-populated\">\n\t\t\t\t\t\t<div class=\"elementor-element elementor-element-c8b48ea elementor-widget elementor-widget-image\" data-id=\"c8b48ea\" data-element_type=\"widget\" data-widget_type=\"image.default\">\n\t\t\t\t<div class=\"elementor-widget-container\">\n\t\t\t\t\t\t\t\t\t\t\t\t\t<img fetchpriority=\"high\" decoding=\"async\" width=\"768\" height=\"767\" src=\"https:\/\/massy-verrieres.catho91.fr\/wp-content\/uploads\/2020\/12\/etapes01.png\" class=\"attachment-full size-full wp-image-1263\" alt=\"\" srcset=\"https:\/\/massy-verrieres.catho91.fr\/wp-content\/uploads\/2020\/12\/etapes01.png 768w, https:\/\/massy-verrieres.catho91.fr\/wp-content\/uploads\/2020\/12\/etapes01-300x300.png 300w, https:\/\/massy-verrieres.catho91.fr\/wp-content\/uploads\/2020\/12\/etapes01-150x150.png 150w\" sizes=\"(max-width: 768px) 100vw, 768px\" \/>\t\t\t\t\t\t\t\t\t\t\t\t\t<\/div>\n\t\t\t\t<\/div>\n\t\t\t\t\t<\/div>\n\t\t<\/div>\n\t\t\t\t<div class=\"elementor-column elementor-col-66 elementor-top-column elementor-element elementor-element-0c7aaab\" data-id=\"0c7aaab\" data-element_type=\"column\">\n\t\t\t<div class=\"elementor-widget-wrap elementor-element-populated\">\n\t\t\t\t\t\t<div class=\"elementor-element elementor-element-37ef35e elementor-widget-divider--view-line_text elementor-widget-divider--element-align-center elementor-widget elementor-widget-divider\" data-id=\"37ef35e\" data-element_type=\"widget\" data-widget_type=\"divider.default\">\n\t\t\t\t<div class=\"elementor-widget-container\">\n\t\t\t\t\t<div class=\"elementor-divider\">\n\t\t\t<span class=\"elementor-divider-separator\">\n\t\t\t\t\t\t\t<span class=\"elementor-divider__text elementor-divider__element\">\n\t\t\t\tLes \u00e9tapes de<br>la vie de foi\t\t\t\t<\/span>\n\t\t\t\t\t\t<\/span>\n\t\t<\/div>\n\t\t\t\t<\/div>\n\t\t\t\t<\/div>\n\t\t\t\t\t<\/div>\n\t\t<\/div>\n\t\t\t\t\t<\/div>\n\t\t<\/section>\n\t\t\t\t<section class=\"elementor-section elementor-top-section elementor-element elementor-element-15c4d76 elementor-section-boxed elementor-section-height-default elementor-section-height-default\" data-id=\"15c4d76\" data-element_type=\"section\">\n\t\t\t\t\t\t<div class=\"elementor-container elementor-column-gap-default\">\n\t\t\t\t\t<div class=\"elementor-column elementor-col-100 elementor-top-column elementor-element elementor-element-1ed43a1\" data-id=\"1ed43a1\" data-element_type=\"column\" data-settings=\"{&quot;background_background&quot;:&quot;classic&quot;}\">\n\t\t\t<div class=\"elementor-widget-wrap elementor-element-populated\">\n\t\t\t\t\t\t<div class=\"elementor-element elementor-element-ccc24f8 elementor-position-right elementor-vertical-align-top elementor-widget elementor-widget-image-box\" data-id=\"ccc24f8\" data-element_type=\"widget\" data-widget_type=\"image-box.default\">\n\t\t\t\t<div class=\"elementor-widget-container\">\n\t\t\t<div class=\"elementor-image-box-wrapper\"><figure class=\"elementor-image-box-img\"><img decoding=\"async\" width=\"1244\" height=\"912\" src=\"https:\/\/massy-verrieres.catho91.fr\/wp-content\/uploads\/2020\/08\/eucharistie-1.png\" class=\"attachment-full size-full wp-image-65\" alt=\"\" srcset=\"https:\/\/massy-verrieres.catho91.fr\/wp-content\/uploads\/2020\/08\/eucharistie-1.png 1244w, https:\/\/massy-verrieres.catho91.fr\/wp-content\/uploads\/2020\/08\/eucharistie-1-300x220.png 300w, https:\/\/massy-verrieres.catho91.fr\/wp-content\/uploads\/2020\/08\/eucharistie-1-1024x751.png 1024w, https:\/\/massy-verrieres.catho91.fr\/wp-content\/uploads\/2020\/08\/eucharistie-1-768x563.png 768w\" sizes=\"(max-width: 1244px) 100vw, 1244px\" \/><\/figure><div class=\"elementor-image-box-content\"><h3 class=\"elementor-image-box-title\">La premi\u00e8re des communions<\/h3><p class=\"elementor-image-box-description\"><br\/>\" Moi, je suis le pain de la vie \" (Jn 6, 48)\n<\/p><\/div><\/div>\t\t<\/div>\n\t\t\t\t<\/div>\n\t\t\t\t<div class=\"elementor-element elementor-element-8346e2a elementor-widget elementor-widget-text-editor\" data-id=\"8346e2a\" data-element_type=\"widget\" data-widget_type=\"text-editor.default\">\n\t\t\t\t<div class=\"elementor-widget-container\">\n\t\t\t\t\t\t\t<p>La \u00ab premi\u00e8re communion \u00bb, comme son nom l\u2019indique, correspond \u00e0 la premi\u00e8re fois o\u00f9 un enfant re\u00e7oit le corps du Christ au cours d\u2019une Eucharistie.<\/p><p>Elle signifie que l\u2019enfant est en capacit\u00e9 de comprendre le grand myst\u00e8re de la mort et de la r\u00e9surrection du Christ.<\/p><p>Elle est propos\u00e9e aux enfants du cat\u00e9chisme CM1 ou CM2 (vers 10\/11 ans).<\/p><p>C\u2019est une tr\u00e8s belle f\u00eate, spirituelle bien entendu, mais aussi familiale.<\/p>\t\t\t\t\t\t<\/div>\n\t\t\t\t<\/div>\n\t\t\t\t\t<\/div>\n\t\t<\/div>\n\t\t\t\t\t<\/div>\n\t\t<\/section>\n\t\t\t\t<section class=\"elementor-section elementor-top-section elementor-element elementor-element-b9a7ff2 elementor-section-boxed elementor-section-height-default elementor-section-height-default\" data-id=\"b9a7ff2\" data-element_type=\"section\">\n\t\t\t\t\t\t<div class=\"elementor-container elementor-column-gap-default\">\n\t\t\t\t\t<div class=\"elementor-column elementor-col-100 elementor-top-column elementor-element elementor-element-b66093f\" data-id=\"b66093f\" data-element_type=\"column\">\n\t\t\t<div class=\"elementor-widget-wrap elementor-element-populated\">\n\t\t\t\t\t\t<div class=\"elementor-element elementor-element-57c972b elementor-widget elementor-widget-spacer\" data-id=\"57c972b\" data-element_type=\"widget\" data-widget_type=\"spacer.default\">\n\t\t\t\t<div class=\"elementor-widget-container\">\n\t\t\t\t\t<div class=\"elementor-spacer\">\n\t\t\t<div class=\"elementor-spacer-inner\"><\/div>\n\t\t<\/div>\n\t\t\t\t<\/div>\n\t\t\t\t<\/div>\n\t\t\t\t\t<\/div>\n\t\t<\/div>\n\t\t\t\t\t<\/div>\n\t\t<\/section>\n\t\t\t\t<section class=\"elementor-section elementor-top-section elementor-element elementor-element-aaea77f elementor-section-boxed elementor-section-height-default elementor-section-height-default\" data-id=\"aaea77f\" data-element_type=\"section\">\n\t\t\t\t\t\t<div class=\"elementor-container elementor-column-gap-default\">\n\t\t\t\t\t<div class=\"elementor-column elementor-col-100 elementor-top-column elementor-element elementor-element-29f54ea\" data-id=\"29f54ea\" data-element_type=\"column\" data-settings=\"{&quot;background_background&quot;:&quot;classic&quot;}\">\n\t\t\t<div class=\"elementor-widget-wrap elementor-element-populated\">\n\t\t\t\t\t\t<div class=\"elementor-element elementor-element-7d927c4 elementor-widget elementor-widget-text-editor\" data-id=\"7d927c4\" data-element_type=\"widget\" data-widget_type=\"text-editor.default\">\n\t\t\t\t<div class=\"elementor-widget-container\">\n\t\t\t\t\t\t\t<h4><span style=\"color: #000000;\">Votre enfant souhaite faire sa premi\u00e8re communion ? Laissez nous un message ; vous serez contact\u00e9 rapidement :<\/span><\/h4>\t\t\t\t\t\t<\/div>\n\t\t\t\t<\/div>\n\t\t\t\t<div class=\"elementor-element elementor-element-fa00d98 e-transform e-transform elementor-widget elementor-widget-wp-widget-wpforms-widget\" data-id=\"fa00d98\" data-element_type=\"widget\" data-settings=\"{&quot;_transform_scale_effect&quot;:{&quot;unit&quot;:&quot;px&quot;,&quot;size&quot;:0.8,&quot;sizes&quot;:[]},&quot;_transform_translateX_effect&quot;:{&quot;unit&quot;:&quot;px&quot;,&quot;size&quot;:&quot;&quot;,&quot;sizes&quot;:[]},&quot;_transform_translateX_effect_tablet&quot;:{&quot;unit&quot;:&quot;px&quot;,&quot;size&quot;:&quot;&quot;,&quot;sizes&quot;:[]},&quot;_transform_translateX_effect_mobile&quot;:{&quot;unit&quot;:&quot;px&quot;,&quot;size&quot;:&quot;&quot;,&quot;sizes&quot;:[]},&quot;_transform_translateY_effect&quot;:{&quot;unit&quot;:&quot;px&quot;,&quot;size&quot;:&quot;&quot;,&quot;sizes&quot;:[]},&quot;_transform_translateY_effect_tablet&quot;:{&quot;unit&quot;:&quot;px&quot;,&quot;size&quot;:&quot;&quot;,&quot;sizes&quot;:[]},&quot;_transform_translateY_effect_mobile&quot;:{&quot;unit&quot;:&quot;px&quot;,&quot;size&quot;:&quot;&quot;,&quot;sizes&quot;:[]},&quot;_transform_scale_effect_tablet&quot;:{&quot;unit&quot;:&quot;px&quot;,&quot;size&quot;:&quot;&quot;,&quot;sizes&quot;:[]},&quot;_transform_scale_effect_mobile&quot;:{&quot;unit&quot;:&quot;px&quot;,&quot;size&quot;:&quot;&quot;,&quot;sizes&quot;:[]}}\" data-widget_type=\"wp-widget-wpforms-widget.default\">\n\t\t\t\t<div class=\"elementor-widget-container\">\n\t\t\t<div class=\"wpforms-container wpforms-container-full\" id=\"wpforms-2233\"><form id=\"wpforms-form-2233\" class=\"wpforms-validate wpforms-form\" data-formid=\"2233\" method=\"post\" enctype=\"multipart\/form-data\" action=\"\/index.php\/wp-json\/wp\/v2\/pages\/1038\" data-token=\"f2b4635ab1c27d39464a6288d332b204\" data-token-time=\"1778540461\"><noscript class=\"wpforms-error-noscript\">Veuillez activer JavaScript dans votre navigateur pour remplir ce formulaire.<\/noscript><div class=\"wpforms-field-container\"><div id=\"wpforms-2233-field_0-container\" class=\"wpforms-field wpforms-field-name\" data-field-id=\"0\"><label class=\"wpforms-field-label\" for=\"wpforms-2233-field_0\">Votre identit\u00e9 <span class=\"wpforms-required-label\">*<\/span><\/label><div class=\"wpforms-field-row wpforms-field-medium\"><div class=\"wpforms-field-row-block wpforms-first wpforms-one-half\"><input type=\"text\" id=\"wpforms-2233-field_0\" class=\"wpforms-field-name-first wpforms-field-required\" name=\"wpforms[fields][0][first]\" required><label for=\"wpforms-2233-field_0\" class=\"wpforms-field-sublabel after\">Pr\u00e9nom<\/label><\/div><div class=\"wpforms-field-row-block wpforms-one-half\"><input type=\"text\" id=\"wpforms-2233-field_0-last\" class=\"wpforms-field-name-last wpforms-field-required\" name=\"wpforms[fields][0][last]\" required><label for=\"wpforms-2233-field_0-last\" class=\"wpforms-field-sublabel after\">Nom<\/label><\/div><\/div><\/div><div id=\"wpforms-2233-field_4-container\" class=\"wpforms-field wpforms-field-text\" data-field-id=\"4\"><label class=\"wpforms-field-label\" for=\"wpforms-2233-field_4\">Votre adresse email ou votre num\u00e9ro de t\u00e9l\u00e9phone<\/label><input type=\"text\" id=\"wpforms-2233-field_4\" class=\"wpforms-field-medium\" name=\"wpforms[fields][4]\" ><\/div><div id=\"wpforms-2233-field_3-container\" class=\"wpforms-field wpforms-field-select wpforms-field-select-style-classic\" data-field-id=\"3\"><label class=\"wpforms-field-label\" for=\"wpforms-2233-field_3\">Pr\u00e9cisez votre paroisse <span class=\"wpforms-required-label\">*<\/span><\/label><select id=\"wpforms-2233-field_3\" class=\"wpforms-field-medium wpforms-field-required\" name=\"wpforms[fields][3]\" required=\"required\"><option value=\"--- entrez le nom de votre paroisse ---\" >--- entrez le nom de votre paroisse ---<\/option><option value=\"Verri\u00e8res le Buisson\" >Verri\u00e8res le Buisson<\/option><option value=\"Massy - Sainte Marie Madeleine\" >Massy - Sainte Marie Madeleine<\/option><option value=\"Massy - Saint Paul\" >Massy - Saint Paul<\/option><option value=\"Massy - Saint Esprit\" >Massy - Saint Esprit<\/option><\/select><\/div><div id=\"wpforms-2233-field_2-container\" class=\"wpforms-field wpforms-field-textarea\" data-field-id=\"2\"><label class=\"wpforms-field-label\" for=\"wpforms-2233-field_2\">Votre message <span class=\"wpforms-required-label\">*<\/span><\/label><textarea id=\"wpforms-2233-field_2\" class=\"wpforms-field-medium wpforms-field-required\" name=\"wpforms[fields][2]\" required><\/textarea><\/div><\/div><!-- .wpforms-field-container --><div class=\"wpforms-recaptcha-container wpforms-is-recaptcha wpforms-is-recaptcha-type-v2\" ><div class=\"g-recaptcha\" data-sitekey=\"6LfMxf8ZAAAAADaD_41itEi-GdfkI-U3M_DndmLY\"><\/div><input type=\"text\" name=\"g-recaptcha-hidden\" class=\"wpforms-recaptcha-hidden\" style=\"position:absolute!important;clip:rect(0,0,0,0)!important;height:1px!important;width:1px!important;border:0!important;overflow:hidden!important;padding:0!important;margin:0!important;\" data-rule-recaptcha=\"1\"><\/div><div class=\"wpforms-submit-container\" ><input type=\"hidden\" name=\"wpforms[id]\" value=\"2233\"><input type=\"hidden\" name=\"page_title\" value=\"\"><input type=\"hidden\" name=\"page_url\" value=\"https:\/\/massy-verrieres.catho91.fr\/index.php\/wp-json\/wp\/v2\/pages\/1038\"><button type=\"submit\" name=\"wpforms[submit]\" id=\"wpforms-submit-2233\" class=\"wpforms-submit\" data-alt-text=\"Envoi en cours ...\" data-submit-text=\"Envoyer le message\" aria-live=\"assertive\" value=\"wpforms-submit\">Envoyer le message<\/button><\/div><\/form><\/div>  <!-- .wpforms-container -->\t\t<\/div>\n\t\t\t\t<\/div>\n\t\t\t\t\t<\/div>\n\t\t<\/div>\n\t\t\t\t\t<\/div>\n\t\t<\/section>\n\t\t\t\t<section class=\"elementor-section elementor-top-section elementor-element elementor-element-9cece68 elementor-section-boxed elementor-section-height-default elementor-section-height-default\" data-id=\"9cece68\" data-element_type=\"section\">\n\t\t\t\t\t\t<div class=\"elementor-container elementor-column-gap-default\">\n\t\t\t\t\t<div class=\"elementor-column elementor-col-50 elementor-top-column elementor-element elementor-element-6787444\" data-id=\"6787444\" data-element_type=\"column\">\n\t\t\t<div class=\"elementor-widget-wrap elementor-element-populated\">\n\t\t\t\t\t\t<div class=\"elementor-element elementor-element-42bc013 elementor-widget elementor-widget-heading\" data-id=\"42bc013\" data-element_type=\"widget\" data-widget_type=\"heading.default\">\n\t\t\t\t<div class=\"elementor-widget-container\">\n\t\t\t<h2 class=\"elementor-heading-title elementor-size-default\"><a href=\"http:\/\/massy-verrieres.catho91.fr\/index.php\/vie_de_foi\/\">Retour aux \u00e9tapes de la vie de foi<\/a><\/h2>\t\t<\/div>\n\t\t\t\t<\/div>\n\t\t\t\t\t<\/div>\n\t\t<\/div>\n\t\t\t\t<div class=\"elementor-column elementor-col-50 elementor-top-column elementor-element elementor-element-16ddd7d\" data-id=\"16ddd7d\" data-element_type=\"column\">\n\t\t\t<div class=\"elementor-widget-wrap elementor-element-populated\">\n\t\t\t\t\t\t<div class=\"elementor-element elementor-element-28f748b elementor-widget elementor-widget-heading\" data-id=\"28f748b\" data-element_type=\"widget\" data-widget_type=\"heading.default\">\n\t\t\t\t<div class=\"elementor-widget-container\">\n\t\t\t<h2 class=\"elementor-heading-title elementor-size-default\"><a href=\"http:\/\/massy-verrieres.catho91.fr\/index.php\/pour-les-jeunes\/\">Retour aux propositions pour les jeunes\u200b<\/a><\/h2>\t\t<\/div>\n\t\t\t\t<\/div>\n\t\t\t\t\t<\/div>\n\t\t<\/div>\n\t\t\t\t\t<\/div>\n\t\t<\/section>\n\t\t\t\t<section class=\"elementor-section elementor-top-section elementor-element elementor-element-6e6585f elementor-section-boxed elementor-section-height-default elementor-section-height-default\" data-id=\"6e6585f\" data-element_type=\"section\">\n\t\t\t\t\t\t<div class=\"elementor-container elementor-column-gap-default\">\n\t\t\t\t\t<div class=\"elementor-column elementor-col-100 elementor-top-column elementor-element elementor-element-685c0e1\" data-id=\"685c0e1\" data-element_type=\"column\">\n\t\t\t<div class=\"elementor-widget-wrap elementor-element-populated\">\n\t\t\t\t\t\t<div class=\"elementor-element elementor-element-575c6aa elementor-widget-divider--view-line elementor-widget elementor-widget-divider\" data-id=\"575c6aa\" data-element_type=\"widget\" data-widget_type=\"divider.default\">\n\t\t\t\t<div class=\"elementor-widget-container\">\n\t\t\t\t\t<div class=\"elementor-divider\">\n\t\t\t<span class=\"elementor-divider-separator\">\n\t\t\t\t\t\t<\/span>\n\t\t<\/div>\n\t\t\t\t<\/div>\n\t\t\t\t<\/div>\n\t\t\t\t\t<\/div>\n\t\t<\/div>\n\t\t\t\t\t<\/div>\n\t\t<\/section>\n\t\t\t\t<\/div>\n\t\t","protected":false},"excerpt":{"rendered":"<p>Les \u00e9tapes dela vie de foi La premi\u00e8re des communions &#8221; Moi, je suis le pain de la vie &#8221; (Jn 6, 48) La \u00ab premi\u00e8re communion \u00bb, comme son nom l\u2019indique, correspond \u00e0 la premi\u00e8re fois o\u00f9 un enfant re\u00e7oit le corps du Christ au cours d\u2019une Eucharistie. Elle signifie que l\u2019enfant est en &hellip;<\/p>\n<p class=\"read-more\"> <a class=\"\" href=\"https:\/\/massy-verrieres.catho91.fr\/index.php\/premiere_communion\/\"> <span class=\"screen-reader-text\">Premi\u00e8re communion<\/span> Lire la suite \u00bb<\/a><\/p>\n","protected":false},"author":1,"featured_media":0,"parent":0,"menu_order":0,"comment_status":"closed","ping_status":"closed","template":"","meta":{"_mc_calendar":[],"footnotes":""},"_links":{"self":[{"href":"https:\/\/massy-verrieres.catho91.fr\/index.php\/wp-json\/wp\/v2\/pages\/1038"}],"collection":[{"href":"https:\/\/massy-verrieres.catho91.fr\/index.php\/wp-json\/wp\/v2\/pages"}],"about":[{"href":"https:\/\/massy-verrieres.catho91.fr\/index.php\/wp-json\/wp\/v2\/types\/page"}],"author":[{"embeddable":true,"href":"https:\/\/massy-verrieres.catho91.fr\/index.php\/wp-json\/wp\/v2\/users\/1"}],"replies":[{"embeddable":true,"href":"https:\/\/massy-verrieres.catho91.fr\/index.php\/wp-json\/wp\/v2\/comments?post=1038"}],"version-history":[{"count":59,"href":"https:\/\/massy-verrieres.catho91.fr\/index.php\/wp-json\/wp\/v2\/pages\/1038\/revisions"}],"predecessor-version":[{"id":4772,"href":"https:\/\/massy-verrieres.catho91.fr\/index.php\/wp-json\/wp\/v2\/pages\/1038\/revisions\/4772"}],"wp:attachment":[{"href":"https:\/\/massy-verrieres.catho91.fr\/index.php\/wp-json\/wp\/v2\/media?parent=1038"}],"curies":[{"name":"wp","href":"https:\/\/api.w.org\/{rel}","templated":true}]}}