{"id":1073,"date":"2020-12-07T13:31:02","date_gmt":"2020-12-07T12:31:02","guid":{"rendered":"http:\/\/massy-verrieres.catho91.fr\/?page_id=1073"},"modified":"2022-02-26T14:48:14","modified_gmt":"2022-02-26T13:48:14","slug":"sacrement_malades","status":"publish","type":"page","link":"https:\/\/massy-verrieres.catho91.fr\/index.php\/sacrement_malades\/","title":{"rendered":"Sacrement malades"},"content":{"rendered":"\t\t<div data-elementor-type=\"wp-page\" data-elementor-id=\"1073\" class=\"elementor elementor-1073\">\n\t\t\t\t\t\t<section class=\"elementor-section elementor-top-section elementor-element elementor-element-aaae18a elementor-section-boxed elementor-section-height-default elementor-section-height-default\" data-id=\"aaae18a\" data-element_type=\"section\" data-settings=\"{&quot;background_background&quot;:&quot;classic&quot;}\">\n\t\t\t\t\t\t<div class=\"elementor-container elementor-column-gap-default\">\n\t\t\t\t\t<div class=\"elementor-column elementor-col-33 elementor-top-column elementor-element elementor-element-f7a9044\" data-id=\"f7a9044\" data-element_type=\"column\">\n\t\t\t<div class=\"elementor-widget-wrap elementor-element-populated\">\n\t\t\t\t\t\t<div class=\"elementor-element elementor-element-f5611f5 elementor-widget elementor-widget-image\" data-id=\"f5611f5\" data-element_type=\"widget\" data-widget_type=\"image.default\">\n\t\t\t\t<div class=\"elementor-widget-container\">\n\t\t\t\t\t\t\t\t\t\t\t\t\t<img fetchpriority=\"high\" decoding=\"async\" width=\"768\" height=\"767\" src=\"https:\/\/massy-verrieres.catho91.fr\/wp-content\/uploads\/2020\/12\/etapes01.png\" class=\"attachment-full size-full wp-image-1263\" alt=\"\" srcset=\"https:\/\/massy-verrieres.catho91.fr\/wp-content\/uploads\/2020\/12\/etapes01.png 768w, https:\/\/massy-verrieres.catho91.fr\/wp-content\/uploads\/2020\/12\/etapes01-300x300.png 300w, https:\/\/massy-verrieres.catho91.fr\/wp-content\/uploads\/2020\/12\/etapes01-150x150.png 150w\" sizes=\"(max-width: 768px) 100vw, 768px\" \/>\t\t\t\t\t\t\t\t\t\t\t\t\t<\/div>\n\t\t\t\t<\/div>\n\t\t\t\t\t<\/div>\n\t\t<\/div>\n\t\t\t\t<div class=\"elementor-column elementor-col-66 elementor-top-column elementor-element elementor-element-e5c173c\" data-id=\"e5c173c\" data-element_type=\"column\">\n\t\t\t<div class=\"elementor-widget-wrap elementor-element-populated\">\n\t\t\t\t\t\t<div class=\"elementor-element elementor-element-e20073e elementor-widget-divider--view-line_text elementor-widget-divider--element-align-center elementor-widget elementor-widget-divider\" data-id=\"e20073e\" data-element_type=\"widget\" data-widget_type=\"divider.default\">\n\t\t\t\t<div class=\"elementor-widget-container\">\n\t\t\t\t\t<div class=\"elementor-divider\">\n\t\t\t<span class=\"elementor-divider-separator\">\n\t\t\t\t\t\t\t<span class=\"elementor-divider__text elementor-divider__element\">\n\t\t\t\tLes \u00e9tapes de<br>la vie de foi\t\t\t\t<\/span>\n\t\t\t\t\t\t<\/span>\n\t\t<\/div>\n\t\t\t\t<\/div>\n\t\t\t\t<\/div>\n\t\t\t\t\t<\/div>\n\t\t<\/div>\n\t\t\t\t\t<\/div>\n\t\t<\/section>\n\t\t\t\t<section class=\"elementor-section elementor-top-section elementor-element elementor-element-f2e59c1 elementor-section-boxed elementor-section-height-default elementor-section-height-default\" data-id=\"f2e59c1\" data-element_type=\"section\">\n\t\t\t\t\t\t<div class=\"elementor-container elementor-column-gap-default\">\n\t\t\t\t\t<div class=\"elementor-column elementor-col-100 elementor-top-column elementor-element elementor-element-cc2d4be\" data-id=\"cc2d4be\" data-element_type=\"column\" data-settings=\"{&quot;background_background&quot;:&quot;classic&quot;}\">\n\t\t\t<div class=\"elementor-widget-wrap elementor-element-populated\">\n\t\t\t\t\t\t<div class=\"elementor-element elementor-element-9241f15 elementor-position-right elementor-vertical-align-top elementor-widget elementor-widget-image-box\" data-id=\"9241f15\" data-element_type=\"widget\" data-widget_type=\"image-box.default\">\n\t\t\t\t<div class=\"elementor-widget-container\">\n\t\t\t<div class=\"elementor-image-box-wrapper\"><figure class=\"elementor-image-box-img\"><img decoding=\"async\" width=\"300\" height=\"200\" src=\"https:\/\/massy-verrieres.catho91.fr\/wp-content\/uploads\/2020\/12\/onction-des-malades-300x200.jpg\" class=\"attachment-medium size-medium wp-image-1345\" alt=\"\" srcset=\"https:\/\/massy-verrieres.catho91.fr\/wp-content\/uploads\/2020\/12\/onction-des-malades-300x200.jpg 300w, https:\/\/massy-verrieres.catho91.fr\/wp-content\/uploads\/2020\/12\/onction-des-malades-1024x683.jpg 1024w, https:\/\/massy-verrieres.catho91.fr\/wp-content\/uploads\/2020\/12\/onction-des-malades-768x512.jpg 768w, https:\/\/massy-verrieres.catho91.fr\/wp-content\/uploads\/2020\/12\/onction-des-malades.jpg 1280w\" sizes=\"(max-width: 300px) 100vw, 300px\" \/><\/figure><div class=\"elementor-image-box-content\"><h3 class=\"elementor-image-box-title\">Le sacrement des malades<\/h3><p class=\"elementor-image-box-description\"><br>\u00ab&nbsp;Les deux s\u0153urs envoy\u00e8rent dire \u00e0 J\u00e9sus : Seigneur, celui que tu aimes est malade.&nbsp;\u00bb (Jn 11, 3) <\/p><\/div><\/div>\t\t<\/div>\n\t\t\t\t<\/div>\n\t\t\t\t<div class=\"elementor-element elementor-element-7c16fc4 elementor-widget elementor-widget-text-editor\" data-id=\"7c16fc4\" data-element_type=\"widget\" data-widget_type=\"text-editor.default\">\n\t\t\t\t<div class=\"elementor-widget-container\">\n\t\t\t\t\t\t\t<p>Le sacrement de l\u2019onction des malades est assez m\u00e9connu, souvent associ\u00e9 \u00e0 l\u2019extr\u00eame onction, et par cons\u00e9quent \u00e0 tout ce qui touche \u00e0 la mort et aux questions existentielles de l\u2019homme.<\/p><p>Le sacrement des malades est plus que ca ! Il a pour but de donner une aide sp\u00e9ciale au chr\u00e9tien confront\u00e9 aux difficult\u00e9s d\u2019une maladie grave ou de la vieillesse.<\/p><p><span style=\"text-decoration: underline;\"><strong>Qu&#8217;est-ce que le sacrement des malades ?<br \/><\/strong><\/span><\/p><p>C\u2019est le signe de la sollicitude du Christ pour les personnes affaiblies par la maladie, par la souffrance ou par l\u2019\u00e2ge.<\/p><p>C\u2019est un sacrement pour les vivants afin de les soutenir dans l\u2019\u00e9preuve de la maladie ou de la souffrance. C\u2019est le sacrement de la gr\u00e2ce offerte pour \u00eatre en paix, garder son courage, lutter contre le mal et continuer \u00e0 vivre sa foi.<\/p><p>Le chr\u00e9tien peut recevoir le sacrement des malades chaque fois qu\u2019il est atteint d\u2019une grave maladie. \u00ab Le m\u00eame fid\u00e8le peut le recevoir de nouveau plusieurs fois, si l\u2019on constate une aggravation de la maladie ou dans le cas d\u2019une autre maladie grave. \u00bb (Abr\u00e9g\u00e9 du Cat\u00e9chisme de l\u2019Eglise Catholique n. 316)<\/p><p>C\u2019est le sacrement de la pr\u00e9sence du Seigneur \u00e0 nos c\u00f4t\u00e9s dans les moments d\u2019\u00e9preuve que sont la maladie ou la vieillesse.<\/p><p>La c\u00e9l\u00e9bration de ce sacrement consiste en l\u2019onction d\u2019huile b\u00e9nite sur le front et en l\u2019imposition des mains.<\/p><p>Cette huile, consacr\u00e9e par l\u2019\u00e9v\u00eaque lors de la messe chrismale annuelle, apporte force et douceur. Elle p\u00e9n\u00e8tre la peau, r\u00e9pand sa bonne odeur, fortifie le corps.<\/p><p>Si vous d\u00e9sirez recevoir le sacrement des malades, vous pouvez le demander aux pr\u00eatres du secteur<\/p>\t\t\t\t\t\t<\/div>\n\t\t\t\t<\/div>\n\t\t\t\t\t<\/div>\n\t\t<\/div>\n\t\t\t\t\t<\/div>\n\t\t<\/section>\n\t\t\t\t<section class=\"elementor-section elementor-top-section elementor-element elementor-element-ef5f89e elementor-section-boxed elementor-section-height-default elementor-section-height-default\" data-id=\"ef5f89e\" data-element_type=\"section\">\n\t\t\t\t\t\t<div class=\"elementor-container elementor-column-gap-default\">\n\t\t\t\t\t<div class=\"elementor-column elementor-col-100 elementor-top-column elementor-element elementor-element-a81517a\" data-id=\"a81517a\" data-element_type=\"column\">\n\t\t\t<div class=\"elementor-widget-wrap elementor-element-populated\">\n\t\t\t\t\t\t<div class=\"elementor-element elementor-element-afe4dae elementor-widget elementor-widget-spacer\" data-id=\"afe4dae\" data-element_type=\"widget\" data-widget_type=\"spacer.default\">\n\t\t\t\t<div class=\"elementor-widget-container\">\n\t\t\t\t\t<div class=\"elementor-spacer\">\n\t\t\t<div class=\"elementor-spacer-inner\"><\/div>\n\t\t<\/div>\n\t\t\t\t<\/div>\n\t\t\t\t<\/div>\n\t\t\t\t\t<\/div>\n\t\t<\/div>\n\t\t\t\t\t<\/div>\n\t\t<\/section>\n\t\t\t\t<section class=\"elementor-section elementor-top-section elementor-element elementor-element-aa3fafd elementor-section-boxed elementor-section-height-default elementor-section-height-default\" data-id=\"aa3fafd\" data-element_type=\"section\">\n\t\t\t\t\t\t<div class=\"elementor-container elementor-column-gap-default\">\n\t\t\t\t\t<div class=\"elementor-column elementor-col-100 elementor-top-column elementor-element elementor-element-860ef53\" data-id=\"860ef53\" data-element_type=\"column\" data-settings=\"{&quot;background_background&quot;:&quot;classic&quot;}\">\n\t\t\t<div class=\"elementor-widget-wrap elementor-element-populated\">\n\t\t\t\t\t\t<div class=\"elementor-element elementor-element-0ad8e92 elementor-widget elementor-widget-text-editor\" data-id=\"0ad8e92\" data-element_type=\"widget\" data-widget_type=\"text-editor.default\">\n\t\t\t\t<div class=\"elementor-widget-container\">\n\t\t\t\t\t\t\t<h4><span style=\"color: #000000;\">Vous souhaitez parler \u00e0 un pr\u00eatre ou \u00e0 une personne de confiance ; remplissez le formulaire ci-dessous, vous serez contact\u00e9 rapidement :<\/span><\/h4>\t\t\t\t\t\t<\/div>\n\t\t\t\t<\/div>\n\t\t\t\t<div class=\"elementor-element elementor-element-e01e77a e-transform elementor-widget elementor-widget-wp-widget-wpforms-widget\" data-id=\"e01e77a\" data-element_type=\"widget\" data-settings=\"{&quot;_transform_scale_effect&quot;:{&quot;unit&quot;:&quot;px&quot;,&quot;size&quot;:0.8,&quot;sizes&quot;:[]},&quot;_transform_scale_effect_tablet&quot;:{&quot;unit&quot;:&quot;px&quot;,&quot;size&quot;:&quot;&quot;,&quot;sizes&quot;:[]},&quot;_transform_scale_effect_mobile&quot;:{&quot;unit&quot;:&quot;px&quot;,&quot;size&quot;:&quot;&quot;,&quot;sizes&quot;:[]}}\" data-widget_type=\"wp-widget-wpforms-widget.default\">\n\t\t\t\t<div class=\"elementor-widget-container\">\n\t\t\t<div class=\"wpforms-container wpforms-container-full\" id=\"wpforms-2237\"><form id=\"wpforms-form-2237\" class=\"wpforms-validate wpforms-form\" data-formid=\"2237\" method=\"post\" enctype=\"multipart\/form-data\" action=\"\/index.php\/wp-json\/wp\/v2\/pages\/1073\" data-token=\"21b36b8b59190113a1b92686ed040e87\" data-token-time=\"1775565848\"><noscript class=\"wpforms-error-noscript\">Veuillez activer JavaScript dans votre navigateur pour remplir ce formulaire.<\/noscript><div class=\"wpforms-field-container\"><div id=\"wpforms-2237-field_0-container\" class=\"wpforms-field wpforms-field-name\" data-field-id=\"0\"><label class=\"wpforms-field-label\" for=\"wpforms-2237-field_0\">Votre identit\u00e9 <span class=\"wpforms-required-label\">*<\/span><\/label><div class=\"wpforms-field-row wpforms-field-medium\"><div class=\"wpforms-field-row-block wpforms-first wpforms-one-half\"><input type=\"text\" id=\"wpforms-2237-field_0\" class=\"wpforms-field-name-first wpforms-field-required\" name=\"wpforms[fields][0][first]\" required><label for=\"wpforms-2237-field_0\" class=\"wpforms-field-sublabel after\">Pr\u00e9nom<\/label><\/div><div class=\"wpforms-field-row-block wpforms-one-half\"><input type=\"text\" id=\"wpforms-2237-field_0-last\" class=\"wpforms-field-name-last wpforms-field-required\" name=\"wpforms[fields][0][last]\" required><label for=\"wpforms-2237-field_0-last\" class=\"wpforms-field-sublabel after\">Nom<\/label><\/div><\/div><\/div><div id=\"wpforms-2237-field_4-container\" class=\"wpforms-field wpforms-field-text\" data-field-id=\"4\"><label class=\"wpforms-field-label\" for=\"wpforms-2237-field_4\">Votre adresse email ou votre num\u00e9ro de t\u00e9l\u00e9phone<\/label><input type=\"text\" id=\"wpforms-2237-field_4\" class=\"wpforms-field-medium\" name=\"wpforms[fields][4]\" ><\/div><div id=\"wpforms-2237-field_3-container\" class=\"wpforms-field wpforms-field-select wpforms-field-select-style-classic\" data-field-id=\"3\"><label class=\"wpforms-field-label\" for=\"wpforms-2237-field_3\">Pr\u00e9cisez votre paroisse <span class=\"wpforms-required-label\">*<\/span><\/label><select id=\"wpforms-2237-field_3\" class=\"wpforms-field-medium wpforms-field-required\" name=\"wpforms[fields][3]\" required=\"required\"><option value=\"--- entrez le nom de votre paroisse ---\" >--- entrez le nom de votre paroisse ---<\/option><option value=\"Verri\u00e8res le Buisson\" >Verri\u00e8res le Buisson<\/option><option value=\"Massy - Sainte Marie Madeleine\" >Massy - Sainte Marie Madeleine<\/option><option value=\"Massy - Saint Paul\" >Massy - Saint Paul<\/option><option value=\"Massy - Saint Esprit\" >Massy - Saint Esprit<\/option><\/select><\/div><div id=\"wpforms-2237-field_2-container\" class=\"wpforms-field wpforms-field-textarea\" data-field-id=\"2\"><label class=\"wpforms-field-label\" for=\"wpforms-2237-field_2\">Votre message <span class=\"wpforms-required-label\">*<\/span><\/label><textarea id=\"wpforms-2237-field_2\" class=\"wpforms-field-medium wpforms-field-required\" name=\"wpforms[fields][2]\" required><\/textarea><\/div><\/div><!-- .wpforms-field-container --><div class=\"wpforms-recaptcha-container wpforms-is-recaptcha wpforms-is-recaptcha-type-v2\" ><div class=\"g-recaptcha\" data-sitekey=\"6LfMxf8ZAAAAADaD_41itEi-GdfkI-U3M_DndmLY\"><\/div><input type=\"text\" name=\"g-recaptcha-hidden\" class=\"wpforms-recaptcha-hidden\" style=\"position:absolute!important;clip:rect(0,0,0,0)!important;height:1px!important;width:1px!important;border:0!important;overflow:hidden!important;padding:0!important;margin:0!important;\" data-rule-recaptcha=\"1\"><\/div><div class=\"wpforms-submit-container\" ><input type=\"hidden\" name=\"wpforms[id]\" value=\"2237\"><input type=\"hidden\" name=\"page_title\" value=\"\"><input type=\"hidden\" name=\"page_url\" value=\"https:\/\/massy-verrieres.catho91.fr\/index.php\/wp-json\/wp\/v2\/pages\/1073\"><button type=\"submit\" name=\"wpforms[submit]\" id=\"wpforms-submit-2237\" class=\"wpforms-submit\" data-alt-text=\"Envoi en cours ...\" data-submit-text=\"Envoyer le message\" aria-live=\"assertive\" value=\"wpforms-submit\">Envoyer le message<\/button><\/div><\/form><\/div>  <!-- .wpforms-container -->\t\t<\/div>\n\t\t\t\t<\/div>\n\t\t\t\t\t<\/div>\n\t\t<\/div>\n\t\t\t\t\t<\/div>\n\t\t<\/section>\n\t\t\t\t<section class=\"elementor-section elementor-top-section elementor-element elementor-element-8101fb6 elementor-section-boxed elementor-section-height-default elementor-section-height-default\" data-id=\"8101fb6\" data-element_type=\"section\">\n\t\t\t\t\t\t<div class=\"elementor-container elementor-column-gap-default\">\n\t\t\t\t\t<div class=\"elementor-column elementor-col-100 elementor-top-column elementor-element elementor-element-ac1edfb\" data-id=\"ac1edfb\" data-element_type=\"column\">\n\t\t\t<div class=\"elementor-widget-wrap elementor-element-populated\">\n\t\t\t\t\t\t<div class=\"elementor-element elementor-element-73f72ab elementor-widget-divider--view-line elementor-widget elementor-widget-divider\" data-id=\"73f72ab\" data-element_type=\"widget\" data-widget_type=\"divider.default\">\n\t\t\t\t<div class=\"elementor-widget-container\">\n\t\t\t\t\t<div class=\"elementor-divider\">\n\t\t\t<span class=\"elementor-divider-separator\">\n\t\t\t\t\t\t<\/span>\n\t\t<\/div>\n\t\t\t\t<\/div>\n\t\t\t\t<\/div>\n\t\t\t\t<div class=\"elementor-element elementor-element-341b11d elementor-widget elementor-widget-heading\" data-id=\"341b11d\" data-element_type=\"widget\" data-widget_type=\"heading.default\">\n\t\t\t\t<div class=\"elementor-widget-container\">\n\t\t\t<h2 class=\"elementor-heading-title elementor-size-default\"><a href=\"http:\/\/massy-verrieres.catho91.fr\/index.php\/vie_de_foi\/\">Retour aux \u00e9tapes de la vie de foi<\/a><\/h2>\t\t<\/div>\n\t\t\t\t<\/div>\n\t\t\t\t\t<\/div>\n\t\t<\/div>\n\t\t\t\t\t<\/div>\n\t\t<\/section>\n\t\t\t\t<\/div>\n\t\t","protected":false},"excerpt":{"rendered":"<p>Les \u00e9tapes dela vie de foi Le sacrement des malades \u00ab&nbsp;Les deux s\u0153urs envoy\u00e8rent dire \u00e0 J\u00e9sus : Seigneur, celui que tu aimes est malade.&nbsp;\u00bb (Jn 11, 3) Le sacrement de l\u2019onction des malades est assez m\u00e9connu, souvent associ\u00e9 \u00e0 l\u2019extr\u00eame onction, et par cons\u00e9quent \u00e0 tout ce qui touche \u00e0 la mort et aux &hellip;<\/p>\n<p class=\"read-more\"> <a class=\"\" href=\"https:\/\/massy-verrieres.catho91.fr\/index.php\/sacrement_malades\/\"> <span class=\"screen-reader-text\">Sacrement malades<\/span> Lire la suite \u00bb<\/a><\/p>\n","protected":false},"author":1,"featured_media":0,"parent":0,"menu_order":0,"comment_status":"closed","ping_status":"closed","template":"","meta":{"_mc_calendar":[],"footnotes":""},"_links":{"self":[{"href":"https:\/\/massy-verrieres.catho91.fr\/index.php\/wp-json\/wp\/v2\/pages\/1073"}],"collection":[{"href":"https:\/\/massy-verrieres.catho91.fr\/index.php\/wp-json\/wp\/v2\/pages"}],"about":[{"href":"https:\/\/massy-verrieres.catho91.fr\/index.php\/wp-json\/wp\/v2\/types\/page"}],"author":[{"embeddable":true,"href":"https:\/\/massy-verrieres.catho91.fr\/index.php\/wp-json\/wp\/v2\/users\/1"}],"replies":[{"embeddable":true,"href":"https:\/\/massy-verrieres.catho91.fr\/index.php\/wp-json\/wp\/v2\/comments?post=1073"}],"version-history":[{"count":51,"href":"https:\/\/massy-verrieres.catho91.fr\/index.php\/wp-json\/wp\/v2\/pages\/1073\/revisions"}],"predecessor-version":[{"id":3898,"href":"https:\/\/massy-verrieres.catho91.fr\/index.php\/wp-json\/wp\/v2\/pages\/1073\/revisions\/3898"}],"wp:attachment":[{"href":"https:\/\/massy-verrieres.catho91.fr\/index.php\/wp-json\/wp\/v2\/media?parent=1073"}],"curies":[{"name":"wp","href":"https:\/\/api.w.org\/{rel}","templated":true}]}}