{"id":144,"date":"2020-08-07T21:17:31","date_gmt":"2020-08-07T19:17:31","guid":{"rendered":"http:\/\/massy-verrieres.catho91.fr\/?page_id=144"},"modified":"2021-11-14T18:44:24","modified_gmt":"2021-11-14T17:44:24","slug":"revenir-dans-leglise","status":"publish","type":"page","link":"https:\/\/massy-verrieres.catho91.fr\/index.php\/revenir-dans-leglise\/","title":{"rendered":"Recommencants"},"content":{"rendered":"\t\t<div data-elementor-type=\"wp-page\" data-elementor-id=\"144\" class=\"elementor elementor-144\">\n\t\t\t\t\t\t<section class=\"elementor-section elementor-top-section elementor-element elementor-element-692d6cb elementor-section-boxed elementor-section-height-default elementor-section-height-default\" data-id=\"692d6cb\" data-element_type=\"section\" data-settings=\"{&quot;background_background&quot;:&quot;classic&quot;}\">\n\t\t\t\t\t\t<div class=\"elementor-container elementor-column-gap-default\">\n\t\t\t\t\t<div class=\"elementor-column elementor-col-33 elementor-top-column elementor-element elementor-element-1ac5f3b\" data-id=\"1ac5f3b\" data-element_type=\"column\">\n\t\t\t<div class=\"elementor-widget-wrap elementor-element-populated\">\n\t\t\t\t\t\t<div class=\"elementor-element elementor-element-3212c48 elementor-widget elementor-widget-image\" data-id=\"3212c48\" data-element_type=\"widget\" data-widget_type=\"image.default\">\n\t\t\t\t<div class=\"elementor-widget-container\">\n\t\t\t\t\t\t\t\t\t\t\t\t\t<img fetchpriority=\"high\" decoding=\"async\" width=\"768\" height=\"768\" src=\"https:\/\/massy-verrieres.catho91.fr\/wp-content\/uploads\/2020\/12\/revenir01.png\" class=\"attachment-full size-full wp-image-1274\" alt=\"\" srcset=\"https:\/\/massy-verrieres.catho91.fr\/wp-content\/uploads\/2020\/12\/revenir01.png 768w, https:\/\/massy-verrieres.catho91.fr\/wp-content\/uploads\/2020\/12\/revenir01-300x300.png 300w, https:\/\/massy-verrieres.catho91.fr\/wp-content\/uploads\/2020\/12\/revenir01-150x150.png 150w\" sizes=\"(max-width: 768px) 100vw, 768px\" \/>\t\t\t\t\t\t\t\t\t\t\t\t\t<\/div>\n\t\t\t\t<\/div>\n\t\t\t\t\t<\/div>\n\t\t<\/div>\n\t\t\t\t<div class=\"elementor-column elementor-col-66 elementor-top-column elementor-element elementor-element-3fe4302\" data-id=\"3fe4302\" data-element_type=\"column\">\n\t\t\t<div class=\"elementor-widget-wrap elementor-element-populated\">\n\t\t\t\t\t\t<div class=\"elementor-element elementor-element-8441931 elementor-widget-divider--view-line_text elementor-widget-divider--element-align-center elementor-widget elementor-widget-divider\" data-id=\"8441931\" data-element_type=\"widget\" data-widget_type=\"divider.default\">\n\t\t\t\t<div class=\"elementor-widget-container\">\n\t\t\t\t\t<div class=\"elementor-divider\">\n\t\t\t<span class=\"elementor-divider-separator\">\n\t\t\t\t\t\t\t<span class=\"elementor-divider__text elementor-divider__element\">\n\t\t\t\tRevenir<br>dans l'\u00c9glise\t\t\t\t<\/span>\n\t\t\t\t\t\t<\/span>\n\t\t<\/div>\n\t\t\t\t<\/div>\n\t\t\t\t<\/div>\n\t\t\t\t\t<\/div>\n\t\t<\/div>\n\t\t\t\t\t<\/div>\n\t\t<\/section>\n\t\t\t\t<section class=\"elementor-section elementor-top-section elementor-element elementor-element-dd9fc0b elementor-section-boxed elementor-section-height-default elementor-section-height-default\" data-id=\"dd9fc0b\" data-element_type=\"section\">\n\t\t\t\t\t\t<div class=\"elementor-container elementor-column-gap-default\">\n\t\t\t\t\t<div class=\"elementor-column elementor-col-100 elementor-top-column elementor-element elementor-element-3db403e\" data-id=\"3db403e\" data-element_type=\"column\" data-settings=\"{&quot;background_background&quot;:&quot;classic&quot;}\">\n\t\t\t<div class=\"elementor-widget-wrap elementor-element-populated\">\n\t\t\t\t\t\t<div class=\"elementor-element elementor-element-7e68927 elementor-widget elementor-widget-text-editor\" data-id=\"7e68927\" data-element_type=\"widget\" data-widget_type=\"text-editor.default\">\n\t\t\t\t<div class=\"elementor-widget-container\">\n\t\t\t\t\t\t\t<h3>Vous n&#8217;\u00eates pas baptis\u00e9s et vous \u00eates attir\u00e9s par la foi chr\u00e9tienne :<\/h3>\t\t\t\t\t\t<\/div>\n\t\t\t\t<\/div>\n\t\t\t\t<section class=\"elementor-section elementor-inner-section elementor-element elementor-element-96c2635 elementor-section-boxed elementor-section-height-default elementor-section-height-default\" data-id=\"96c2635\" data-element_type=\"section\">\n\t\t\t\t\t\t<div class=\"elementor-container elementor-column-gap-default\">\n\t\t\t\t\t<div class=\"elementor-column elementor-col-50 elementor-inner-column elementor-element elementor-element-cd29cc9\" data-id=\"cd29cc9\" data-element_type=\"column\">\n\t\t\t<div class=\"elementor-widget-wrap\">\n\t\t\t\t\t\t\t<\/div>\n\t\t<\/div>\n\t\t\t\t<div class=\"elementor-column elementor-col-50 elementor-inner-column elementor-element elementor-element-b1a1411\" data-id=\"b1a1411\" data-element_type=\"column\">\n\t\t\t<div class=\"elementor-widget-wrap elementor-element-populated\">\n\t\t\t\t\t\t<div class=\"elementor-element elementor-element-3ce897b elementor-widget elementor-widget-text-editor\" data-id=\"3ce897b\" data-element_type=\"widget\" data-widget_type=\"text-editor.default\">\n\t\t\t\t<div class=\"elementor-widget-container\">\n\t\t\t\t\t\t\t<ul><li>Vous \u00eates d&#8217;une <a href=\"http:\/\/massy-verrieres.catho91.fr\/index.php\/salut_pour_tous\/\">autre religion<\/a>, et souhaitez parler de la foi chr\u00e9tienne<\/li><li>Vous souhaitez\u00a0 <a href=\"http:\/\/massy-verrieres.catho91.fr\/index.php\/sos\/\">rencontrer une personne<\/a> pour parler de la foi <\/li><li>Vous souhaitez vous faire <a href=\"http:\/\/massy-verrieres.catho91.fr\/index.php\/catechumenat_adulte\/\">baptiser<\/a><\/li><\/ul>\t\t\t\t\t\t<\/div>\n\t\t\t\t<\/div>\n\t\t\t\t\t<\/div>\n\t\t<\/div>\n\t\t\t\t\t<\/div>\n\t\t<\/section>\n\t\t\t\t\t<\/div>\n\t\t<\/div>\n\t\t\t\t\t<\/div>\n\t\t<\/section>\n\t\t\t\t<section class=\"elementor-section elementor-top-section elementor-element elementor-element-f3c5af2 elementor-section-boxed elementor-section-height-default elementor-section-height-default\" data-id=\"f3c5af2\" data-element_type=\"section\">\n\t\t\t\t\t\t<div class=\"elementor-container elementor-column-gap-default\">\n\t\t\t\t\t<div class=\"elementor-column elementor-col-100 elementor-top-column elementor-element elementor-element-fe7d738\" data-id=\"fe7d738\" data-element_type=\"column\" data-settings=\"{&quot;background_background&quot;:&quot;classic&quot;}\">\n\t\t\t<div class=\"elementor-widget-wrap elementor-element-populated\">\n\t\t\t\t\t\t<div class=\"elementor-element elementor-element-9064253 elementor-widget elementor-widget-text-editor\" data-id=\"9064253\" data-element_type=\"widget\" data-widget_type=\"text-editor.default\">\n\t\t\t\t<div class=\"elementor-widget-container\">\n\t\t\t\t\t\t\t<h3>Vous \u00eates divorc\u00e9s ou s\u00e9par\u00e9s :<\/h3>\t\t\t\t\t\t<\/div>\n\t\t\t\t<\/div>\n\t\t\t\t<section class=\"elementor-section elementor-inner-section elementor-element elementor-element-5c92e14 elementor-section-boxed elementor-section-height-default elementor-section-height-default\" data-id=\"5c92e14\" data-element_type=\"section\">\n\t\t\t\t\t\t<div class=\"elementor-container elementor-column-gap-default\">\n\t\t\t\t\t<div class=\"elementor-column elementor-col-50 elementor-inner-column elementor-element elementor-element-64352ff\" data-id=\"64352ff\" data-element_type=\"column\">\n\t\t\t<div class=\"elementor-widget-wrap\">\n\t\t\t\t\t\t\t<\/div>\n\t\t<\/div>\n\t\t\t\t<div class=\"elementor-column elementor-col-50 elementor-inner-column elementor-element elementor-element-65060e2\" data-id=\"65060e2\" data-element_type=\"column\">\n\t\t\t<div class=\"elementor-widget-wrap elementor-element-populated\">\n\t\t\t\t\t\t<div class=\"elementor-element elementor-element-f4fb6eb elementor-widget elementor-widget-text-editor\" data-id=\"f4fb6eb\" data-element_type=\"widget\" data-widget_type=\"text-editor.default\">\n\t\t\t\t<div class=\"elementor-widget-container\">\n\t\t\t\t\t\t\t<ul><li><a href=\"http:\/\/massy-verrieres.catho91.fr\/index.php\/divorces_separes\/\">Vous souhaitez en parler<\/a> en toute bienveillance<\/li><\/ul>\t\t\t\t\t\t<\/div>\n\t\t\t\t<\/div>\n\t\t\t\t\t<\/div>\n\t\t<\/div>\n\t\t\t\t\t<\/div>\n\t\t<\/section>\n\t\t\t\t\t<\/div>\n\t\t<\/div>\n\t\t\t\t\t<\/div>\n\t\t<\/section>\n\t\t\t\t<section class=\"elementor-section elementor-top-section elementor-element elementor-element-e139109 elementor-section-boxed elementor-section-height-default elementor-section-height-default\" data-id=\"e139109\" data-element_type=\"section\">\n\t\t\t\t\t\t<div class=\"elementor-container elementor-column-gap-default\">\n\t\t\t\t\t<div class=\"elementor-column elementor-col-100 elementor-top-column elementor-element elementor-element-4fcc2c2\" data-id=\"4fcc2c2\" data-element_type=\"column\" data-settings=\"{&quot;background_background&quot;:&quot;classic&quot;}\">\n\t\t\t<div class=\"elementor-widget-wrap elementor-element-populated\">\n\t\t\t\t\t\t<div class=\"elementor-element elementor-element-81167e8 elementor-widget elementor-widget-text-editor\" data-id=\"81167e8\" data-element_type=\"widget\" data-widget_type=\"text-editor.default\">\n\t\t\t\t<div class=\"elementor-widget-container\">\n\t\t\t\t\t\t\t<h3>Vous voulez reprendre une vie de foi :<\/h3>\t\t\t\t\t\t<\/div>\n\t\t\t\t<\/div>\n\t\t\t\t<section class=\"elementor-section elementor-inner-section elementor-element elementor-element-1b136bc elementor-section-boxed elementor-section-height-default elementor-section-height-default\" data-id=\"1b136bc\" data-element_type=\"section\">\n\t\t\t\t\t\t<div class=\"elementor-container elementor-column-gap-default\">\n\t\t\t\t\t<div class=\"elementor-column elementor-col-50 elementor-inner-column elementor-element elementor-element-e33e2f4\" data-id=\"e33e2f4\" data-element_type=\"column\">\n\t\t\t<div class=\"elementor-widget-wrap\">\n\t\t\t\t\t\t\t<\/div>\n\t\t<\/div>\n\t\t\t\t<div class=\"elementor-column elementor-col-50 elementor-inner-column elementor-element elementor-element-a2e4cde\" data-id=\"a2e4cde\" data-element_type=\"column\">\n\t\t\t<div class=\"elementor-widget-wrap elementor-element-populated\">\n\t\t\t\t\t\t<div class=\"elementor-element elementor-element-6035db2 elementor-widget elementor-widget-text-editor\" data-id=\"6035db2\" data-element_type=\"widget\" data-widget_type=\"text-editor.default\">\n\t\t\t\t<div class=\"elementor-widget-container\">\n\t\t\t\t\t\t\t<ul><li>Vous avez perdu contact avec les rites, les sacrements et vous aimeriez un <a href=\"http:\/\/massy-verrieres.catho91.fr\/index.php\/elementor-2101\/\">accompagnement<\/a> pour renouer avec l&#8217;Eglise catholique<\/li><li>Vous voulez recevoir le sacrement de <a href=\"http:\/\/massy-verrieres.catho91.fr\/index.php\/confession\/\">r\u00e9conciliation<\/a>, le sacrement des <a href=\"http:\/\/massy-verrieres.catho91.fr\/index.php\/sacrement_malades\/\">malades<\/a>, ou revenir <a href=\"http:\/\/massy-verrieres.catho91.fr\/index.php\/eucharistie\/\">\u00e0 la messe<\/a>,<\/li><li>Vous aimeriez rejoindre un <a href=\"http:\/\/massy-verrieres.catho91.fr\/index.php\/movt_eglise_spirituels\/\">groupe de r\u00e9flexion<\/a><\/li><li>Vous voudriez rejoindre un groupe de pri\u00e8re (<a href=\"http:\/\/massy-verrieres.catho91.fr\/index.php\/chapelet\/\">chapelet<\/a>, <a href=\"http:\/\/massy-verrieres.catho91.fr\/index.php\/adoration\/\">adoration<\/a>, <a href=\"http:\/\/massy-verrieres.catho91.fr\/index.php\/priere_charismatique\/\">pri\u00e8re charismatique<\/a>)<\/li><\/ul>\t\t\t\t\t\t<\/div>\n\t\t\t\t<\/div>\n\t\t\t\t\t<\/div>\n\t\t<\/div>\n\t\t\t\t\t<\/div>\n\t\t<\/section>\n\t\t\t\t\t<\/div>\n\t\t<\/div>\n\t\t\t\t\t<\/div>\n\t\t<\/section>\n\t\t\t\t<\/div>\n\t\t","protected":false},"excerpt":{"rendered":"<p>Revenirdans l&#8217;\u00c9glise Vous n&#8217;\u00eates pas baptis\u00e9s et vous \u00eates attir\u00e9s par la foi chr\u00e9tienne : Vous \u00eates d&#8217;une autre religion, et souhaitez parler de la foi chr\u00e9tienne Vous souhaitez\u00a0 rencontrer une personne pour parler de la foi Vous souhaitez vous faire baptiser Vous \u00eates divorc\u00e9s ou s\u00e9par\u00e9s : Vous souhaitez en parler en toute bienveillance &hellip;<\/p>\n<p class=\"read-more\"> <a class=\"\" href=\"https:\/\/massy-verrieres.catho91.fr\/index.php\/revenir-dans-leglise\/\"> <span class=\"screen-reader-text\">Recommencants<\/span> Lire la suite \u00bb<\/a><\/p>\n","protected":false},"author":1,"featured_media":0,"parent":0,"menu_order":0,"comment_status":"closed","ping_status":"closed","template":"","meta":{"_mc_calendar":[],"footnotes":""},"_links":{"self":[{"href":"https:\/\/massy-verrieres.catho91.fr\/index.php\/wp-json\/wp\/v2\/pages\/144"}],"collection":[{"href":"https:\/\/massy-verrieres.catho91.fr\/index.php\/wp-json\/wp\/v2\/pages"}],"about":[{"href":"https:\/\/massy-verrieres.catho91.fr\/index.php\/wp-json\/wp\/v2\/types\/page"}],"author":[{"embeddable":true,"href":"https:\/\/massy-verrieres.catho91.fr\/index.php\/wp-json\/wp\/v2\/users\/1"}],"replies":[{"embeddable":true,"href":"https:\/\/massy-verrieres.catho91.fr\/index.php\/wp-json\/wp\/v2\/comments?post=144"}],"version-history":[{"count":52,"href":"https:\/\/massy-verrieres.catho91.fr\/index.php\/wp-json\/wp\/v2\/pages\/144\/revisions"}],"predecessor-version":[{"id":3134,"href":"https:\/\/massy-verrieres.catho91.fr\/index.php\/wp-json\/wp\/v2\/pages\/144\/revisions\/3134"}],"wp:attachment":[{"href":"https:\/\/massy-verrieres.catho91.fr\/index.php\/wp-json\/wp\/v2\/media?parent=144"}],"curies":[{"name":"wp","href":"https:\/\/api.w.org\/{rel}","templated":true}]}}