{"id":160,"date":"2020-08-07T21:30:35","date_gmt":"2020-08-07T19:30:35","guid":{"rendered":"http:\/\/massy-verrieres.catho91.fr\/?page_id=160"},"modified":"2023-12-21T18:47:15","modified_gmt":"2023-12-21T17:47:15","slug":"vie_de_foi","status":"publish","type":"page","link":"https:\/\/massy-verrieres.catho91.fr\/index.php\/vie_de_foi\/","title":{"rendered":"Vie de foi"},"content":{"rendered":"\t\t<div data-elementor-type=\"wp-page\" data-elementor-id=\"160\" class=\"elementor elementor-160\">\n\t\t\t\t\t\t<section class=\"elementor-section elementor-top-section elementor-element elementor-element-0d83c3b elementor-section-boxed elementor-section-height-default elementor-section-height-default\" data-id=\"0d83c3b\" data-element_type=\"section\" data-settings=\"{&quot;background_background&quot;:&quot;classic&quot;}\">\n\t\t\t\t\t\t<div class=\"elementor-container elementor-column-gap-default\">\n\t\t\t\t\t<div class=\"elementor-column elementor-col-33 elementor-top-column elementor-element elementor-element-8c30970\" data-id=\"8c30970\" data-element_type=\"column\">\n\t\t\t<div class=\"elementor-widget-wrap elementor-element-populated\">\n\t\t\t\t\t\t<div class=\"elementor-element elementor-element-44e8838 elementor-widget elementor-widget-image\" data-id=\"44e8838\" data-element_type=\"widget\" data-widget_type=\"image.default\">\n\t\t\t\t<div class=\"elementor-widget-container\">\n\t\t\t\t\t\t\t\t\t\t\t\t\t<img fetchpriority=\"high\" decoding=\"async\" width=\"768\" height=\"767\" src=\"https:\/\/massy-verrieres.catho91.fr\/wp-content\/uploads\/2020\/12\/etapes01.png\" class=\"attachment-full size-full wp-image-1263\" alt=\"\" srcset=\"https:\/\/massy-verrieres.catho91.fr\/wp-content\/uploads\/2020\/12\/etapes01.png 768w, https:\/\/massy-verrieres.catho91.fr\/wp-content\/uploads\/2020\/12\/etapes01-300x300.png 300w, https:\/\/massy-verrieres.catho91.fr\/wp-content\/uploads\/2020\/12\/etapes01-150x150.png 150w\" sizes=\"(max-width: 768px) 100vw, 768px\" \/>\t\t\t\t\t\t\t\t\t\t\t\t\t<\/div>\n\t\t\t\t<\/div>\n\t\t\t\t\t<\/div>\n\t\t<\/div>\n\t\t\t\t<div class=\"elementor-column elementor-col-66 elementor-top-column elementor-element elementor-element-a12ceed\" data-id=\"a12ceed\" data-element_type=\"column\">\n\t\t\t<div class=\"elementor-widget-wrap elementor-element-populated\">\n\t\t\t\t\t\t<div class=\"elementor-element elementor-element-523b2f6 elementor-widget-divider--view-line_text elementor-widget-divider--element-align-center elementor-widget elementor-widget-divider\" data-id=\"523b2f6\" data-element_type=\"widget\" data-widget_type=\"divider.default\">\n\t\t\t\t<div class=\"elementor-widget-container\">\n\t\t\t\t\t<div class=\"elementor-divider\">\n\t\t\t<span class=\"elementor-divider-separator\">\n\t\t\t\t\t\t\t<span class=\"elementor-divider__text elementor-divider__element\">\n\t\t\t\tLes \u00e9tapes de<br>la vie de foi\t\t\t\t<\/span>\n\t\t\t\t\t\t<\/span>\n\t\t<\/div>\n\t\t\t\t<\/div>\n\t\t\t\t<\/div>\n\t\t\t\t\t<\/div>\n\t\t<\/div>\n\t\t\t\t\t<\/div>\n\t\t<\/section>\n\t\t\t\t<section class=\"elementor-section elementor-top-section elementor-element elementor-element-ecb94d2 elementor-section-boxed elementor-section-height-default elementor-section-height-default\" data-id=\"ecb94d2\" data-element_type=\"section\">\n\t\t\t\t\t\t<div class=\"elementor-container elementor-column-gap-default\">\n\t\t\t\t\t<div class=\"elementor-column elementor-col-100 elementor-top-column elementor-element elementor-element-1e32534\" data-id=\"1e32534\" data-element_type=\"column\" data-settings=\"{&quot;background_background&quot;:&quot;classic&quot;}\">\n\t\t\t<div class=\"elementor-widget-wrap elementor-element-populated\">\n\t\t\t\t\t\t<section class=\"elementor-section elementor-inner-section elementor-element elementor-element-b090532 elementor-section-boxed elementor-section-height-default elementor-section-height-default\" data-id=\"b090532\" data-element_type=\"section\">\n\t\t\t\t\t\t<div class=\"elementor-container elementor-column-gap-default\">\n\t\t\t\t\t<div class=\"elementor-column elementor-col-50 elementor-inner-column elementor-element elementor-element-94851f0\" data-id=\"94851f0\" data-element_type=\"column\">\n\t\t\t<div class=\"elementor-widget-wrap elementor-element-populated\">\n\t\t\t\t\t\t<div class=\"elementor-element elementor-element-ea64c67 elementor-widget elementor-widget-heading\" data-id=\"ea64c67\" data-element_type=\"widget\" data-widget_type=\"heading.default\">\n\t\t\t\t<div class=\"elementor-widget-container\">\n\t\t\t<h2 class=\"elementor-heading-title elementor-size-default\">Les 7 sacrements de l'\u00e9glise<\/h2>\t\t<\/div>\n\t\t\t\t<\/div>\n\t\t\t\t<div class=\"elementor-element elementor-element-5743ded elementor-widget elementor-widget-text-editor\" data-id=\"5743ded\" data-element_type=\"widget\" data-widget_type=\"text-editor.default\">\n\t\t\t\t<div class=\"elementor-widget-container\">\n\t\t\t\t\t\t\t<p><strong>Sacrements d&#8217;initiations<\/strong><\/p>\n<ul>\n<li><a href=\"http:\/\/massy-verrieres.catho91.fr\/index.php\/bapteme\/\">Le bapt\u00eame<\/a><\/li>\n<li><a href=\"http:\/\/massy-verrieres.catho91.fr\/index.php\/confirmation\/\">La confirmation<\/a><\/li>\n<li><a href=\"http:\/\/massy-verrieres.catho91.fr\/index.php\/eucharistie\/\">L&#8217;Eucharistie<\/a><\/li>\n<\/ul>\n<p><strong>Sacrements de gu\u00e9rison<\/strong><\/p>\n<ul>\n<li><a href=\"http:\/\/massy-verrieres.catho91.fr\/index.php\/confession\/\">La r\u00e9conciliation<\/a><\/li>\n<li><a href=\"http:\/\/massy-verrieres.catho91.fr\/index.php\/sacrement_malades\/\">Le sacrement des malades<\/a><\/li>\n<\/ul>\n<p><strong>Sacrements au service de la mission des chr\u00e9tiens :<\/strong><\/p>\n<ul>\n<li><a href=\"http:\/\/massy-verrieres.catho91.fr\/index.php\/mariage\/\">Le mariage<\/a><\/li>\n<li><a href=\"http:\/\/massy-verrieres.catho91.fr\/index.php\/ordre\/\">L&#8217;ordre<\/a><\/li>\n<\/ul>\t\t\t\t\t\t<\/div>\n\t\t\t\t<\/div>\n\t\t\t\t\t<\/div>\n\t\t<\/div>\n\t\t\t\t<div class=\"elementor-column elementor-col-50 elementor-inner-column elementor-element elementor-element-09ebc45\" data-id=\"09ebc45\" data-element_type=\"column\">\n\t\t\t<div class=\"elementor-widget-wrap elementor-element-populated\">\n\t\t\t\t\t\t<div class=\"elementor-element elementor-element-b1d01db elementor-widget elementor-widget-heading\" data-id=\"b1d01db\" data-element_type=\"widget\" data-widget_type=\"heading.default\">\n\t\t\t\t<div class=\"elementor-widget-container\">\n\t\t\t<h2 class=\"elementor-heading-title elementor-size-default\">Progresser dans sa vie de foi<\/h2>\t\t<\/div>\n\t\t\t\t<\/div>\n\t\t\t\t<div class=\"elementor-element elementor-element-938647e elementor-widget elementor-widget-text-editor\" data-id=\"938647e\" data-element_type=\"widget\" data-widget_type=\"text-editor.default\">\n\t\t\t\t<div class=\"elementor-widget-container\">\n\t\t\t\t\t\t\t<ul><li><a href=\"http:\/\/massy-verrieres.catho91.fr\/index.php\/eveil_a_le_foi\/\">L&#8217;\u00e9veil \u00e0 la foi<\/a>, <a href=\"http:\/\/massy-verrieres.catho91.fr\/index.php\/catechisme\/\">le cat\u00e9chisme<\/a>,<a href=\"http:\/\/massy-verrieres.catho91.fr\/index.php\/aumonerie\/\">\u00a0l&#8217;aum\u00f4nerie<\/a>,<a href=\"http:\/\/massy-verrieres.catho91.fr\/index.php\/mouv_eglise_jeune\/\">\u00a0le scoutisme<\/a><\/li><li><a href=\"http:\/\/massy-verrieres.catho91.fr\/index.php\/premiere_communion\/\">La premi\u00e8re des communions<\/a><\/li><li><a href=\"http:\/\/massy-verrieres.catho91.fr\/index.php\/profession_de_foi\/\">La profession de foi<\/a><\/li><li><a href=\"http:\/\/massy-verrieres.catho91.fr\/index.php\/funerailles\/\">Les fun\u00e9railles<\/a><\/li><\/ul>\t\t\t\t\t\t<\/div>\n\t\t\t\t<\/div>\n\t\t\t\t<div class=\"elementor-element elementor-element-f09634a elementor-widget elementor-widget-image\" data-id=\"f09634a\" data-element_type=\"widget\" data-widget_type=\"image.default\">\n\t\t\t\t<div class=\"elementor-widget-container\">\n\t\t\t\t\t\t\t\t\t\t<figure class=\"wp-caption\">\n\t\t\t\t\t\t\t\t\t\t<img decoding=\"async\" width=\"300\" height=\"259\" src=\"https:\/\/massy-verrieres.catho91.fr\/wp-content\/uploads\/2022\/09\/Pelerins-Emmaus-300x259.jpg\" class=\"attachment-medium size-medium wp-image-4787\" alt=\"\" srcset=\"https:\/\/massy-verrieres.catho91.fr\/wp-content\/uploads\/2022\/09\/Pelerins-Emmaus-300x259.jpg 300w, https:\/\/massy-verrieres.catho91.fr\/wp-content\/uploads\/2022\/09\/Pelerins-Emmaus.jpg 768w\" sizes=\"(max-width: 300px) 100vw, 300px\" \/>\t\t\t\t\t\t\t\t\t\t\t<figcaption class=\"widget-image-caption wp-caption-text\"><\/figcaption>\n\t\t\t\t\t\t\t\t\t\t<\/figure>\n\t\t\t\t\t\t\t<\/div>\n\t\t\t\t<\/div>\n\t\t\t\t<div class=\"elementor-element elementor-element-18c3731 elementor-widget elementor-widget-text-editor\" data-id=\"18c3731\" data-element_type=\"widget\" data-widget_type=\"text-editor.default\">\n\t\t\t\t<div class=\"elementor-widget-container\">\n\t\t\t\t\t\t\t<h6 style=\"text-align: center;\"><em>Tels les p\u00e8lerins d&#8217;Emma\u00fcs (<a href=\"https:\/\/www.aelf.org\/bible\/Lc\/24\">Lc 24, 13-35<\/a>), les chr\u00e9tiens, tout au long de leur vie, sont en chemin. La formation, la vie fraternelle et les sacrements sont autant d&#8217;\u00e9tapes pour progresser dans l&#8217;amour de Dieu et du prochain.<\/em><\/h6>\t\t\t\t\t\t<\/div>\n\t\t\t\t<\/div>\n\t\t\t\t\t<\/div>\n\t\t<\/div>\n\t\t\t\t\t<\/div>\n\t\t<\/section>\n\t\t\t\t\t<\/div>\n\t\t<\/div>\n\t\t\t\t\t<\/div>\n\t\t<\/section>\n\t\t\t\t<\/div>\n\t\t","protected":false},"excerpt":{"rendered":"<p>Les \u00e9tapes dela vie de foi Les 7 sacrements de l&#8217;\u00e9glise Sacrements d&#8217;initiations Le bapt\u00eame La confirmation L&#8217;Eucharistie Sacrements de gu\u00e9rison La r\u00e9conciliation Le sacrement des malades Sacrements au service de la mission des chr\u00e9tiens : Le mariage L&#8217;ordre Progresser dans sa vie de foi L&#8217;\u00e9veil \u00e0 la foi, le cat\u00e9chisme,\u00a0l&#8217;aum\u00f4nerie,\u00a0le scoutisme La premi\u00e8re des &hellip;<\/p>\n<p class=\"read-more\"> <a class=\"\" href=\"https:\/\/massy-verrieres.catho91.fr\/index.php\/vie_de_foi\/\"> <span class=\"screen-reader-text\">Vie de foi<\/span> Lire la suite \u00bb<\/a><\/p>\n","protected":false},"author":1,"featured_media":0,"parent":0,"menu_order":0,"comment_status":"closed","ping_status":"closed","template":"","meta":{"_mc_calendar":[],"footnotes":""},"_links":{"self":[{"href":"https:\/\/massy-verrieres.catho91.fr\/index.php\/wp-json\/wp\/v2\/pages\/160"}],"collection":[{"href":"https:\/\/massy-verrieres.catho91.fr\/index.php\/wp-json\/wp\/v2\/pages"}],"about":[{"href":"https:\/\/massy-verrieres.catho91.fr\/index.php\/wp-json\/wp\/v2\/types\/page"}],"author":[{"embeddable":true,"href":"https:\/\/massy-verrieres.catho91.fr\/index.php\/wp-json\/wp\/v2\/users\/1"}],"replies":[{"embeddable":true,"href":"https:\/\/massy-verrieres.catho91.fr\/index.php\/wp-json\/wp\/v2\/comments?post=160"}],"version-history":[{"count":104,"href":"https:\/\/massy-verrieres.catho91.fr\/index.php\/wp-json\/wp\/v2\/pages\/160\/revisions"}],"predecessor-version":[{"id":5814,"href":"https:\/\/massy-verrieres.catho91.fr\/index.php\/wp-json\/wp\/v2\/pages\/160\/revisions\/5814"}],"wp:attachment":[{"href":"https:\/\/massy-verrieres.catho91.fr\/index.php\/wp-json\/wp\/v2\/media?parent=160"}],"curies":[{"name":"wp","href":"https:\/\/api.w.org\/{rel}","templated":true}]}}