{"id":2,"date":"2020-08-03T19:26:54","date_gmt":"2020-08-03T17:26:54","guid":{"rendered":"http:\/\/massy-verrieres.catho91.fr\/?page_id=2"},"modified":"2026-01-23T16:43:18","modified_gmt":"2026-01-23T15:43:18","slug":"infos-legales","status":"publish","type":"page","link":"https:\/\/massy-verrieres.catho91.fr\/index.php\/infos-legales\/","title":{"rendered":"L\u00e9gal"},"content":{"rendered":"\t\t<div data-elementor-type=\"wp-page\" data-elementor-id=\"2\" class=\"elementor elementor-2\">\n\t\t\t\t\t\t<section class=\"elementor-section elementor-top-section elementor-element elementor-element-2a6aacbd elementor-section-boxed elementor-section-height-default elementor-section-height-default\" data-id=\"2a6aacbd\" data-element_type=\"section\">\n\t\t\t\t\t\t<div class=\"elementor-container elementor-column-gap-default\">\n\t\t\t\t\t<div class=\"elementor-column elementor-col-100 elementor-top-column elementor-element elementor-element-23aee524\" data-id=\"23aee524\" data-element_type=\"column\">\n\t\t\t<div class=\"elementor-widget-wrap elementor-element-populated\">\n\t\t\t\t\t\t<div class=\"elementor-element elementor-element-574aae39 elementor-widget elementor-widget-text-editor\" data-id=\"574aae39\" data-element_type=\"widget\" data-widget_type=\"text-editor.default\">\n\t\t\t\t<div class=\"elementor-widget-container\">\n\t\t\t\t\t\t\t<h3><span style=\"text-decoration: underline; color: #ff0000;\"><strong>Informations \u00e9ditoriales<\/strong><\/span><\/h3><p>Le pr\u00e9sent site appartient au secteur pastoral de Massy-Verri\u00e8res (Dioc\u00e8se de L\u2019Essonne)<\/p><p>Il est organis\u00e9 en quatre parties :<\/p><p style=\"padding-left: 40px;\"><span style=\"color: #0000ff;\"><strong><span style=\"text-decoration: underline;\">Premi\u00e8re partie<\/span><\/strong><\/span> : elle a pour objet de fournir des informations sur les activit\u00e9s pastorales propos\u00e9es sur le secteur ; ces informations sont principalement destin\u00e9es aux jeunes et aux recommen\u00e7ants.<\/p><p style=\"padding-left: 40px;\">Des formulaires de contact permettent aux internautes int\u00e9ress\u00e9s de communiquer avec les responsables des diff\u00e9rentes activit\u00e9s ; En respect du RGPD, le nom, l\u2019adresse email et le num\u00e9ro de t\u00e9l\u00e9phone de ces contacts ne sont pas d\u00e9voil\u00e9s.<\/p><p style=\"padding-left: 40px;\"><span style=\"color: #0000ff;\"><strong><span style=\"text-decoration: underline;\">Deuxi\u00e8me partie <\/span><\/strong><\/span>: Le calendrier ; il permet de trouver des informations op\u00e9rationnelles simples (horaire des messes, contact du secr\u00e9tariat \u2026etc).<\/p><p style=\"padding-left: 40px;\"><span style=\"text-decoration: underline; color: #0000ff;\"><strong>Troisi\u00e8me partie <\/strong><\/span>: Les reportages ; ils permettent de revoir les \u00e9v\u00e8nements marquants de notre secteur.<\/p><p style=\"padding-left: 40px;\"><span style=\"color: #0000ff;\"><strong><span style=\"text-decoration: underline;\">Quatri\u00e8me partie<\/span><\/strong><\/span> permet de diffuser des articles sur la vie des activit\u00e9s ; ces articles sont r\u00e9dig\u00e9s par les responsables d\u2019activit\u00e9, sous la responsabilit\u00e9 du directeur de la publication.<\/p>\t\t\t\t\t\t<\/div>\n\t\t\t\t<\/div>\n\t\t\t\t<div class=\"elementor-element elementor-element-11da95f elementor-widget elementor-widget-text-editor\" data-id=\"11da95f\" data-element_type=\"widget\" data-widget_type=\"text-editor.default\">\n\t\t\t\t<div class=\"elementor-widget-container\">\n\t\t\t\t\t\t\t<h3><span style=\"text-decoration: underline; color: #ff0000;\"><strong>Informations l\u00e9gales :<\/strong><\/span><\/h3><p>Ces mentions l\u00e9gales sont applicables \u00e0 tout contenu disponible sous le nom de domaine www.catho91.fr, y compris tous les sous-domaines et toutes les sous-pages du domaine.<\/p><p>Les pages web de ce site vous proposent \u00e9galement des liens vers d\u2019autres sites qui ne nous appartiennent pas. En acc\u00e9dant \u00e0 un autre site, vous acceptez que cet acc\u00e8s s\u2019effectue \u00e0 vos risques et p\u00e9rils.<\/p><p>Les photos et visuels du site proviennent du fond photographique du secteur pastoral de Massy-Verri\u00e8res et sont donc la propri\u00e9t\u00e9 de cette derni\u00e8re. Leur reproduction est strictement interdite.<\/p><p>Ce site internet est h\u00e9berg\u00e9 par <span style=\"color: #0000ff;\">www.ovh.fr<\/span><\/p><p>Le directeur de la publication est le P\u00e8re <span style=\"color: #0000ff;\">Armel N\u2019DOUDI<\/span>.<\/p>\t\t\t\t\t\t<\/div>\n\t\t\t\t<\/div>\n\t\t\t\t<div class=\"elementor-element elementor-element-5c5179b elementor-widget elementor-widget-text-editor\" data-id=\"5c5179b\" data-element_type=\"widget\" data-widget_type=\"text-editor.default\">\n\t\t\t\t<div class=\"elementor-widget-container\">\n\t\t\t\t\t\t\t<h3><span style=\"color: #ff0000;\"><strong><span style=\"text-decoration: underline;\">Restriction d\u2019usage :<\/span><\/strong><\/span><\/h3><p>Les internautes peuvent communiquer librement avec les responsables d\u2019activit\u00e9 gr\u00e2ce \u00e0 des formulaires de contact ; il leur est interdit de laisser des messages nuisibles, mena\u00e7ants, abusifs, diffamatoires, constitutifs de harc\u00e8lement, vulgaires, obsc\u00e8nes, pornographiques ou constituant une provocation \u00e0 la discrimination ou \u00e0 la haine fond\u00e9e sur la race, la religion ou la politique, sous peine de poursuites judiciaires.<\/p>\t\t\t\t\t\t<\/div>\n\t\t\t\t<\/div>\n\t\t\t\t\t<\/div>\n\t\t<\/div>\n\t\t\t\t\t<\/div>\n\t\t<\/section>\n\t\t\t\t<section class=\"elementor-section elementor-top-section elementor-element elementor-element-11c46b6 elementor-section-boxed elementor-section-height-default elementor-section-height-default\" data-id=\"11c46b6\" data-element_type=\"section\">\n\t\t\t\t\t\t<div class=\"elementor-container elementor-column-gap-default\">\n\t\t\t\t\t<div class=\"elementor-column elementor-col-100 elementor-top-column elementor-element elementor-element-ddcd310\" data-id=\"ddcd310\" data-element_type=\"column\">\n\t\t\t<div class=\"elementor-widget-wrap elementor-element-populated\">\n\t\t\t\t\t\t<div class=\"elementor-element elementor-element-933bd44 elementor-widget elementor-widget-spacer\" data-id=\"933bd44\" data-element_type=\"widget\" data-widget_type=\"spacer.default\">\n\t\t\t\t<div class=\"elementor-widget-container\">\n\t\t\t\t\t<div class=\"elementor-spacer\">\n\t\t\t<div class=\"elementor-spacer-inner\"><\/div>\n\t\t<\/div>\n\t\t\t\t<\/div>\n\t\t\t\t<\/div>\n\t\t\t\t\t<\/div>\n\t\t<\/div>\n\t\t\t\t\t<\/div>\n\t\t<\/section>\n\t\t\t\t<section class=\"elementor-section elementor-top-section elementor-element elementor-element-3ff8b33 elementor-section-boxed elementor-section-height-default elementor-section-height-default\" data-id=\"3ff8b33\" data-element_type=\"section\">\n\t\t\t\t\t\t<div class=\"elementor-container elementor-column-gap-default\">\n\t\t\t\t\t<div class=\"elementor-column elementor-col-100 elementor-top-column elementor-element elementor-element-eaa54dc\" data-id=\"eaa54dc\" data-element_type=\"column\" data-settings=\"{&quot;background_background&quot;:&quot;classic&quot;}\">\n\t\t\t<div class=\"elementor-widget-wrap elementor-element-populated\">\n\t\t\t\t\t\t<div class=\"elementor-element elementor-element-4bbe5d9 elementor-widget elementor-widget-text-editor\" data-id=\"4bbe5d9\" data-element_type=\"widget\" data-widget_type=\"text-editor.default\">\n\t\t\t\t<div class=\"elementor-widget-container\">\n\t\t\t\t\t\t\t<h4><span style=\"color: #000000;\">Vous souhaitez nous faire part d&#8217;une information erron\u00e9e ou d&#8217;un dysfonctionnement sur le pr\u00e9sent site ; laissez nous un message :<\/span><\/h4>\t\t\t\t\t\t<\/div>\n\t\t\t\t<\/div>\n\t\t\t\t<div class=\"elementor-element elementor-element-066b7d4 e-transform elementor-widget elementor-widget-wp-widget-wpforms-widget\" data-id=\"066b7d4\" data-element_type=\"widget\" data-settings=\"{&quot;_transform_scale_effect&quot;:{&quot;unit&quot;:&quot;px&quot;,&quot;size&quot;:0.8,&quot;sizes&quot;:[]},&quot;_transform_scale_effect_tablet&quot;:{&quot;unit&quot;:&quot;px&quot;,&quot;size&quot;:&quot;&quot;,&quot;sizes&quot;:[]},&quot;_transform_scale_effect_mobile&quot;:{&quot;unit&quot;:&quot;px&quot;,&quot;size&quot;:&quot;&quot;,&quot;sizes&quot;:[]}}\" data-widget_type=\"wp-widget-wpforms-widget.default\">\n\t\t\t\t<div class=\"elementor-widget-container\">\n\t\t\t<div class=\"wpforms-container wpforms-container-full\" id=\"wpforms-2227\"><form id=\"wpforms-form-2227\" class=\"wpforms-validate wpforms-form\" data-formid=\"2227\" method=\"post\" enctype=\"multipart\/form-data\" action=\"\/index.php\/wp-json\/wp\/v2\/pages\/2\" data-token=\"1c93bddf0d583e82f9d8c099e687aa2d\" data-token-time=\"1776572347\"><noscript class=\"wpforms-error-noscript\">Veuillez activer JavaScript dans votre navigateur pour remplir ce formulaire.<\/noscript><div class=\"wpforms-field-container\"><div id=\"wpforms-2227-field_0-container\" class=\"wpforms-field wpforms-field-name\" data-field-id=\"0\"><label class=\"wpforms-field-label\" for=\"wpforms-2227-field_0\">Votre identit\u00e9 <span class=\"wpforms-required-label\">*<\/span><\/label><div class=\"wpforms-field-row wpforms-field-medium\"><div class=\"wpforms-field-row-block wpforms-first wpforms-one-half\"><input type=\"text\" id=\"wpforms-2227-field_0\" class=\"wpforms-field-name-first wpforms-field-required\" name=\"wpforms[fields][0][first]\" required><label for=\"wpforms-2227-field_0\" class=\"wpforms-field-sublabel after\">Pr\u00e9nom<\/label><\/div><div class=\"wpforms-field-row-block wpforms-one-half\"><input type=\"text\" id=\"wpforms-2227-field_0-last\" class=\"wpforms-field-name-last wpforms-field-required\" name=\"wpforms[fields][0][last]\" required><label for=\"wpforms-2227-field_0-last\" class=\"wpforms-field-sublabel after\">Nom<\/label><\/div><\/div><\/div><div id=\"wpforms-2227-field_4-container\" class=\"wpforms-field wpforms-field-text\" data-field-id=\"4\"><label class=\"wpforms-field-label\" for=\"wpforms-2227-field_4\">Votre adresse email ou votre num\u00e9ro de t\u00e9l\u00e9phone<\/label><input type=\"text\" id=\"wpforms-2227-field_4\" class=\"wpforms-field-medium\" name=\"wpforms[fields][4]\" ><\/div><div id=\"wpforms-2227-field_3-container\" class=\"wpforms-field wpforms-field-select wpforms-field-select-style-classic\" data-field-id=\"3\"><label class=\"wpforms-field-label\" for=\"wpforms-2227-field_3\">Pr\u00e9cisez votre paroisse <span class=\"wpforms-required-label\">*<\/span><\/label><select id=\"wpforms-2227-field_3\" class=\"wpforms-field-medium wpforms-field-required\" name=\"wpforms[fields][3]\" required=\"required\"><option value=\"--- entrez le nom de votre paroisse ---\" >--- entrez le nom de votre paroisse ---<\/option><option value=\"Verri\u00e8res le Buisson\" >Verri\u00e8res le Buisson<\/option><option value=\"Massy - Sainte Marie Madeleine\" >Massy - Sainte Marie Madeleine<\/option><option value=\"Massy - Saint Paul\" >Massy - Saint Paul<\/option><option value=\"Massy - Saint Esprit\" >Massy - Saint Esprit<\/option><option value=\"Je ne connais pas le nom de ma paroisse\" >Je ne connais pas le nom de ma paroisse<\/option><\/select><\/div><div id=\"wpforms-2227-field_2-container\" class=\"wpforms-field wpforms-field-textarea\" data-field-id=\"2\"><label class=\"wpforms-field-label\" for=\"wpforms-2227-field_2\">Votre message <span class=\"wpforms-required-label\">*<\/span><\/label><textarea id=\"wpforms-2227-field_2\" class=\"wpforms-field-medium wpforms-field-required\" name=\"wpforms[fields][2]\" required><\/textarea><\/div><\/div><!-- .wpforms-field-container --><div class=\"wpforms-recaptcha-container wpforms-is-recaptcha wpforms-is-recaptcha-type-v2\" ><div class=\"g-recaptcha\" data-sitekey=\"6LfMxf8ZAAAAADaD_41itEi-GdfkI-U3M_DndmLY\"><\/div><input type=\"text\" name=\"g-recaptcha-hidden\" class=\"wpforms-recaptcha-hidden\" style=\"position:absolute!important;clip:rect(0,0,0,0)!important;height:1px!important;width:1px!important;border:0!important;overflow:hidden!important;padding:0!important;margin:0!important;\" data-rule-recaptcha=\"1\"><\/div><div class=\"wpforms-submit-container\" ><input type=\"hidden\" name=\"wpforms[id]\" value=\"2227\"><input type=\"hidden\" name=\"page_title\" value=\"\"><input type=\"hidden\" name=\"page_url\" value=\"https:\/\/massy-verrieres.catho91.fr\/index.php\/wp-json\/wp\/v2\/pages\/2\"><button type=\"submit\" name=\"wpforms[submit]\" id=\"wpforms-submit-2227\" class=\"wpforms-submit\" data-alt-text=\"Envoi en cours ...\" data-submit-text=\"Envoyer le message\" aria-live=\"assertive\" value=\"wpforms-submit\">Envoyer le message<\/button><\/div><\/form><\/div>  <!-- .wpforms-container -->\t\t<\/div>\n\t\t\t\t<\/div>\n\t\t\t\t\t<\/div>\n\t\t<\/div>\n\t\t\t\t\t<\/div>\n\t\t<\/section>\n\t\t\t\t<\/div>\n\t\t","protected":false},"excerpt":{"rendered":"<p>Informations \u00e9ditoriales Le pr\u00e9sent site appartient au secteur pastoral de Massy-Verri\u00e8res (Dioc\u00e8se de L\u2019Essonne) Il est organis\u00e9 en quatre parties : Premi\u00e8re partie : elle a pour objet de fournir des informations sur les activit\u00e9s pastorales propos\u00e9es sur le secteur ; ces informations sont principalement destin\u00e9es aux jeunes et aux recommen\u00e7ants. Des formulaires de contact &hellip;<\/p>\n<p class=\"read-more\"> <a class=\"\" href=\"https:\/\/massy-verrieres.catho91.fr\/index.php\/infos-legales\/\"> <span class=\"screen-reader-text\">L\u00e9gal<\/span> Lire la suite \u00bb<\/a><\/p>\n","protected":false},"author":1,"featured_media":0,"parent":0,"menu_order":0,"comment_status":"closed","ping_status":"closed","template":"","meta":{"_mc_calendar":[],"footnotes":""},"_links":{"self":[{"href":"https:\/\/massy-verrieres.catho91.fr\/index.php\/wp-json\/wp\/v2\/pages\/2"}],"collection":[{"href":"https:\/\/massy-verrieres.catho91.fr\/index.php\/wp-json\/wp\/v2\/pages"}],"about":[{"href":"https:\/\/massy-verrieres.catho91.fr\/index.php\/wp-json\/wp\/v2\/types\/page"}],"author":[{"embeddable":true,"href":"https:\/\/massy-verrieres.catho91.fr\/index.php\/wp-json\/wp\/v2\/users\/1"}],"replies":[{"embeddable":true,"href":"https:\/\/massy-verrieres.catho91.fr\/index.php\/wp-json\/wp\/v2\/comments?post=2"}],"version-history":[{"count":41,"href":"https:\/\/massy-verrieres.catho91.fr\/index.php\/wp-json\/wp\/v2\/pages\/2\/revisions"}],"predecessor-version":[{"id":6475,"href":"https:\/\/massy-verrieres.catho91.fr\/index.php\/wp-json\/wp\/v2\/pages\/2\/revisions\/6475"}],"wp:attachment":[{"href":"https:\/\/massy-verrieres.catho91.fr\/index.php\/wp-json\/wp\/v2\/media?parent=2"}],"curies":[{"name":"wp","href":"https:\/\/api.w.org\/{rel}","templated":true}]}}