{"id":2131,"date":"2021-10-03T15:01:18","date_gmt":"2021-10-03T13:01:18","guid":{"rendered":"http:\/\/massy-verrieres.catho91.fr\/?page_id=2131"},"modified":"2021-11-15T13:00:07","modified_gmt":"2021-11-15T12:00:07","slug":"finances","status":"publish","type":"page","link":"https:\/\/massy-verrieres.catho91.fr\/index.php\/finances\/","title":{"rendered":"Finances"},"content":{"rendered":"\t\t<div data-elementor-type=\"wp-page\" data-elementor-id=\"2131\" class=\"elementor elementor-2131\">\n\t\t\t\t\t\t<section class=\"elementor-section elementor-top-section elementor-element elementor-element-5f092f1 elementor-section-boxed elementor-section-height-default elementor-section-height-default\" data-id=\"5f092f1\" data-element_type=\"section\" data-settings=\"{&quot;background_background&quot;:&quot;classic&quot;}\">\n\t\t\t\t\t\t<div class=\"elementor-container elementor-column-gap-default\">\n\t\t\t\t\t<div class=\"elementor-column elementor-col-33 elementor-top-column elementor-element elementor-element-7a117df\" data-id=\"7a117df\" data-element_type=\"column\">\n\t\t\t<div class=\"elementor-widget-wrap elementor-element-populated\">\n\t\t\t\t\t\t<div class=\"elementor-element elementor-element-1fe8038 elementor-widget elementor-widget-image\" data-id=\"1fe8038\" data-element_type=\"widget\" data-widget_type=\"image.default\">\n\t\t\t\t<div class=\"elementor-widget-container\">\n\t\t\t\t\t\t\t\t\t\t\t\t\t<img fetchpriority=\"high\" decoding=\"async\" width=\"768\" height=\"768\" src=\"https:\/\/massy-verrieres.catho91.fr\/wp-content\/uploads\/2021\/11\/don01.png\" class=\"attachment-full size-full wp-image-2859\" alt=\"\" srcset=\"https:\/\/massy-verrieres.catho91.fr\/wp-content\/uploads\/2021\/11\/don01.png 768w, https:\/\/massy-verrieres.catho91.fr\/wp-content\/uploads\/2021\/11\/don01-300x300.png 300w, https:\/\/massy-verrieres.catho91.fr\/wp-content\/uploads\/2021\/11\/don01-150x150.png 150w\" sizes=\"(max-width: 768px) 100vw, 768px\" \/>\t\t\t\t\t\t\t\t\t\t\t\t\t<\/div>\n\t\t\t\t<\/div>\n\t\t\t\t\t<\/div>\n\t\t<\/div>\n\t\t\t\t<div class=\"elementor-column elementor-col-66 elementor-top-column elementor-element elementor-element-ab54712\" data-id=\"ab54712\" data-element_type=\"column\">\n\t\t\t<div class=\"elementor-widget-wrap elementor-element-populated\">\n\t\t\t\t\t\t<div class=\"elementor-element elementor-element-50707e1 elementor-widget-divider--view-line_text elementor-widget-divider--element-align-center elementor-widget elementor-widget-divider\" data-id=\"50707e1\" data-element_type=\"widget\" data-widget_type=\"divider.default\">\n\t\t\t\t<div class=\"elementor-widget-container\">\n\t\t\t\t\t<div class=\"elementor-divider\">\n\t\t\t<span class=\"elementor-divider-separator\">\n\t\t\t\t\t\t\t<span class=\"elementor-divider__text elementor-divider__element\">\n\t\t\t\tLes finances dans l'Eglise\t\t\t\t<\/span>\n\t\t\t\t\t\t<\/span>\n\t\t<\/div>\n\t\t\t\t<\/div>\n\t\t\t\t<\/div>\n\t\t\t\t\t<\/div>\n\t\t<\/div>\n\t\t\t\t\t<\/div>\n\t\t<\/section>\n\t\t\t\t<section class=\"elementor-section elementor-top-section elementor-element elementor-element-2d1def5 elementor-section-boxed elementor-section-height-default elementor-section-height-default\" data-id=\"2d1def5\" data-element_type=\"section\" data-settings=\"{&quot;background_background&quot;:&quot;classic&quot;}\">\n\t\t\t\t\t\t<div class=\"elementor-container elementor-column-gap-default\">\n\t\t\t\t\t<div class=\"elementor-column elementor-col-100 elementor-top-column elementor-element elementor-element-f23bbe6\" data-id=\"f23bbe6\" data-element_type=\"column\" data-settings=\"{&quot;background_background&quot;:&quot;classic&quot;}\">\n\t\t\t<div class=\"elementor-widget-wrap elementor-element-populated\">\n\t\t\t\t\t\t\t<\/div>\n\t\t<\/div>\n\t\t\t\t\t<\/div>\n\t\t<\/section>\n\t\t\t\t<section class=\"elementor-section elementor-top-section elementor-element elementor-element-756622f elementor-section-boxed elementor-section-height-default elementor-section-height-default\" data-id=\"756622f\" data-element_type=\"section\">\n\t\t\t\t\t\t<div class=\"elementor-container elementor-column-gap-default\">\n\t\t\t\t\t<div class=\"elementor-column elementor-col-100 elementor-top-column elementor-element elementor-element-328d2ae\" data-id=\"328d2ae\" data-element_type=\"column\" data-settings=\"{&quot;background_background&quot;:&quot;classic&quot;}\">\n\t\t\t<div class=\"elementor-widget-wrap elementor-element-populated\">\n\t\t\t\t\t\t<div class=\"elementor-element elementor-element-35d1acd elementor-position-right elementor-vertical-align-top elementor-widget elementor-widget-image-box\" data-id=\"35d1acd\" data-element_type=\"widget\" data-widget_type=\"image-box.default\">\n\t\t\t\t<div class=\"elementor-widget-container\">\n\t\t\t<div class=\"elementor-image-box-wrapper\"><figure class=\"elementor-image-box-img\"><img decoding=\"async\" width=\"1399\" height=\"933\" src=\"https:\/\/massy-verrieres.catho91.fr\/wp-content\/uploads\/2021\/11\/finances.jpg\" class=\"attachment-full size-full wp-image-2898\" alt=\"\" srcset=\"https:\/\/massy-verrieres.catho91.fr\/wp-content\/uploads\/2021\/11\/finances.jpg 1399w, https:\/\/massy-verrieres.catho91.fr\/wp-content\/uploads\/2021\/11\/finances-300x200.jpg 300w, https:\/\/massy-verrieres.catho91.fr\/wp-content\/uploads\/2021\/11\/finances-1024x683.jpg 1024w, https:\/\/massy-verrieres.catho91.fr\/wp-content\/uploads\/2021\/11\/finances-768x512.jpg 768w\" sizes=\"(max-width: 1399px) 100vw, 1399px\" \/><\/figure><div class=\"elementor-image-box-content\"><h3 class=\"elementor-image-box-title\">Comment fonctionnent les finances de l'Eglise<\/h3><p class=\"elementor-image-box-description\">Beaucoup de catholiques s\u2019interrogent sur la fa\u00e7on dont l\u2019Eglise est financ\u00e9e en France.\n\nUne petite explication sur ce sujet n\u2019est pas de trop.<br>\n<\/p><\/div><\/div>\t\t<\/div>\n\t\t\t\t<\/div>\n\t\t\t\t<div class=\"elementor-element elementor-element-9e97f0f elementor-widget elementor-widget-text-editor\" data-id=\"9e97f0f\" data-element_type=\"widget\" data-widget_type=\"text-editor.default\">\n\t\t\t\t<div class=\"elementor-widget-container\">\n\t\t\t\t\t\t\t<p><span style=\"text-decoration: underline;\"><strong>La loi de 1905<\/strong><\/span><\/p><p>Depuis la loi de 1905, l\u2019Eglise ne peut pas recevoir de subventions publiques ; elle ne vit que des dons de ses fid\u00e8les.<\/p><p>Deux exceptions \u00e0 ce principe :<\/p><ul><li>l\u2019Alsace-Moselle qui vit encore sous le r\u00e9gime du \u00ab concordat \u00bb d\u00e9riv\u00e9 du r\u00e9gime allemand encore en vigueur en 1905,<\/li><li>l\u2019entretien des b\u00e2timents ant\u00e9rieurs \u00e0 1905, lesquels ont \u00e9t\u00e9 confisqu\u00e9s par l\u2019\u00e9tat.<\/li><\/ul><p>Par ailleurs, la loi de 1905 impose aux organisations d\u2019Eglise de g\u00e9rer leurs biens dans un type d\u2019association sp\u00e9cifique appel\u00e9 \u00ab association cultuelle \u00bb ; ces associations sont \u00e9troitement contr\u00f4l\u00e9es par l\u2019\u00e9tat.<\/p><p>En Essonne, la personnalit\u00e9 morale ayant ce statut est l\u2019 \u00ab Association Dioc\u00e9saine Evry-Corbeil-Essonnes \u00bb (ADECE) qui regroupe les services dioc\u00e9sains, ainsi que tous les secteurs et toutes les paroisses.<\/p>\t\t\t\t\t\t<\/div>\n\t\t\t\t<\/div>\n\t\t\t\t<div class=\"elementor-element elementor-element-22adb2b elementor-widget elementor-widget-text-editor\" data-id=\"22adb2b\" data-element_type=\"widget\" data-widget_type=\"text-editor.default\">\n\t\t\t\t<div class=\"elementor-widget-container\">\n\t\t\t\t\t\t\t<p><span style=\"text-decoration: underline;\"><strong>La gestion au sein de notre dioc\u00e8se<\/strong><\/span><\/p><p>M\u00eame si l\u2019ADECE est une association qui recouvre toutes les activit\u00e9s des secteurs et paroisses, chaque entit\u00e9 dispose d\u2019un budget (raisonnablement) autonome.<\/p><p>Le dioc\u00e8se assume la plupart des grosses d\u00e9penses (salaires des pr\u00eatres et du personnel, gros travaux d\u2019entretien \u2026), tandis que les secteurs et paroisses assument les d\u00e9penses courantes (chauffage, petit entretien, fournitures, abonnements \u2026).<\/p><p>Il est donc normal que les revenus des dons soient r\u00e9partis entre le dioc\u00e8se et les secteurs au prorata des charges de chacune des entit\u00e9s.<\/p>\t\t\t\t\t\t<\/div>\n\t\t\t\t<\/div>\n\t\t\t\t<div class=\"elementor-element elementor-element-b08319e elementor-widget elementor-widget-text-editor\" data-id=\"b08319e\" data-element_type=\"widget\" data-widget_type=\"text-editor.default\">\n\t\t\t\t<div class=\"elementor-widget-container\">\n\t\t\t\t\t\t\t<p><span style=\"text-decoration: underline;\"><strong>Les dons principaux<\/strong><\/span><\/p><p>On distingue 4 sources de revenus pour l\u2019Eglise :<\/p><ul><li>Le denier du culte, directement per\u00e7u par le dioc\u00e8se, et ouvrant droit \u00e0 un cr\u00e9dit d\u2019imp\u00f4t<\/li><li>Le fruit des qu\u00eates et des dons<\/li><li>Le \u00ab casuel \u00bb c\u2019est \u00e0 dire les c\u00e9r\u00e9monies \u00ab tarif\u00e9es \u00bb (mariages, obs\u00e8ques, bapt\u00eames)<\/li><li>Les legs<\/li><\/ul><p>M\u00eame si aucune r\u00e8gle formelle n\u2019est impos\u00e9e, il est courant de consid\u00e9rer que pour un foyer fiscal, le denier repr\u00e9sente environ 10% des imp\u00f4ts pay\u00e9s par la famille,<\/p><p>Quand aux qu\u00eates et dons, le montant est laiss\u00e9 \u00e0 l\u2019appr\u00e9ciation et \u00e0 la g\u00e9n\u00e9rosit\u00e9 de chacun.<\/p>\t\t\t\t\t\t<\/div>\n\t\t\t\t<\/div>\n\t\t\t\t<div class=\"elementor-element elementor-element-7dbb26a elementor-widget elementor-widget-text-editor\" data-id=\"7dbb26a\" data-element_type=\"widget\" data-widget_type=\"text-editor.default\">\n\t\t\t\t<div class=\"elementor-widget-container\">\n\t\t\t\t\t\t\t<p><span style=\"text-decoration: underline;\"><strong>Les souscriptions<\/strong><\/span><\/p><p>Les souscriptions sont un cas particulier par rapport \u00e0 ce qui pr\u00e9c\u00e8de ; elles visent \u00e0 couvrir un investissement exceptionnel (travaux non couverts par l\u2019\u00e9tat, achat important \u2026 etc)<\/p><p>Les souscriptions ouvrent droit \u00e0 un cr\u00e9dit d\u2019imp\u00f4t ; elles doivent \u00eatre pr\u00e9cis\u00e9ment d\u00e9finies et rester exceptionnelles.<\/p>\t\t\t\t\t\t<\/div>\n\t\t\t\t<\/div>\n\t\t\t\t<div class=\"elementor-element elementor-element-e376203 elementor-widget elementor-widget-text-editor\" data-id=\"e376203\" data-element_type=\"widget\" data-widget_type=\"text-editor.default\">\n\t\t\t\t<div class=\"elementor-widget-container\">\n\t\t\t\t\t\t\t<p><span style=\"text-decoration: underline;\"><strong>Les avantages fiscaux <br \/><\/strong><\/span><\/p><p>Seules les dons au denier et la participation aux souscriptions donnent droit \u00e0 une r\u00e9duction d&#8217;impot \u00e0 hauteur de 75% du montant\u00a0 du don.<\/p>\t\t\t\t\t\t<\/div>\n\t\t\t\t<\/div>\n\t\t\t\t\t<\/div>\n\t\t<\/div>\n\t\t\t\t\t<\/div>\n\t\t<\/section>\n\t\t\t\t<section class=\"elementor-section elementor-top-section elementor-element elementor-element-4abf5bf elementor-section-boxed elementor-section-height-default elementor-section-height-default\" data-id=\"4abf5bf\" data-element_type=\"section\">\n\t\t\t\t\t\t<div class=\"elementor-container elementor-column-gap-default\">\n\t\t\t\t\t<div class=\"elementor-column elementor-col-100 elementor-top-column elementor-element elementor-element-8cc0934\" data-id=\"8cc0934\" data-element_type=\"column\">\n\t\t\t<div class=\"elementor-widget-wrap elementor-element-populated\">\n\t\t\t\t\t\t<div class=\"elementor-element elementor-element-5befc21 elementor-widget-divider--view-line elementor-widget elementor-widget-divider\" data-id=\"5befc21\" data-element_type=\"widget\" data-widget_type=\"divider.default\">\n\t\t\t\t<div class=\"elementor-widget-container\">\n\t\t\t\t\t<div class=\"elementor-divider\">\n\t\t\t<span class=\"elementor-divider-separator\">\n\t\t\t\t\t\t<\/span>\n\t\t<\/div>\n\t\t\t\t<\/div>\n\t\t\t\t<\/div>\n\t\t\t\t<div class=\"elementor-element elementor-element-6e3b55f elementor-widget elementor-widget-heading\" data-id=\"6e3b55f\" data-element_type=\"widget\" data-widget_type=\"heading.default\">\n\t\t\t\t<div class=\"elementor-widget-container\">\n\t\t\t<h2 class=\"elementor-heading-title elementor-size-default\"><a href=\"http:\/\/massy-verrieres.catho91.fr\/index.php\/don\/\">Retour aux finances de l'\u00c9glise<\/a><\/h2>\t\t<\/div>\n\t\t\t\t<\/div>\n\t\t\t\t\t<\/div>\n\t\t<\/div>\n\t\t\t\t\t<\/div>\n\t\t<\/section>\n\t\t\t\t<\/div>\n\t\t","protected":false},"excerpt":{"rendered":"<p>Les finances dans l&#8217;Eglise Comment fonctionnent les finances de l&#8217;Eglise Beaucoup de catholiques s\u2019interrogent sur la fa\u00e7on dont l\u2019Eglise est financ\u00e9e en France. Une petite explication sur ce sujet n\u2019est pas de trop. La loi de 1905 Depuis la loi de 1905, l\u2019Eglise ne peut pas recevoir de subventions publiques ; elle ne vit que &hellip;<\/p>\n<p class=\"read-more\"> <a class=\"\" href=\"https:\/\/massy-verrieres.catho91.fr\/index.php\/finances\/\"> <span class=\"screen-reader-text\">Finances<\/span> Lire la suite \u00bb<\/a><\/p>\n","protected":false},"author":1,"featured_media":0,"parent":0,"menu_order":0,"comment_status":"closed","ping_status":"closed","template":"","meta":{"_mc_calendar":[],"footnotes":""},"_links":{"self":[{"href":"https:\/\/massy-verrieres.catho91.fr\/index.php\/wp-json\/wp\/v2\/pages\/2131"}],"collection":[{"href":"https:\/\/massy-verrieres.catho91.fr\/index.php\/wp-json\/wp\/v2\/pages"}],"about":[{"href":"https:\/\/massy-verrieres.catho91.fr\/index.php\/wp-json\/wp\/v2\/types\/page"}],"author":[{"embeddable":true,"href":"https:\/\/massy-verrieres.catho91.fr\/index.php\/wp-json\/wp\/v2\/users\/1"}],"replies":[{"embeddable":true,"href":"https:\/\/massy-verrieres.catho91.fr\/index.php\/wp-json\/wp\/v2\/comments?post=2131"}],"version-history":[{"count":30,"href":"https:\/\/massy-verrieres.catho91.fr\/index.php\/wp-json\/wp\/v2\/pages\/2131\/revisions"}],"predecessor-version":[{"id":3362,"href":"https:\/\/massy-verrieres.catho91.fr\/index.php\/wp-json\/wp\/v2\/pages\/2131\/revisions\/3362"}],"wp:attachment":[{"href":"https:\/\/massy-verrieres.catho91.fr\/index.php\/wp-json\/wp\/v2\/media?parent=2131"}],"curies":[{"name":"wp","href":"https:\/\/api.w.org\/{rel}","templated":true}]}}