{"id":2412,"date":"2021-10-04T19:56:55","date_gmt":"2021-10-04T17:56:55","guid":{"rendered":"http:\/\/massy-verrieres.catho91.fr\/?page_id=2412"},"modified":"2025-09-03T18:25:49","modified_gmt":"2025-09-03T16:25:49","slug":"les-paroisses","status":"publish","type":"page","link":"https:\/\/massy-verrieres.catho91.fr\/index.php\/les-paroisses\/","title":{"rendered":"Les 4 paroisses"},"content":{"rendered":"\t\t<div data-elementor-type=\"wp-page\" data-elementor-id=\"2412\" class=\"elementor elementor-2412\">\n\t\t\t\t\t\t<section class=\"elementor-section elementor-top-section elementor-element elementor-element-651d953 elementor-section-height-min-height elementor-section-boxed elementor-section-height-default elementor-section-items-middle\" data-id=\"651d953\" data-element_type=\"section\">\n\t\t\t\t\t\t<div class=\"elementor-container elementor-column-gap-no\">\n\t\t\t\t\t<div class=\"elementor-column elementor-col-33 elementor-top-column elementor-element elementor-element-8e3c40e\" data-id=\"8e3c40e\" data-element_type=\"column\">\n\t\t\t<div class=\"elementor-widget-wrap elementor-element-populated\">\n\t\t\t\t\t\t<div class=\"elementor-element elementor-element-87fc8ac elementor-widget elementor-widget-image\" data-id=\"87fc8ac\" data-element_type=\"widget\" data-widget_type=\"image.default\">\n\t\t\t\t<div class=\"elementor-widget-container\">\n\t\t\t\t\t\t\t\t\t\t\t\t\t<img fetchpriority=\"high\" decoding=\"async\" width=\"768\" height=\"767\" src=\"https:\/\/massy-verrieres.catho91.fr\/wp-content\/uploads\/2020\/12\/paroisses01.png\" class=\"attachment-full size-full wp-image-1269\" alt=\"\" srcset=\"https:\/\/massy-verrieres.catho91.fr\/wp-content\/uploads\/2020\/12\/paroisses01.png 768w, https:\/\/massy-verrieres.catho91.fr\/wp-content\/uploads\/2020\/12\/paroisses01-300x300.png 300w, https:\/\/massy-verrieres.catho91.fr\/wp-content\/uploads\/2020\/12\/paroisses01-150x150.png 150w\" sizes=\"(max-width: 768px) 100vw, 768px\" \/>\t\t\t\t\t\t\t\t\t\t\t\t\t<\/div>\n\t\t\t\t<\/div>\n\t\t\t\t\t<\/div>\n\t\t<\/div>\n\t\t\t\t<div class=\"elementor-column elementor-col-66 elementor-top-column elementor-element elementor-element-761a601\" data-id=\"761a601\" data-element_type=\"column\">\n\t\t\t<div class=\"elementor-widget-wrap elementor-element-populated\">\n\t\t\t\t\t\t<div class=\"elementor-element elementor-element-78f8641 elementor-widget-divider--view-line_text elementor-widget-divider--element-align-center elementor-widget elementor-widget-divider\" data-id=\"78f8641\" data-element_type=\"widget\" data-widget_type=\"divider.default\">\n\t\t\t\t<div class=\"elementor-widget-container\">\n\t\t\t\t\t<div class=\"elementor-divider\">\n\t\t\t<span class=\"elementor-divider-separator\">\n\t\t\t\t\t\t\t<span class=\"elementor-divider__text elementor-divider__element\">\n\t\t\t\tLes quatres<br>paroisses\t\t\t\t<\/span>\n\t\t\t\t\t\t<\/span>\n\t\t<\/div>\n\t\t\t\t<\/div>\n\t\t\t\t<\/div>\n\t\t\t\t\t<\/div>\n\t\t<\/div>\n\t\t\t\t\t<\/div>\n\t\t<\/section>\n\t\t\t\t<section class=\"elementor-section elementor-top-section elementor-element elementor-element-4118ca9 elementor-section-boxed elementor-section-height-default elementor-section-height-default\" data-id=\"4118ca9\" data-element_type=\"section\" data-settings=\"{&quot;background_background&quot;:&quot;classic&quot;}\">\n\t\t\t\t\t\t<div class=\"elementor-container elementor-column-gap-default\">\n\t\t\t\t\t<div class=\"elementor-column elementor-col-100 elementor-top-column elementor-element elementor-element-402b819\" data-id=\"402b819\" data-element_type=\"column\" data-settings=\"{&quot;background_background&quot;:&quot;classic&quot;}\">\n\t\t\t<div class=\"elementor-widget-wrap elementor-element-populated\">\n\t\t\t\t\t\t<div class=\"elementor-element elementor-element-37592d7 elementor-position-right elementor-vertical-align-top elementor-widget elementor-widget-image-box\" data-id=\"37592d7\" data-element_type=\"widget\" data-widget_type=\"image-box.default\">\n\t\t\t\t<div class=\"elementor-widget-container\">\n\t\t\t<div class=\"elementor-image-box-wrapper\"><figure class=\"elementor-image-box-img\"><img decoding=\"async\" width=\"768\" height=\"768\" src=\"https:\/\/massy-verrieres.catho91.fr\/wp-content\/uploads\/2021\/04\/P_Armel.png\" class=\"attachment-full size-full wp-image-1888\" alt=\"\" srcset=\"https:\/\/massy-verrieres.catho91.fr\/wp-content\/uploads\/2021\/04\/P_Armel.png 768w, https:\/\/massy-verrieres.catho91.fr\/wp-content\/uploads\/2021\/04\/P_Armel-300x300.png 300w, https:\/\/massy-verrieres.catho91.fr\/wp-content\/uploads\/2021\/04\/P_Armel-150x150.png 150w\" sizes=\"(max-width: 768px) 100vw, 768px\" \/><\/figure><div class=\"elementor-image-box-content\"><h3 class=\"elementor-image-box-title\">p\u00e8re Armel N'DOUDI<\/h3><p class=\"elementor-image-box-description\">Responsable du secteur de Massy-Verri\u00e8res, vous pr\u00e9sente les diff\u00e9rentes paroisses :<\/p><\/div><\/div>\t\t<\/div>\n\t\t\t\t<\/div>\n\t\t\t\t\t<\/div>\n\t\t<\/div>\n\t\t\t\t\t<\/div>\n\t\t<\/section>\n\t\t\t\t<section class=\"elementor-section elementor-top-section elementor-element elementor-element-7418b62 elementor-section-content-middle elementor-section-boxed elementor-section-height-default elementor-section-height-default\" data-id=\"7418b62\" data-element_type=\"section\">\n\t\t\t\t\t\t<div class=\"elementor-container elementor-column-gap-wide\">\n\t\t\t\t\t<div class=\"elementor-column elementor-col-25 elementor-top-column elementor-element elementor-element-57bbcae\" data-id=\"57bbcae\" data-element_type=\"column\">\n\t\t\t<div class=\"elementor-widget-wrap elementor-element-populated\">\n\t\t\t\t\t\t<div class=\"elementor-element elementor-element-f668680 elementor-position-top elementor-widget elementor-widget-image-box\" data-id=\"f668680\" data-element_type=\"widget\" data-widget_type=\"image-box.default\">\n\t\t\t\t<div class=\"elementor-widget-container\">\n\t\t\t<div class=\"elementor-image-box-wrapper\"><figure class=\"elementor-image-box-img\"><a href=\"http:\/\/massy-verrieres.catho91.fr\/index.php\/par-nda\/\" tabindex=\"-1\"><img decoding=\"async\" width=\"150\" height=\"150\" src=\"https:\/\/massy-verrieres.catho91.fr\/wp-content\/uploads\/2020\/09\/LOGO_NDA_rond-vert-150x150.png\" class=\"elementor-animation-grow attachment-thumbnail size-thumbnail wp-image-316\" alt=\"\" \/><\/a><\/figure><div class=\"elementor-image-box-content\"><h3 class=\"elementor-image-box-title\"><a href=\"http:\/\/massy-verrieres.catho91.fr\/index.php\/par-nda\/\">ND de l'Assomption<\/a><\/h3><\/div><\/div>\t\t<\/div>\n\t\t\t\t<\/div>\n\t\t\t\t\t<\/div>\n\t\t<\/div>\n\t\t\t\t<div class=\"elementor-column elementor-col-25 elementor-top-column elementor-element elementor-element-0731794\" data-id=\"0731794\" data-element_type=\"column\">\n\t\t\t<div class=\"elementor-widget-wrap elementor-element-populated\">\n\t\t\t\t\t\t<div class=\"elementor-element elementor-element-1d9889c elementor-position-top elementor-widget elementor-widget-image-box\" data-id=\"1d9889c\" data-element_type=\"widget\" data-widget_type=\"image-box.default\">\n\t\t\t\t<div class=\"elementor-widget-container\">\n\t\t\t<div class=\"elementor-image-box-wrapper\"><figure class=\"elementor-image-box-img\"><a href=\"http:\/\/massy-verrieres.catho91.fr\/index.php\/par-sp\/\" tabindex=\"-1\"><img loading=\"lazy\" decoding=\"async\" width=\"150\" height=\"150\" src=\"https:\/\/massy-verrieres.catho91.fr\/wp-content\/uploads\/2020\/09\/LOGO_St-paul_rond-orange-150x150.png\" class=\"elementor-animation-grow attachment-thumbnail size-thumbnail wp-image-318\" alt=\"\" \/><\/a><\/figure><div class=\"elementor-image-box-content\"><h3 class=\"elementor-image-box-title\"><a href=\"http:\/\/massy-verrieres.catho91.fr\/index.php\/par-sp\/\">Saint-Paul<\/a><\/h3><\/div><\/div>\t\t<\/div>\n\t\t\t\t<\/div>\n\t\t\t\t\t<\/div>\n\t\t<\/div>\n\t\t\t\t<div class=\"elementor-column elementor-col-25 elementor-top-column elementor-element elementor-element-adb88c6\" data-id=\"adb88c6\" data-element_type=\"column\">\n\t\t\t<div class=\"elementor-widget-wrap elementor-element-populated\">\n\t\t\t\t\t\t<div class=\"elementor-element elementor-element-26e8d0f elementor-position-top elementor-widget elementor-widget-image-box\" data-id=\"26e8d0f\" data-element_type=\"widget\" data-widget_type=\"image-box.default\">\n\t\t\t\t<div class=\"elementor-widget-container\">\n\t\t\t<div class=\"elementor-image-box-wrapper\"><figure class=\"elementor-image-box-img\"><a href=\"http:\/\/massy-verrieres.catho91.fr\/index.php\/par-se\/\" tabindex=\"-1\"><img loading=\"lazy\" decoding=\"async\" width=\"150\" height=\"150\" src=\"https:\/\/massy-verrieres.catho91.fr\/wp-content\/uploads\/2020\/09\/LOGO_St-Esprit_rond-rouge-150x150.png\" class=\"elementor-animation-grow attachment-thumbnail size-thumbnail wp-image-319\" alt=\"\" srcset=\"https:\/\/massy-verrieres.catho91.fr\/wp-content\/uploads\/2020\/09\/LOGO_St-Esprit_rond-rouge-150x150.png 150w, https:\/\/massy-verrieres.catho91.fr\/wp-content\/uploads\/2020\/09\/LOGO_St-Esprit_rond-rouge-300x300.png 300w, https:\/\/massy-verrieres.catho91.fr\/wp-content\/uploads\/2020\/09\/LOGO_St-Esprit_rond-rouge-1024x1024.png 1024w, https:\/\/massy-verrieres.catho91.fr\/wp-content\/uploads\/2020\/09\/LOGO_St-Esprit_rond-rouge-768x768.png 768w, https:\/\/massy-verrieres.catho91.fr\/wp-content\/uploads\/2020\/09\/LOGO_St-Esprit_rond-rouge.png 1476w\" sizes=\"(max-width: 150px) 100vw, 150px\" \/><\/a><\/figure><div class=\"elementor-image-box-content\"><h3 class=\"elementor-image-box-title\"><a href=\"http:\/\/massy-verrieres.catho91.fr\/index.php\/par-se\/\">Saint-Esprit<\/a><\/h3><\/div><\/div>\t\t<\/div>\n\t\t\t\t<\/div>\n\t\t\t\t\t<\/div>\n\t\t<\/div>\n\t\t\t\t<div class=\"elementor-column elementor-col-25 elementor-top-column elementor-element elementor-element-a6b693b\" data-id=\"a6b693b\" data-element_type=\"column\">\n\t\t\t<div class=\"elementor-widget-wrap elementor-element-populated\">\n\t\t\t\t\t\t<div class=\"elementor-element elementor-element-f34b85d elementor-position-top elementor-widget elementor-widget-image-box\" data-id=\"f34b85d\" data-element_type=\"widget\" data-widget_type=\"image-box.default\">\n\t\t\t\t<div class=\"elementor-widget-container\">\n\t\t\t<div class=\"elementor-image-box-wrapper\"><figure class=\"elementor-image-box-img\"><a href=\"http:\/\/massy-verrieres.catho91.fr\/index.php\/par-smm\/\" tabindex=\"-1\"><img loading=\"lazy\" decoding=\"async\" width=\"150\" height=\"150\" src=\"https:\/\/massy-verrieres.catho91.fr\/wp-content\/uploads\/2020\/09\/LOGO_Ste-MM_rond-bleu-150x150.png\" class=\"elementor-animation-grow attachment-thumbnail size-thumbnail wp-image-381\" alt=\"\" srcset=\"https:\/\/massy-verrieres.catho91.fr\/wp-content\/uploads\/2020\/09\/LOGO_Ste-MM_rond-bleu-150x150.png 150w, https:\/\/massy-verrieres.catho91.fr\/wp-content\/uploads\/2020\/09\/LOGO_Ste-MM_rond-bleu-300x300.png 300w, https:\/\/massy-verrieres.catho91.fr\/wp-content\/uploads\/2020\/09\/LOGO_Ste-MM_rond-bleu-1024x1024.png 1024w, https:\/\/massy-verrieres.catho91.fr\/wp-content\/uploads\/2020\/09\/LOGO_Ste-MM_rond-bleu-768x768.png 768w, https:\/\/massy-verrieres.catho91.fr\/wp-content\/uploads\/2020\/09\/LOGO_Ste-MM_rond-bleu.png 1476w\" sizes=\"(max-width: 150px) 100vw, 150px\" \/><\/a><\/figure><div class=\"elementor-image-box-content\"><h3 class=\"elementor-image-box-title\"><a href=\"http:\/\/massy-verrieres.catho91.fr\/index.php\/par-smm\/\">Sainte-Marie-Madeleine<\/a><\/h3><\/div><\/div>\t\t<\/div>\n\t\t\t\t<\/div>\n\t\t\t\t\t<\/div>\n\t\t<\/div>\n\t\t\t\t\t<\/div>\n\t\t<\/section>\n\t\t\t\t<section class=\"elementor-section elementor-top-section elementor-element elementor-element-67678eb elementor-section-boxed elementor-section-height-default elementor-section-height-default\" data-id=\"67678eb\" data-element_type=\"section\">\n\t\t\t\t\t\t<div class=\"elementor-container elementor-column-gap-default\">\n\t\t\t\t\t<div class=\"elementor-column elementor-col-100 elementor-top-column elementor-element elementor-element-b2ad747\" data-id=\"b2ad747\" data-element_type=\"column\">\n\t\t\t<div class=\"elementor-widget-wrap elementor-element-populated\">\n\t\t\t\t\t\t<div class=\"elementor-element elementor-element-3d00a30 elementor-widget elementor-widget-heading\" data-id=\"3d00a30\" data-element_type=\"widget\" data-widget_type=\"heading.default\">\n\t\t\t\t<div class=\"elementor-widget-container\">\n\t\t\t<h2 class=\"elementor-heading-title elementor-size-default\">Secr\u00e9tariat du Secteur<\/h2>\t\t<\/div>\n\t\t\t\t<\/div>\n\t\t\t\t<section class=\"elementor-section elementor-inner-section elementor-element elementor-element-1d01771 elementor-section-boxed elementor-section-height-default elementor-section-height-default\" data-id=\"1d01771\" data-element_type=\"section\">\n\t\t\t\t\t\t<div class=\"elementor-container elementor-column-gap-default\">\n\t\t\t\t\t<div class=\"elementor-column elementor-col-50 elementor-inner-column elementor-element elementor-element-321bb91\" data-id=\"321bb91\" data-element_type=\"column\">\n\t\t\t<div class=\"elementor-widget-wrap elementor-element-populated\">\n\t\t\t\t\t\t<div class=\"elementor-element elementor-element-b75335c elementor-widget elementor-widget-text-editor\" data-id=\"b75335c\" data-element_type=\"widget\" data-widget_type=\"text-editor.default\">\n\t\t\t\t<div class=\"elementor-widget-container\">\n\t\t\t\t\t\t\t<p><span style=\"text-decoration: underline;\"><strong>Maison Saint Charles<\/strong><\/span><\/p><p><span id=\"page3R_mcid66\" class=\"markedContent\"><span dir=\"ltr\" role=\"presentation\">36, rue de la<\/span><\/span><span id=\"page3R_mcid67\" class=\"markedContent\"><br role=\"presentation\" \/><span dir=\"ltr\" role=\"presentation\">division Leclerc &#8211; Massy<\/span><\/span><span id=\"page3R_mcid68\" class=\"markedContent\"><br role=\"presentation\" \/>tel : <\/span><span id=\"page3R_mcid69\" class=\"markedContent\"><span dir=\"ltr\" role=\"presentation\">01 69 20 04 33<\/span><\/span><span id=\"page3R_mcid70\" class=\"markedContent\"><br role=\"presentation\" \/><span dir=\"ltr\" role=\"presentation\">mail : secretariat.secteur@catho91.fr<\/span><\/span><\/p>\t\t\t\t\t\t<\/div>\n\t\t\t\t<\/div>\n\t\t\t\t\t<\/div>\n\t\t<\/div>\n\t\t\t\t<div class=\"elementor-column elementor-col-50 elementor-inner-column elementor-element elementor-element-2b9ae44\" data-id=\"2b9ae44\" data-element_type=\"column\">\n\t\t\t<div class=\"elementor-widget-wrap elementor-element-populated\">\n\t\t\t\t\t\t<div class=\"elementor-element elementor-element-8fe65b8 elementor-widget elementor-widget-text-editor\" data-id=\"8fe65b8\" data-element_type=\"widget\" data-widget_type=\"text-editor.default\">\n\t\t\t\t<div class=\"elementor-widget-container\">\n\t\t\t\t\t\t\t<p><span style=\"text-decoration: underline;\">ouverture :<\/span><\/p><ul><li>Lundi : \u00a0de 15h \u00e0 20h<\/li><li>mercredi : de 15h \u00e0 19h<\/li><li>jeudi : de 10h \u00e0 13h<\/li><\/ul>\t\t\t\t\t\t<\/div>\n\t\t\t\t<\/div>\n\t\t\t\t\t<\/div>\n\t\t<\/div>\n\t\t\t\t\t<\/div>\n\t\t<\/section>\n\t\t\t\t<section class=\"elementor-section elementor-inner-section elementor-element elementor-element-08b80b3 elementor-section-boxed elementor-section-height-default elementor-section-height-default\" data-id=\"08b80b3\" data-element_type=\"section\">\n\t\t\t\t\t\t<div class=\"elementor-container elementor-column-gap-default\">\n\t\t\t\t\t<div class=\"elementor-column elementor-col-50 elementor-inner-column elementor-element elementor-element-a241ff4\" data-id=\"a241ff4\" data-element_type=\"column\">\n\t\t\t<div class=\"elementor-widget-wrap elementor-element-populated\">\n\t\t\t\t\t\t<div class=\"elementor-element elementor-element-37dfb8f elementor-widget elementor-widget-text-editor\" data-id=\"37dfb8f\" data-element_type=\"widget\" data-widget_type=\"text-editor.default\">\n\t\t\t\t<div class=\"elementor-widget-container\">\n\t\t\t\t\t\t\t<p><span style=\"text-decoration: underline;\"><strong>Salle Saint Andr\u00e9<\/strong><\/span><\/p><p><span id=\"page3R_mcid66\" class=\"markedContent\"><span dir=\"ltr\" role=\"presentation\">9 rue d&#8217;Antony\u00a0<\/span><\/span><span id=\"page3R_mcid67\" class=\"markedContent\"><span dir=\"ltr\" role=\"presentation\">&#8211; Verri\u00e8res le Buisson<\/span><\/span><span id=\"page3R_mcid68\" class=\"markedContent\"><br role=\"presentation\" \/>tel : <\/span><span class=\"nb-phone\"><span class=\"coord-numero noTrad\">01 69 20 21 21<\/span><\/span><span id=\"page3R_mcid70\" class=\"markedContent\"><br role=\"presentation\" \/><span dir=\"ltr\" role=\"presentation\">mail : secretariat.secteur@catho91.fr<\/span><\/span><\/p>\t\t\t\t\t\t<\/div>\n\t\t\t\t<\/div>\n\t\t\t\t\t<\/div>\n\t\t<\/div>\n\t\t\t\t<div class=\"elementor-column elementor-col-50 elementor-inner-column elementor-element elementor-element-013df28\" data-id=\"013df28\" data-element_type=\"column\">\n\t\t\t<div class=\"elementor-widget-wrap elementor-element-populated\">\n\t\t\t\t\t\t<div class=\"elementor-element elementor-element-4ac7789 elementor-widget elementor-widget-text-editor\" data-id=\"4ac7789\" data-element_type=\"widget\" data-widget_type=\"text-editor.default\">\n\t\t\t\t<div class=\"elementor-widget-container\">\n\t\t\t\t\t\t\t<p><span style=\"text-decoration: underline;\">permanence:<\/span><\/p><ul><li>mardi : \u00a0de 14h \u00e0 19h<\/li><li>vendredi : \u00a0de 10h \u00e0 13h<\/li><\/ul>\t\t\t\t\t\t<\/div>\n\t\t\t\t<\/div>\n\t\t\t\t\t<\/div>\n\t\t<\/div>\n\t\t\t\t\t<\/div>\n\t\t<\/section>\n\t\t\t\t\t<\/div>\n\t\t<\/div>\n\t\t\t\t\t<\/div>\n\t\t<\/section>\n\t\t\t\t<\/div>\n\t\t","protected":false},"excerpt":{"rendered":"<p>Les quatresparoisses p\u00e8re Armel N&#8217;DOUDI Responsable du secteur de Massy-Verri\u00e8res, vous pr\u00e9sente les diff\u00e9rentes paroisses : ND de l&#8217;Assomption Saint-Paul Saint-Esprit Sainte-Marie-Madeleine Secr\u00e9tariat du Secteur Maison Saint Charles 36, rue de ladivision Leclerc &#8211; Massytel : 01 69 20 04 33mail : secretariat.secteur@catho91.fr ouverture : Lundi : \u00a0de 15h \u00e0 20h mercredi : de 15h &hellip;<\/p>\n<p class=\"read-more\"> <a class=\"\" href=\"https:\/\/massy-verrieres.catho91.fr\/index.php\/les-paroisses\/\"> <span class=\"screen-reader-text\">Les 4 paroisses<\/span> Lire la suite \u00bb<\/a><\/p>\n","protected":false},"author":1,"featured_media":0,"parent":0,"menu_order":0,"comment_status":"closed","ping_status":"closed","template":"","meta":{"_mc_calendar":[],"footnotes":""},"_links":{"self":[{"href":"https:\/\/massy-verrieres.catho91.fr\/index.php\/wp-json\/wp\/v2\/pages\/2412"}],"collection":[{"href":"https:\/\/massy-verrieres.catho91.fr\/index.php\/wp-json\/wp\/v2\/pages"}],"about":[{"href":"https:\/\/massy-verrieres.catho91.fr\/index.php\/wp-json\/wp\/v2\/types\/page"}],"author":[{"embeddable":true,"href":"https:\/\/massy-verrieres.catho91.fr\/index.php\/wp-json\/wp\/v2\/users\/1"}],"replies":[{"embeddable":true,"href":"https:\/\/massy-verrieres.catho91.fr\/index.php\/wp-json\/wp\/v2\/comments?post=2412"}],"version-history":[{"count":59,"href":"https:\/\/massy-verrieres.catho91.fr\/index.php\/wp-json\/wp\/v2\/pages\/2412\/revisions"}],"predecessor-version":[{"id":6428,"href":"https:\/\/massy-verrieres.catho91.fr\/index.php\/wp-json\/wp\/v2\/pages\/2412\/revisions\/6428"}],"wp:attachment":[{"href":"https:\/\/massy-verrieres.catho91.fr\/index.php\/wp-json\/wp\/v2\/media?parent=2412"}],"curies":[{"name":"wp","href":"https:\/\/api.w.org\/{rel}","templated":true}]}}