{"id":2808,"date":"2021-10-18T12:05:57","date_gmt":"2021-10-18T10:05:57","guid":{"rendered":"http:\/\/massy-verrieres.catho91.fr\/?page_id=2808"},"modified":"2026-01-29T18:20:26","modified_gmt":"2026-01-29T17:20:26","slug":"don","status":"publish","type":"page","link":"https:\/\/massy-verrieres.catho91.fr\/index.php\/don\/","title":{"rendered":"Don"},"content":{"rendered":"\t\t<div data-elementor-type=\"wp-page\" data-elementor-id=\"2808\" class=\"elementor elementor-2808\">\n\t\t\t\t\t\t<section class=\"elementor-section elementor-top-section elementor-element elementor-element-9babb50 elementor-section-boxed elementor-section-height-default elementor-section-height-default\" data-id=\"9babb50\" data-element_type=\"section\" data-settings=\"{&quot;background_background&quot;:&quot;classic&quot;}\">\n\t\t\t\t\t\t<div class=\"elementor-container elementor-column-gap-default\">\n\t\t\t\t\t<div class=\"elementor-column elementor-col-33 elementor-top-column elementor-element elementor-element-b5514a6\" data-id=\"b5514a6\" data-element_type=\"column\">\n\t\t\t<div class=\"elementor-widget-wrap elementor-element-populated\">\n\t\t\t\t\t\t<div class=\"elementor-element elementor-element-87547f6 elementor-widget elementor-widget-image\" data-id=\"87547f6\" data-element_type=\"widget\" data-widget_type=\"image.default\">\n\t\t\t\t<div class=\"elementor-widget-container\">\n\t\t\t\t\t\t\t\t\t\t\t\t\t<img fetchpriority=\"high\" decoding=\"async\" width=\"768\" height=\"768\" src=\"https:\/\/massy-verrieres.catho91.fr\/wp-content\/uploads\/2021\/11\/don01.png\" class=\"attachment-full size-full wp-image-2859\" alt=\"\" srcset=\"https:\/\/massy-verrieres.catho91.fr\/wp-content\/uploads\/2021\/11\/don01.png 768w, https:\/\/massy-verrieres.catho91.fr\/wp-content\/uploads\/2021\/11\/don01-300x300.png 300w, https:\/\/massy-verrieres.catho91.fr\/wp-content\/uploads\/2021\/11\/don01-150x150.png 150w\" sizes=\"(max-width: 768px) 100vw, 768px\" \/>\t\t\t\t\t\t\t\t\t\t\t\t\t<\/div>\n\t\t\t\t<\/div>\n\t\t\t\t\t<\/div>\n\t\t<\/div>\n\t\t\t\t<div class=\"elementor-column elementor-col-66 elementor-top-column elementor-element elementor-element-000975b\" data-id=\"000975b\" data-element_type=\"column\">\n\t\t\t<div class=\"elementor-widget-wrap elementor-element-populated\">\n\t\t\t\t\t\t<div class=\"elementor-element elementor-element-c03ff52 elementor-widget-divider--view-line_text elementor-widget-divider--element-align-center elementor-widget elementor-widget-divider\" data-id=\"c03ff52\" data-element_type=\"widget\" data-widget_type=\"divider.default\">\n\t\t\t\t<div class=\"elementor-widget-container\">\n\t\t\t\t\t<div class=\"elementor-divider\">\n\t\t\t<span class=\"elementor-divider-separator\">\n\t\t\t\t\t\t\t<span class=\"elementor-divider__text elementor-divider__element\">\n\t\t\t\tFaire un don\t\t\t\t<\/span>\n\t\t\t\t\t\t<\/span>\n\t\t<\/div>\n\t\t\t\t<\/div>\n\t\t\t\t<\/div>\n\t\t\t\t\t<\/div>\n\t\t<\/div>\n\t\t\t\t\t<\/div>\n\t\t<\/section>\n\t\t\t\t<section class=\"elementor-section elementor-top-section elementor-element elementor-element-cd8d65a elementor-section-boxed elementor-section-height-default elementor-section-height-default\" data-id=\"cd8d65a\" data-element_type=\"section\">\n\t\t\t\t\t\t<div class=\"elementor-container elementor-column-gap-default\">\n\t\t\t\t\t<div class=\"elementor-column elementor-col-100 elementor-top-column elementor-element elementor-element-fe70944\" data-id=\"fe70944\" data-element_type=\"column\">\n\t\t\t<div class=\"elementor-widget-wrap elementor-element-populated\">\n\t\t\t\t\t\t<section class=\"elementor-section elementor-inner-section elementor-element elementor-element-c820ef1 elementor-section-boxed elementor-section-height-default elementor-section-height-default\" data-id=\"c820ef1\" data-element_type=\"section\">\n\t\t\t\t\t\t<div class=\"elementor-container elementor-column-gap-default\">\n\t\t\t\t\t<div class=\"elementor-column elementor-col-50 elementor-inner-column elementor-element elementor-element-949db05\" data-id=\"949db05\" data-element_type=\"column\">\n\t\t\t<div class=\"elementor-widget-wrap elementor-element-populated\">\n\t\t\t\t\t\t<div class=\"elementor-element elementor-element-1cadb92 elementor-widget elementor-widget-image\" data-id=\"1cadb92\" data-element_type=\"widget\" data-widget_type=\"image.default\">\n\t\t\t\t<div class=\"elementor-widget-container\">\n\t\t\t\t\t\t\t\t\t\t\t\t\t<img decoding=\"async\" width=\"768\" height=\"1024\" src=\"https:\/\/massy-verrieres.catho91.fr\/wp-content\/uploads\/2021\/11\/euro-money-dollar-bill-2137482-768x1024.jpg\" class=\"attachment-large size-large wp-image-2875\" alt=\"euro, money, dollar bill-2137482.jpg\" srcset=\"https:\/\/massy-verrieres.catho91.fr\/wp-content\/uploads\/2021\/11\/euro-money-dollar-bill-2137482-768x1024.jpg 768w, https:\/\/massy-verrieres.catho91.fr\/wp-content\/uploads\/2021\/11\/euro-money-dollar-bill-2137482-225x300.jpg 225w, https:\/\/massy-verrieres.catho91.fr\/wp-content\/uploads\/2021\/11\/euro-money-dollar-bill-2137482.jpg 960w\" sizes=\"(max-width: 768px) 100vw, 768px\" \/>\t\t\t\t\t\t\t\t\t\t\t\t\t<\/div>\n\t\t\t\t<\/div>\n\t\t\t\t\t<\/div>\n\t\t<\/div>\n\t\t\t\t<div class=\"elementor-column elementor-col-50 elementor-inner-column elementor-element elementor-element-56b032c\" data-id=\"56b032c\" data-element_type=\"column\">\n\t\t\t<div class=\"elementor-widget-wrap elementor-element-populated\">\n\t\t\t\t\t\t<div class=\"elementor-element elementor-element-ce26235 elementor-widget elementor-widget-heading\" data-id=\"ce26235\" data-element_type=\"widget\" data-widget_type=\"heading.default\">\n\t\t\t\t<div class=\"elementor-widget-container\">\n\t\t\t<h2 class=\"elementor-heading-title elementor-size-default\">Informations g\u00e9n\u00e9rales<\/h2>\t\t<\/div>\n\t\t\t\t<\/div>\n\t\t\t\t<div class=\"elementor-element elementor-element-eff848d elementor-widget elementor-widget-text-editor\" data-id=\"eff848d\" data-element_type=\"widget\" data-widget_type=\"text-editor.default\">\n\t\t\t\t<div class=\"elementor-widget-container\">\n\t\t\t\t\t\t\t<ul><li><h4><span style=\"color: #000000;\"><a style=\"color: #000000;\" href=\"http:\/\/massy-verrieres.catho91.fr\/index.php\/finances\/\">Comment fonctionnent les finances de l&#8217;Eglise<br \/><\/a><\/span><\/h4><\/li><li><h4><span style=\"color: #000000;\"><a style=\"color: #000000;\" href=\"http:\/\/massy-verrieres.catho91.fr\/index.php\/acteurs-financiers\/\">Voulez vous participer \u00e0 la gestion de notre secteur ?<\/a><\/span><\/h4><\/li><\/ul>\t\t\t\t\t\t<\/div>\n\t\t\t\t<\/div>\n\t\t\t\t<div class=\"elementor-element elementor-element-532f12a elementor-widget elementor-widget-heading\" data-id=\"532f12a\" data-element_type=\"widget\" data-widget_type=\"heading.default\">\n\t\t\t\t<div class=\"elementor-widget-container\">\n\t\t\t<h2 class=\"elementor-heading-title elementor-size-default\">Ajoutez votre titre ici<\/h2>\t\t<\/div>\n\t\t\t\t<\/div>\n\t\t\t\t<div class=\"elementor-element elementor-element-5d18c0b elementor-widget elementor-widget-text-editor\" data-id=\"5d18c0b\" data-element_type=\"widget\" data-widget_type=\"text-editor.default\">\n\t\t\t\t<div class=\"elementor-widget-container\">\n\t\t\t\t\t\t\t<ul><li><h4><span style=\"color: #000000;\"><a style=\"color: #000000;\" href=\"https:\/\/dons.evry.catholique.fr\/denier-de-leglise\/\" target=\"_blank\" rel=\"noopener\">Voulez vous faire un don au denier ? [<img decoding=\"async\" class=\"emoji\" role=\"img\" draggable=\"false\" src=\"https:\/\/s.w.org\/images\/core\/emoji\/15.0.3\/svg\/1f517.svg\" alt=\"\ud83d\udd17\" \/>]<\/a><\/span><\/h4><\/li><li><h4><span style=\"color: #000000;\"><a style=\"color: #000000;\" href=\"https:\/\/dons.evry.catholique.fr\/chantiers\/\" target=\"_blank\" rel=\"noopener\">Voulez vous participer \u00e0 une souscription ? [<img decoding=\"async\" class=\"emoji\" role=\"img\" draggable=\"false\" src=\"https:\/\/s.w.org\/images\/core\/emoji\/15.0.3\/svg\/1f517.svg\" alt=\"\ud83d\udd17\" \/>]<\/a><\/span><\/h4><\/li><li><h4><span style=\"color: #000000;\"><a style=\"color: #000000;\" href=\"https:\/\/casuel.massy-verrieres.com\" target=\"_blank\" rel=\"noopener\">Voulez vous demander une messe ? ou vous inscrire \u00e0 une activit\u00e9 soumise \u00e0 participation ? [<img decoding=\"async\" class=\"emoji\" role=\"img\" draggable=\"false\" src=\"https:\/\/s.w.org\/images\/core\/emoji\/15.0.3\/svg\/1f517.svg\" alt=\"\ud83d\udd17\" \/>]<\/a><\/span><\/h4><\/li><\/ul>\t\t\t\t\t\t<\/div>\n\t\t\t\t<\/div>\n\t\t\t\t\t<\/div>\n\t\t<\/div>\n\t\t\t\t\t<\/div>\n\t\t<\/section>\n\t\t\t\t<div class=\"elementor-element elementor-element-84a7a38 elementor-widget elementor-widget-spacer\" data-id=\"84a7a38\" data-element_type=\"widget\" data-widget_type=\"spacer.default\">\n\t\t\t\t<div class=\"elementor-widget-container\">\n\t\t\t\t\t<div class=\"elementor-spacer\">\n\t\t\t<div class=\"elementor-spacer-inner\"><\/div>\n\t\t<\/div>\n\t\t\t\t<\/div>\n\t\t\t\t<\/div>\n\t\t\t\t\t<\/div>\n\t\t<\/div>\n\t\t\t\t\t<\/div>\n\t\t<\/section>\n\t\t\t\t<\/div>\n\t\t","protected":false},"excerpt":{"rendered":"<p>Faire un don Informations g\u00e9n\u00e9rales Comment fonctionnent les finances de l&#8217;Eglise Voulez vous participer \u00e0 la gestion de notre secteur ? Ajoutez votre titre ici Voulez vous faire un don au denier ? [] Voulez vous participer \u00e0 une souscription ? [] Voulez vous demander une messe ? ou vous inscrire \u00e0 une activit\u00e9 soumise &hellip;<\/p>\n<p class=\"read-more\"> <a class=\"\" href=\"https:\/\/massy-verrieres.catho91.fr\/index.php\/don\/\"> <span class=\"screen-reader-text\">Don<\/span> Lire la suite \u00bb<\/a><\/p>\n","protected":false},"author":1,"featured_media":0,"parent":0,"menu_order":0,"comment_status":"closed","ping_status":"closed","template":"","meta":{"_mc_calendar":[],"footnotes":""},"_links":{"self":[{"href":"https:\/\/massy-verrieres.catho91.fr\/index.php\/wp-json\/wp\/v2\/pages\/2808"}],"collection":[{"href":"https:\/\/massy-verrieres.catho91.fr\/index.php\/wp-json\/wp\/v2\/pages"}],"about":[{"href":"https:\/\/massy-verrieres.catho91.fr\/index.php\/wp-json\/wp\/v2\/types\/page"}],"author":[{"embeddable":true,"href":"https:\/\/massy-verrieres.catho91.fr\/index.php\/wp-json\/wp\/v2\/users\/1"}],"replies":[{"embeddable":true,"href":"https:\/\/massy-verrieres.catho91.fr\/index.php\/wp-json\/wp\/v2\/comments?post=2808"}],"version-history":[{"count":32,"href":"https:\/\/massy-verrieres.catho91.fr\/index.php\/wp-json\/wp\/v2\/pages\/2808\/revisions"}],"predecessor-version":[{"id":6478,"href":"https:\/\/massy-verrieres.catho91.fr\/index.php\/wp-json\/wp\/v2\/pages\/2808\/revisions\/6478"}],"wp:attachment":[{"href":"https:\/\/massy-verrieres.catho91.fr\/index.php\/wp-json\/wp\/v2\/media?parent=2808"}],"curies":[{"name":"wp","href":"https:\/\/api.w.org\/{rel}","templated":true}]}}