{"id":3914,"date":"2022-02-27T11:01:01","date_gmt":"2022-02-27T10:01:01","guid":{"rendered":"http:\/\/massy-verrieres.catho91.fr\/?page_id=3914"},"modified":"2022-07-01T17:36:14","modified_gmt":"2022-07-01T15:36:14","slug":"general","status":"publish","type":"page","link":"https:\/\/massy-verrieres.catho91.fr\/index.php\/general\/","title":{"rendered":"Informations g\u00e9n\u00e9rales"},"content":{"rendered":"\t\t<div data-elementor-type=\"wp-page\" data-elementor-id=\"3914\" class=\"elementor elementor-3914\">\n\t\t\t\t\t\t<section class=\"elementor-section elementor-top-section elementor-element elementor-element-8921567 elementor-section-boxed elementor-section-height-default elementor-section-height-default\" data-id=\"8921567\" data-element_type=\"section\">\n\t\t\t\t\t\t<div class=\"elementor-container elementor-column-gap-default\">\n\t\t\t\t\t<div class=\"elementor-column elementor-col-100 elementor-top-column elementor-element elementor-element-675fbbd\" data-id=\"675fbbd\" data-element_type=\"column\">\n\t\t\t<div class=\"elementor-widget-wrap elementor-element-populated\">\n\t\t\t\t\t\t<div class=\"elementor-element elementor-element-1f07e8e elementor-widget elementor-widget-heading\" data-id=\"1f07e8e\" data-element_type=\"widget\" data-widget_type=\"heading.default\">\n\t\t\t\t<div class=\"elementor-widget-container\">\n\t\t\t<h2 class=\"elementor-heading-title elementor-size-xl\">Informations g\u00e9n\u00e9rales<\/h2>\t\t<\/div>\n\t\t\t\t<\/div>\n\t\t\t\t\t<\/div>\n\t\t<\/div>\n\t\t\t\t\t<\/div>\n\t\t<\/section>\n\t\t\t\t<section class=\"elementor-section elementor-top-section elementor-element elementor-element-6508502 elementor-section-boxed elementor-section-height-default elementor-section-height-default\" data-id=\"6508502\" data-element_type=\"section\">\n\t\t\t\t\t\t<div class=\"elementor-container elementor-column-gap-default\">\n\t\t\t\t\t<div class=\"elementor-column elementor-col-100 elementor-top-column elementor-element elementor-element-45700e6\" data-id=\"45700e6\" data-element_type=\"column\">\n\t\t\t<div class=\"elementor-widget-wrap elementor-element-populated\">\n\t\t\t\t\t\t<div class=\"elementor-element elementor-element-839487e elementor-widget elementor-widget-spacer\" data-id=\"839487e\" data-element_type=\"widget\" data-widget_type=\"spacer.default\">\n\t\t\t\t<div class=\"elementor-widget-container\">\n\t\t\t\t\t<div class=\"elementor-spacer\">\n\t\t\t<div class=\"elementor-spacer-inner\"><\/div>\n\t\t<\/div>\n\t\t\t\t<\/div>\n\t\t\t\t<\/div>\n\t\t\t\t<div class=\"elementor-element elementor-element-b87c3c8 elementor-widget elementor-widget-text-editor\" data-id=\"b87c3c8\" data-element_type=\"widget\" data-widget_type=\"text-editor.default\">\n\t\t\t\t<div class=\"elementor-widget-container\">\n\t\t\t\t\t\t\t<h3><span style=\"text-decoration: underline; color: #ff0000;\"><strong>Adresse email du secr\u00e9tariat<\/strong><\/span><\/h3><ul><li><a href=\"mailto:secretariat.secteur@catho91.fr\">secretariat.secteur@catho91.fr<\/a><\/li><\/ul>\t\t\t\t\t\t<\/div>\n\t\t\t\t<\/div>\n\t\t\t\t\t<\/div>\n\t\t<\/div>\n\t\t\t\t\t<\/div>\n\t\t<\/section>\n\t\t\t\t<section class=\"elementor-section elementor-top-section elementor-element elementor-element-590faba elementor-section-boxed elementor-section-height-default elementor-section-height-default\" data-id=\"590faba\" data-element_type=\"section\">\n\t\t\t\t\t\t<div class=\"elementor-container elementor-column-gap-default\">\n\t\t\t\t\t<div class=\"elementor-column elementor-col-100 elementor-top-column elementor-element elementor-element-8abd700\" data-id=\"8abd700\" data-element_type=\"column\">\n\t\t\t<div class=\"elementor-widget-wrap elementor-element-populated\">\n\t\t\t\t\t\t<div class=\"elementor-element elementor-element-bbde4b3 elementor-widget elementor-widget-text-editor\" data-id=\"bbde4b3\" data-element_type=\"widget\" data-widget_type=\"text-editor.default\">\n\t\t\t\t<div class=\"elementor-widget-container\">\n\t\t\t\t\t\t\t<h3><span style=\"text-decoration: underline; color: #ff0000;\"><strong>Adresse email de la cellule communication<br \/><\/strong><\/span><\/h3><ul><li><a href=\"mailto:communication.mv@catho91.fr\">communication.mv@catho91.fr<\/a><\/li><\/ul>\t\t\t\t\t\t<\/div>\n\t\t\t\t<\/div>\n\t\t\t\t\t<\/div>\n\t\t<\/div>\n\t\t\t\t\t<\/div>\n\t\t<\/section>\n\t\t\t\t<section class=\"elementor-section elementor-top-section elementor-element elementor-element-7e36496 elementor-section-boxed elementor-section-height-default elementor-section-height-default\" data-id=\"7e36496\" data-element_type=\"section\">\n\t\t\t\t\t\t<div class=\"elementor-container elementor-column-gap-default\">\n\t\t\t\t\t<div class=\"elementor-column elementor-col-100 elementor-top-column elementor-element elementor-element-76fea9c\" data-id=\"76fea9c\" data-element_type=\"column\">\n\t\t\t<div class=\"elementor-widget-wrap elementor-element-populated\">\n\t\t\t\t\t\t<div class=\"elementor-element elementor-element-f3c398d elementor-widget elementor-widget-text-editor\" data-id=\"f3c398d\" data-element_type=\"widget\" data-widget_type=\"text-editor.default\">\n\t\t\t\t<div class=\"elementor-widget-container\">\n\t\t\t\t\t\t\t<h3><span style=\"text-decoration: underline; color: #ff0000;\"><strong>Consignes pour les r\u00e9dacteurs<br \/><\/strong><\/span><\/h3><p style=\"padding-left: 40px;\">Les articles et les documents t\u00e9l\u00e9chargeables sont r\u00e9dig\u00e9s sous la responsabilit\u00e9 de leurs auteurs.<\/p><p style=\"padding-left: 40px;\">Vous ne pouvez pas y mettre de noms ou de contacts, sauf a avoir explicitement obtenu l&#8217;accord des personnes concern\u00e9es.<\/p><p style=\"padding-left: 40px;\">Vous ne pouvez pas formuler des propos, d\u00e9gradants, diffamatoires, injurieux,ou de fa\u00e7on plus g\u00e9n\u00e9rale, contraires au droit et aux bonnes m\u0153urs<\/p>\t\t\t\t\t\t<\/div>\n\t\t\t\t<\/div>\n\t\t\t\t\t<\/div>\n\t\t<\/div>\n\t\t\t\t\t<\/div>\n\t\t<\/section>\n\t\t\t\t<section class=\"elementor-section elementor-top-section elementor-element elementor-element-0e89bd1 elementor-section-boxed elementor-section-height-default elementor-section-height-default\" data-id=\"0e89bd1\" data-element_type=\"section\">\n\t\t\t\t\t\t<div class=\"elementor-container elementor-column-gap-default\">\n\t\t\t\t\t<div class=\"elementor-column elementor-col-100 elementor-top-column elementor-element elementor-element-3ba373e\" data-id=\"3ba373e\" data-element_type=\"column\">\n\t\t\t<div class=\"elementor-widget-wrap elementor-element-populated\">\n\t\t\t\t\t\t<div class=\"elementor-element elementor-element-a7fef82 elementor-widget elementor-widget-text-editor\" data-id=\"a7fef82\" data-element_type=\"widget\" data-widget_type=\"text-editor.default\">\n\t\t\t\t<div class=\"elementor-widget-container\">\n\t\t\t\t\t\t\t<h3><span style=\"text-decoration: underline; color: #ff0000;\"><strong>Le droit \u00e0 l&#8217;image<br \/><\/strong><\/span><\/h3><p style=\"padding-left: 40px;\">Si vous utilisez des photos ou \u0153uvres graphiques trouv\u00e9es sur Internet, vous devez les choisir libres de droits &#8211; Par ailleurs, si elles sont payantes, vous devez en avoir acquitt\u00e9 le prix.<\/p><p style=\"padding-left: 40px;\">Toute personne photographi\u00e9e dans un lieu priv\u00e9 doit imp\u00e9rativement donner son accord.<\/p><p style=\"padding-left: 40px;\">Une personne prise en photo dans un lieu public, qui ne s&#8217;y oppose pas est pr\u00e9sum\u00e9e consentante. En revanche, si la photo comporte un ou des \u00e9l\u00e9ments de la vie priv\u00e9e des personnes photographi\u00e9es vous devez avoir leur accord.<\/p><p style=\"padding-left: 40px;\">Les photos de groupe ne n\u00e9cessitent pas d\u2019accord particulier sauf dans le cas o\u00f9 vous voulez individualiser une personne du groupe.<\/p><p style=\"padding-left: 40px;\">L\u2019accord d\u2019une personne publique, si elle intervient dans l\u2019exercice de ses fonctions et que la photo n\u2019est pas d\u00e9gradante n\u2019est pas obligatoire.<\/p><p style=\"padding-left: 40px;\">Les images repr\u00e9sentant un \u00e9v\u00e9nement d\u2019actualit\u00e9 ne n\u00e9cessitent pas l\u2019accord des personnes qui y figurent en vertu du droit de l\u2019information. La photo doit n\u00e9anmoins \u00eatre utilis\u00e9e dans le cadre d\u2019une pr\u00e9sentation de l\u2019\u00e9v\u00e9nement.<\/p><p style=\"padding-left: 40px;\">Les images repr\u00e9sentant des personnes non identifiables du fait de la prise de vue ou de modifications d\u00e9lib\u00e9r\u00e9es (floutage) ne n\u00e9cessitent pas d\u2019autorisation<\/p>\t\t\t\t\t\t<\/div>\n\t\t\t\t<\/div>\n\t\t\t\t\t<\/div>\n\t\t<\/div>\n\t\t\t\t\t<\/div>\n\t\t<\/section>\n\t\t\t\t<section class=\"elementor-section elementor-top-section elementor-element elementor-element-8221090 elementor-section-boxed elementor-section-height-default elementor-section-height-default\" data-id=\"8221090\" data-element_type=\"section\">\n\t\t\t\t\t\t<div class=\"elementor-container elementor-column-gap-default\">\n\t\t\t\t\t<div class=\"elementor-column elementor-col-100 elementor-top-column elementor-element elementor-element-3a1c918\" data-id=\"3a1c918\" data-element_type=\"column\">\n\t\t\t<div class=\"elementor-widget-wrap elementor-element-populated\">\n\t\t\t\t\t\t<div class=\"elementor-element elementor-element-c3f5c13 elementor-widget elementor-widget-text-editor\" data-id=\"c3f5c13\" data-element_type=\"widget\" data-widget_type=\"text-editor.default\">\n\t\t\t\t<div class=\"elementor-widget-container\">\n\t\t\t\t\t\t\t<h3><span style=\"text-decoration: underline;\"><strong><span style=\"color: #ff0000; text-decoration: underline;\">Vid\u00e9o de formation \u00e0 destination des responsables d&#8217;activit\u00e9<\/span><br \/><\/strong><\/span><\/h3><ul><li><a href=\"https:\/\/massy-verrieres.catho91.fr\/_pdf\/VIDEOS\/majsite.mp4\" target=\"_blank\" rel=\"noopener\">vid\u00e9o de formation<\/a><\/li><\/ul>\t\t\t\t\t\t<\/div>\n\t\t\t\t<\/div>\n\t\t\t\t\t<\/div>\n\t\t<\/div>\n\t\t\t\t\t<\/div>\n\t\t<\/section>\n\t\t\t\t<\/div>\n\t\t","protected":false},"excerpt":{"rendered":"<p>Informations g\u00e9n\u00e9rales Adresse email du secr\u00e9tariat secretariat.secteur@catho91.fr Adresse email de la cellule communication communication.mv@catho91.fr Consignes pour les r\u00e9dacteurs Les articles et les documents t\u00e9l\u00e9chargeables sont r\u00e9dig\u00e9s sous la responsabilit\u00e9 de leurs auteurs. Vous ne pouvez pas y mettre de noms ou de contacts, sauf a avoir explicitement obtenu l&#8217;accord des personnes concern\u00e9es. Vous ne pouvez &hellip;<\/p>\n<p class=\"read-more\"> <a class=\"\" href=\"https:\/\/massy-verrieres.catho91.fr\/index.php\/general\/\"> <span class=\"screen-reader-text\">Informations g\u00e9n\u00e9rales<\/span> Lire la suite \u00bb<\/a><\/p>\n","protected":false},"author":1,"featured_media":0,"parent":0,"menu_order":0,"comment_status":"closed","ping_status":"closed","template":"","meta":{"_mc_calendar":[],"footnotes":""},"_links":{"self":[{"href":"https:\/\/massy-verrieres.catho91.fr\/index.php\/wp-json\/wp\/v2\/pages\/3914"}],"collection":[{"href":"https:\/\/massy-verrieres.catho91.fr\/index.php\/wp-json\/wp\/v2\/pages"}],"about":[{"href":"https:\/\/massy-verrieres.catho91.fr\/index.php\/wp-json\/wp\/v2\/types\/page"}],"author":[{"embeddable":true,"href":"https:\/\/massy-verrieres.catho91.fr\/index.php\/wp-json\/wp\/v2\/users\/1"}],"replies":[{"embeddable":true,"href":"https:\/\/massy-verrieres.catho91.fr\/index.php\/wp-json\/wp\/v2\/comments?post=3914"}],"version-history":[{"count":41,"href":"https:\/\/massy-verrieres.catho91.fr\/index.php\/wp-json\/wp\/v2\/pages\/3914\/revisions"}],"predecessor-version":[{"id":4431,"href":"https:\/\/massy-verrieres.catho91.fr\/index.php\/wp-json\/wp\/v2\/pages\/3914\/revisions\/4431"}],"wp:attachment":[{"href":"https:\/\/massy-verrieres.catho91.fr\/index.php\/wp-json\/wp\/v2\/media?parent=3914"}],"curies":[{"name":"wp","href":"https:\/\/api.w.org\/{rel}","templated":true}]}}