{"id":4433,"date":"2022-07-04T20:43:31","date_gmt":"2022-07-04T18:43:31","guid":{"rendered":"http:\/\/massy-verrieres.catho91.fr\/?page_id=4433"},"modified":"2022-07-04T23:01:25","modified_gmt":"2022-07-04T21:01:25","slug":"elementor-4433","status":"publish","type":"page","link":"https:\/\/massy-verrieres.catho91.fr\/index.php\/elementor-4433\/","title":{"rendered":"Reportage_1"},"content":{"rendered":"\t\t<div data-elementor-type=\"wp-page\" data-elementor-id=\"4433\" class=\"elementor elementor-4433\">\n\t\t\t\t\t\t<section class=\"elementor-section elementor-top-section elementor-element elementor-element-27576a7 elementor-section-boxed elementor-section-height-default elementor-section-height-default\" data-id=\"27576a7\" data-element_type=\"section\">\n\t\t\t\t\t\t<div class=\"elementor-container elementor-column-gap-default\">\n\t\t\t\t\t<div class=\"elementor-column elementor-col-100 elementor-top-column elementor-element elementor-element-2e3ba65\" data-id=\"2e3ba65\" data-element_type=\"column\">\n\t\t\t<div class=\"elementor-widget-wrap elementor-element-populated\">\n\t\t\t\t\t\t<div class=\"elementor-element elementor-element-0ae7deb elementor-widget elementor-widget-text-editor\" data-id=\"0ae7deb\" data-element_type=\"widget\" data-widget_type=\"text-editor.default\">\n\t\t\t\t<div class=\"elementor-widget-container\">\n\t\t\t\t\t\t\t<h2 style=\"text-align: center;\"><strong>JUBILE DES GROUPES SUF A CHAMBORD<\/strong><\/h2><h4 style=\"text-align: center;\"><em>&#8211; Week-end de Pentec\u00f4te 2022 &#8211;<\/em><\/h4>\t\t\t\t\t\t<\/div>\n\t\t\t\t<\/div>\n\t\t\t\t\t<\/div>\n\t\t<\/div>\n\t\t\t\t\t<\/div>\n\t\t<\/section>\n\t\t\t\t<section class=\"elementor-section elementor-top-section elementor-element elementor-element-77840ef elementor-section-boxed elementor-section-height-default elementor-section-height-default\" data-id=\"77840ef\" data-element_type=\"section\">\n\t\t\t\t\t\t<div class=\"elementor-container elementor-column-gap-default\">\n\t\t\t\t\t<div class=\"elementor-column elementor-col-100 elementor-top-column elementor-element elementor-element-1fc738c\" data-id=\"1fc738c\" data-element_type=\"column\">\n\t\t\t<div class=\"elementor-widget-wrap elementor-element-populated\">\n\t\t\t\t\t\t<div class=\"elementor-element elementor-element-7a907c8 elementor-widget elementor-widget-text-editor\" data-id=\"7a907c8\" data-element_type=\"widget\" data-widget_type=\"text-editor.default\">\n\t\t\t\t<div class=\"elementor-widget-container\">\n\t\t\t\t\t\t\t<p>Peut-\u00eatre savez-vous que les 2 groupes <span style=\"color: #f72d2d;\"><strong>SUF<\/strong><\/span> (<span style=\"color: #f72d2d;\"><strong>S<\/strong><\/span>couts <span style=\"color: #f72d2d;\"><strong>U<\/strong><\/span>nitaires de <span style=\"color: #f72d2d;\"><strong>F<\/strong><\/span>rance) de Verri\u00e8res-le-Buisson, <em>Honor\u00e9 d\u2019Estienne d\u2019Orves<\/em> et <em>Abb\u00e9 Franz Stock<\/em>, participaient le week-end de <span style=\"color: #f72d2d;\"><strong>Pentec\u00f4te 2022<\/strong><\/span> au <span style=\"color: #f72d2d;\"><strong>Jubil\u00e9<\/strong><\/span> du mouvement ?<\/p>\t\t\t\t\t\t<\/div>\n\t\t\t\t<\/div>\n\t\t\t\t\t<\/div>\n\t\t<\/div>\n\t\t\t\t\t<\/div>\n\t\t<\/section>\n\t\t\t\t<section class=\"elementor-section elementor-top-section elementor-element elementor-element-59fe772 elementor-section-boxed elementor-section-height-default elementor-section-height-default\" data-id=\"59fe772\" data-element_type=\"section\">\n\t\t\t\t\t\t<div class=\"elementor-container elementor-column-gap-default\">\n\t\t\t\t\t<div class=\"elementor-column elementor-col-25 elementor-top-column elementor-element elementor-element-88391c5\" data-id=\"88391c5\" data-element_type=\"column\">\n\t\t\t<div class=\"elementor-widget-wrap\">\n\t\t\t\t\t\t\t<\/div>\n\t\t<\/div>\n\t\t\t\t<div class=\"elementor-column elementor-col-25 elementor-top-column elementor-element elementor-element-82a186a\" data-id=\"82a186a\" data-element_type=\"column\">\n\t\t\t<div class=\"elementor-widget-wrap elementor-element-populated\">\n\t\t\t\t\t\t<div class=\"elementor-element elementor-element-6127995 elementor-widget elementor-widget-image\" data-id=\"6127995\" data-element_type=\"widget\" data-widget_type=\"image.default\">\n\t\t\t\t<div class=\"elementor-widget-container\">\n\t\t\t\t\t\t\t\t\t\t<figure class=\"wp-caption\">\n\t\t\t\t\t\t\t\t\t\t<img fetchpriority=\"high\" decoding=\"async\" width=\"193\" height=\"260\" src=\"https:\/\/massy-verrieres.catho91.fr\/wp-content\/uploads\/2022\/07\/HEO.jpg\" class=\"attachment-large size-large wp-image-4436\" alt=\"\" \/>\t\t\t\t\t\t\t\t\t\t\t<figcaption class=\"widget-image-caption wp-caption-text\">Honor\u00e9 d'Estienne d'Orves<\/figcaption>\n\t\t\t\t\t\t\t\t\t\t<\/figure>\n\t\t\t\t\t\t\t<\/div>\n\t\t\t\t<\/div>\n\t\t\t\t\t<\/div>\n\t\t<\/div>\n\t\t\t\t<div class=\"elementor-column elementor-col-25 elementor-top-column elementor-element elementor-element-480ec28\" data-id=\"480ec28\" data-element_type=\"column\">\n\t\t\t<div class=\"elementor-widget-wrap elementor-element-populated\">\n\t\t\t\t\t\t<div class=\"elementor-element elementor-element-dfd6a8b elementor-widget elementor-widget-image\" data-id=\"dfd6a8b\" data-element_type=\"widget\" data-widget_type=\"image.default\">\n\t\t\t\t<div class=\"elementor-widget-container\">\n\t\t\t\t\t\t\t\t\t\t<figure class=\"wp-caption\">\n\t\t\t\t\t\t\t\t\t\t<img decoding=\"async\" width=\"201\" height=\"284\" src=\"https:\/\/massy-verrieres.catho91.fr\/wp-content\/uploads\/2022\/07\/AFS.jpg\" class=\"attachment-large size-large wp-image-4437\" alt=\"\" \/>\t\t\t\t\t\t\t\t\t\t\t<figcaption class=\"widget-image-caption wp-caption-text\">Abb\u00e9 Franz Stock<\/figcaption>\n\t\t\t\t\t\t\t\t\t\t<\/figure>\n\t\t\t\t\t\t\t<\/div>\n\t\t\t\t<\/div>\n\t\t\t\t\t<\/div>\n\t\t<\/div>\n\t\t\t\t<div class=\"elementor-column elementor-col-25 elementor-top-column elementor-element elementor-element-9d2d78a\" data-id=\"9d2d78a\" data-element_type=\"column\">\n\t\t\t<div class=\"elementor-widget-wrap\">\n\t\t\t\t\t\t\t<\/div>\n\t\t<\/div>\n\t\t\t\t\t<\/div>\n\t\t<\/section>\n\t\t\t\t<section class=\"elementor-section elementor-top-section elementor-element elementor-element-aa8a3a2 elementor-section-boxed elementor-section-height-default elementor-section-height-default\" data-id=\"aa8a3a2\" data-element_type=\"section\">\n\t\t\t\t\t\t<div class=\"elementor-container elementor-column-gap-default\">\n\t\t\t\t\t<div class=\"elementor-column elementor-col-100 elementor-top-column elementor-element elementor-element-1b145a4\" data-id=\"1b145a4\" data-element_type=\"column\">\n\t\t\t<div class=\"elementor-widget-wrap elementor-element-populated\">\n\t\t\t\t\t\t<div class=\"elementor-element elementor-element-1ffc9a9 elementor-widget elementor-widget-text-editor\" data-id=\"1ffc9a9\" data-element_type=\"widget\" data-widget_type=\"text-editor.default\">\n\t\t\t\t<div class=\"elementor-widget-container\">\n\t\t\t\t\t\t\t<p>Peut-\u00eatre avez-vous entendu parl\u00e9 de la pluie diluvienne et la gr\u00eale qui se sont abattues d\u00e8s l\u2019arriv\u00e9e des participants\u00a0; la d\u00e9cision de M. Jean d&#8217;Haussonville, Directeur g\u00e9n\u00e9ral du Domaine national de Chambord, sans lequel ce jubil\u00e9 n\u2019aurait pu \u00eatre organis\u00e9, ni maintenu face aux intemp\u00e9ries quand il a ferm\u00e9 le ch\u00e2teau aux touristes pour abriter 8 000 louveteaux et Jeannettes\u00a0; les 30 000 scouts et 1 500 anciens et parents au service\u00a0; les 11 vagues de 55 autocars qui d\u00e9posent et rembarquent ce petit monde sur 1 km d\u2019une route transform\u00e9e en gare routi\u00e8re\u00a0; 1,5 tonne de confiture\u00a0; un campement si grand qu\u2019il fallait 1 heure de marche \u00e0 certains \u00e9claireurs pour rejoindre le lieu de rassemblement\u2026 et seulement tr\u00e8s peu de bless\u00e9s pour le plus grand rassemblement de scouts qui n\u2019ait jamais eu lieu en France.<\/p><p><span style=\"color: #ff0000;\"><strong>Mais savez-vous l\u2019ESSENTIEL ?<\/strong><\/span><\/p><ul><li>L\u2019extraordinaire <span style=\"color: #ff0000;\"><strong>force int\u00e9rieure<\/strong><\/span> des chefs et cheftaines de 17 \u00e0 24 ans, qui ont conserv\u00e9 l\u2019Esprit Scout dans l\u2019adversit\u00e9, gardant leur sang-froid, patients envers les plus petits, ordonnant les priorit\u00e9s avec justesse et abn\u00e9gation jusqu\u2019au bout de leur mission.<\/li><li>Le <span style=\"color: #ff0000;\"><strong>soutien ind\u00e9fectible des anciens et parents au service<\/strong><\/span>, nomm\u00e9s les <span style=\"color: #000000;\"><em>flamm\u00e8ches oranges<\/em><\/span> comme les \u00ab\u00a0 langues qu\u2019on aurait dites de feu\u00a0\u00bb (Ac 2, 3). Ils n\u2019ont pas compt\u00e9 leurs efforts, ni leur temps de sommeil, pour soutenir les unit\u00e9s, faire les sandwichs pour 30\u00a0000 personnes, porter les tentes et malles des louveteaux et des jeannettes, prendre en charge des enfants au p\u00f4le sant\u00e9\u2026<\/li><li>Une<span style=\"color: #ff0000;\"><strong> gigantesque messe<\/strong><\/span> pr\u00e9sid\u00e9e par Mgr Roug\u00e9 et c\u00e9l\u00e9br\u00e9e par 120 pr\u00eatres, aum\u00f4niers des diff\u00e9rents groupes scouts. Les beaux regards de ces jeunes, quand ils re\u00e7oivent la communion en vous regardant bien droit dans les yeux.<\/li><li>L\u2019<span style=\"color: #ff0000;\"><strong>exp\u00e9rience de la subsidiarit\u00e9<\/strong><\/span> o\u00f9, chacun \u00e0 sa place, du second de sizaine\u2026 aux assistants, Chefs d\u2019Unit\u00e9\u2026 Commissaire G\u00e9n\u00e9raux fait ce qu\u2019il a \u00e0 faire de son mieux, ne fait pas ce qu\u2019il sait pouvoir attendre de ses subordonn\u00e9s, et ainsi renforce une longue chaine de confiance et de respect mutuel.<\/li><li>Une <span style=\"color: #ff0000;\"><strong>veill\u00e9e<\/strong><\/span> se terminant dans un silence assourdissant avant de renouveler leur promesse.<\/li><\/ul><p>Comment est-ce possible ? Quelle extraordinaire folie anime ces scouts ? A quelle source puisent-ils cette vitalit\u00e9 ?\u00a0<span style=\"color: #ff0000;\"><strong>Prions<\/strong><\/span> pour que des chefs et des cheftaines se l\u00e8vent \u00e0 leur tour pour prendre le relais de leurs a\u00een\u00e9s qui vont voguer plus loin, et encourageons les jeunes \u00e0 s\u2019engager\u00a0!<\/p>\t\t\t\t\t\t<\/div>\n\t\t\t\t<\/div>\n\t\t\t\t\t<\/div>\n\t\t<\/div>\n\t\t\t\t\t<\/div>\n\t\t<\/section>\n\t\t\t\t<section class=\"elementor-section elementor-top-section elementor-element elementor-element-69203ef elementor-section-boxed elementor-section-height-default elementor-section-height-default\" data-id=\"69203ef\" data-element_type=\"section\">\n\t\t\t\t\t\t<div class=\"elementor-container elementor-column-gap-default\">\n\t\t\t\t\t<div class=\"elementor-column elementor-col-33 elementor-top-column elementor-element elementor-element-b2fdb2f\" data-id=\"b2fdb2f\" data-element_type=\"column\">\n\t\t\t<div class=\"elementor-widget-wrap\">\n\t\t\t\t\t\t\t<\/div>\n\t\t<\/div>\n\t\t\t\t<div class=\"elementor-column elementor-col-33 elementor-top-column elementor-element elementor-element-72d0f15\" data-id=\"72d0f15\" data-element_type=\"column\">\n\t\t\t<div class=\"elementor-widget-wrap elementor-element-populated\">\n\t\t\t\t\t\t<div class=\"elementor-element elementor-element-0595c22 elementor-widget elementor-widget-image\" data-id=\"0595c22\" data-element_type=\"widget\" data-widget_type=\"image.default\">\n\t\t\t\t<div class=\"elementor-widget-container\">\n\t\t\t\t\t\t\t\t\t\t\t\t\t<img decoding=\"async\" src=\"https:\/\/massy-verrieres.catho91.fr\/wp-content\/uploads\/2022\/07\/Logo_scout.png\" title=\"Logo_scout\" alt=\"\" loading=\"lazy\" \/>\t\t\t\t\t\t\t\t\t\t\t\t\t<\/div>\n\t\t\t\t<\/div>\n\t\t\t\t\t<\/div>\n\t\t<\/div>\n\t\t\t\t<div class=\"elementor-column elementor-col-33 elementor-top-column elementor-element elementor-element-170c19a\" data-id=\"170c19a\" data-element_type=\"column\">\n\t\t\t<div class=\"elementor-widget-wrap elementor-element-populated\">\n\t\t\t\t\t\t<div class=\"elementor-element elementor-element-c1c64a0 elementor-widget elementor-widget-text-editor\" data-id=\"c1c64a0\" data-element_type=\"widget\" data-widget_type=\"text-editor.default\">\n\t\t\t\t<div class=\"elementor-widget-container\">\n\t\t\t\t\t\t\t<h6 style=\"text-align: right;\"><em>Renaud et Lucile, chefs du Groupe AFS (<a href=\"mailto:verrieresfranzstock@scouts-unitaires.org\">verrieresfranzstock@scouts-unitaires.org<\/a>) <\/em><em>Beno\u00eet et Doroth\u00e9e, chefs de Groupe HEO (<a href=\"mailto:sufheo@gmail.com\">sufheo@gmail.com<\/a>)<\/em><\/h6>\t\t\t\t\t\t<\/div>\n\t\t\t\t<\/div>\n\t\t\t\t\t<\/div>\n\t\t<\/div>\n\t\t\t\t\t<\/div>\n\t\t<\/section>\n\t\t\t\t<section class=\"elementor-section elementor-top-section elementor-element elementor-element-4e44f58 elementor-section-boxed elementor-section-height-default elementor-section-height-default\" data-id=\"4e44f58\" data-element_type=\"section\">\n\t\t\t\t\t\t<div class=\"elementor-container elementor-column-gap-default\">\n\t\t\t\t\t<div class=\"elementor-column elementor-col-50 elementor-top-column elementor-element elementor-element-55f61ce\" data-id=\"55f61ce\" data-element_type=\"column\">\n\t\t\t<div class=\"elementor-widget-wrap elementor-element-populated\">\n\t\t\t\t\t\t<div class=\"elementor-element elementor-element-b6b2571 elementor-widget elementor-widget-video\" data-id=\"b6b2571\" data-element_type=\"widget\" data-settings=\"{&quot;youtube_url&quot;:&quot;https:\\\/\\\/www.youtube.com\\\/watch?v=Td0yKuGRs7M&quot;,&quot;video_type&quot;:&quot;youtube&quot;,&quot;controls&quot;:&quot;yes&quot;}\" data-widget_type=\"video.default\">\n\t\t\t\t<div class=\"elementor-widget-container\">\n\t\t\t\t\t<div class=\"elementor-wrapper elementor-open-inline\">\n\t\t\t<div class=\"elementor-video\"><\/div>\t\t<\/div>\n\t\t\t\t<\/div>\n\t\t\t\t<\/div>\n\t\t\t\t\t<\/div>\n\t\t<\/div>\n\t\t\t\t<div class=\"elementor-column elementor-col-50 elementor-top-column elementor-element elementor-element-b3b9035\" data-id=\"b3b9035\" data-element_type=\"column\">\n\t\t\t<div class=\"elementor-widget-wrap elementor-element-populated\">\n\t\t\t\t\t\t<div class=\"elementor-element elementor-element-2982adb elementor-widget elementor-widget-video\" data-id=\"2982adb\" data-element_type=\"widget\" data-settings=\"{&quot;youtube_url&quot;:&quot;https:\\\/\\\/www.youtube.com\\\/watch?v=O5c0a0br43s&quot;,&quot;video_type&quot;:&quot;youtube&quot;,&quot;controls&quot;:&quot;yes&quot;}\" data-widget_type=\"video.default\">\n\t\t\t\t<div class=\"elementor-widget-container\">\n\t\t\t\t\t<div class=\"elementor-wrapper elementor-open-inline\">\n\t\t\t<div class=\"elementor-video\"><\/div>\t\t<\/div>\n\t\t\t\t<\/div>\n\t\t\t\t<\/div>\n\t\t\t\t\t<\/div>\n\t\t<\/div>\n\t\t\t\t\t<\/div>\n\t\t<\/section>\n\t\t\t\t<\/div>\n\t\t","protected":false},"excerpt":{"rendered":"<p>JUBILE DES GROUPES SUF A CHAMBORD &#8211; Week-end de Pentec\u00f4te 2022 &#8211; Peut-\u00eatre savez-vous que les 2 groupes SUF (Scouts Unitaires de France) de Verri\u00e8res-le-Buisson, Honor\u00e9 d\u2019Estienne d\u2019Orves et Abb\u00e9 Franz Stock, participaient le week-end de Pentec\u00f4te 2022 au Jubil\u00e9 du mouvement ? Honor\u00e9 d&#8217;Estienne d&#8217;Orves Abb\u00e9 Franz Stock Peut-\u00eatre avez-vous entendu parl\u00e9 de la &hellip;<\/p>\n<p class=\"read-more\"> <a class=\"\" href=\"https:\/\/massy-verrieres.catho91.fr\/index.php\/elementor-4433\/\"> <span class=\"screen-reader-text\">Reportage_1<\/span> Lire la suite \u00bb<\/a><\/p>\n","protected":false},"author":8,"featured_media":0,"parent":0,"menu_order":0,"comment_status":"closed","ping_status":"closed","template":"","meta":{"_mc_calendar":[],"footnotes":""},"_links":{"self":[{"href":"https:\/\/massy-verrieres.catho91.fr\/index.php\/wp-json\/wp\/v2\/pages\/4433"}],"collection":[{"href":"https:\/\/massy-verrieres.catho91.fr\/index.php\/wp-json\/wp\/v2\/pages"}],"about":[{"href":"https:\/\/massy-verrieres.catho91.fr\/index.php\/wp-json\/wp\/v2\/types\/page"}],"author":[{"embeddable":true,"href":"https:\/\/massy-verrieres.catho91.fr\/index.php\/wp-json\/wp\/v2\/users\/8"}],"replies":[{"embeddable":true,"href":"https:\/\/massy-verrieres.catho91.fr\/index.php\/wp-json\/wp\/v2\/comments?post=4433"}],"version-history":[{"count":42,"href":"https:\/\/massy-verrieres.catho91.fr\/index.php\/wp-json\/wp\/v2\/pages\/4433\/revisions"}],"predecessor-version":[{"id":5306,"href":"https:\/\/massy-verrieres.catho91.fr\/index.php\/wp-json\/wp\/v2\/pages\/4433\/revisions\/5306"}],"wp:attachment":[{"href":"https:\/\/massy-verrieres.catho91.fr\/index.php\/wp-json\/wp\/v2\/media?parent=4433"}],"curies":[{"name":"wp","href":"https:\/\/api.w.org\/{rel}","templated":true}]}}