{"id":4511,"date":"2022-07-04T23:49:47","date_gmt":"2022-07-04T21:49:47","guid":{"rendered":"http:\/\/massy-verrieres.catho91.fr\/?page_id=4511"},"modified":"2022-07-04T23:52:53","modified_gmt":"2022-07-04T21:52:53","slug":"reportage_2-2","status":"publish","type":"page","link":"https:\/\/massy-verrieres.catho91.fr\/index.php\/reportage_2-2\/","title":{"rendered":"Reportage_2"},"content":{"rendered":"\t\t<div data-elementor-type=\"wp-page\" data-elementor-id=\"4511\" class=\"elementor elementor-4511\">\n\t\t\t\t\t\t<section class=\"elementor-section elementor-top-section elementor-element elementor-element-e7a3f7d elementor-section-boxed elementor-section-height-default elementor-section-height-default\" data-id=\"e7a3f7d\" data-element_type=\"section\">\n\t\t\t\t\t\t<div class=\"elementor-container elementor-column-gap-default\">\n\t\t\t\t\t<div class=\"elementor-column elementor-col-100 elementor-top-column elementor-element elementor-element-5143ad9\" data-id=\"5143ad9\" data-element_type=\"column\">\n\t\t\t<div class=\"elementor-widget-wrap elementor-element-populated\">\n\t\t\t\t\t\t<div class=\"elementor-element elementor-element-a158c8d elementor-widget elementor-widget-text-editor\" data-id=\"a158c8d\" data-element_type=\"widget\" data-widget_type=\"text-editor.default\">\n\t\t\t\t<div class=\"elementor-widget-container\">\n\t\t\t\t\t\t\t<h2 style=\"text-align: center;\"><strong>PELERINAGE NOTRE-DAME-DE-FATIMA<\/strong><\/h2><h4 style=\"text-align: center;\"><em>&#8211; 13 mai 2022 &#8211;<\/em><\/h4>\t\t\t\t\t\t<\/div>\n\t\t\t\t<\/div>\n\t\t\t\t\t<\/div>\n\t\t<\/div>\n\t\t\t\t\t<\/div>\n\t\t<\/section>\n\t\t\t\t<section class=\"elementor-section elementor-top-section elementor-element elementor-element-2899e1a elementor-section-boxed elementor-section-height-default elementor-section-height-default\" data-id=\"2899e1a\" data-element_type=\"section\">\n\t\t\t\t\t\t<div class=\"elementor-container elementor-column-gap-default\">\n\t\t\t\t\t<div class=\"elementor-column elementor-col-50 elementor-top-column elementor-element elementor-element-9076b83\" data-id=\"9076b83\" data-element_type=\"column\">\n\t\t\t<div class=\"elementor-widget-wrap elementor-element-populated\">\n\t\t\t\t\t\t<div class=\"elementor-element elementor-element-8f7bc01 elementor-widget elementor-widget-image\" data-id=\"8f7bc01\" data-element_type=\"widget\" data-widget_type=\"image.default\">\n\t\t\t\t<div class=\"elementor-widget-container\">\n\t\t\t\t\t\t\t\t\t\t<figure class=\"wp-caption\">\n\t\t\t\t\t\t\t\t\t\t<img fetchpriority=\"high\" decoding=\"async\" width=\"665\" height=\"1024\" src=\"https:\/\/massy-verrieres.catho91.fr\/wp-content\/uploads\/2022\/07\/ND-Fatima-665x1024.jpg\" class=\"attachment-large size-large wp-image-4513\" alt=\"\" srcset=\"https:\/\/massy-verrieres.catho91.fr\/wp-content\/uploads\/2022\/07\/ND-Fatima-665x1024.jpg 665w, https:\/\/massy-verrieres.catho91.fr\/wp-content\/uploads\/2022\/07\/ND-Fatima-195x300.jpg 195w, https:\/\/massy-verrieres.catho91.fr\/wp-content\/uploads\/2022\/07\/ND-Fatima-768x1182.jpg 768w, https:\/\/massy-verrieres.catho91.fr\/wp-content\/uploads\/2022\/07\/ND-Fatima.jpg 832w\" sizes=\"(max-width: 665px) 100vw, 665px\" \/>\t\t\t\t\t\t\t\t\t\t\t<figcaption class=\"widget-image-caption wp-caption-text\">Procession aux flambeaux dans le quartier de Grais<\/figcaption>\n\t\t\t\t\t\t\t\t\t\t<\/figure>\n\t\t\t\t\t\t\t<\/div>\n\t\t\t\t<\/div>\n\t\t\t\t\t<\/div>\n\t\t<\/div>\n\t\t\t\t<div class=\"elementor-column elementor-col-50 elementor-top-column elementor-element elementor-element-05cb977\" data-id=\"05cb977\" data-element_type=\"column\">\n\t\t\t<div class=\"elementor-widget-wrap elementor-element-populated\">\n\t\t\t\t\t\t<div class=\"elementor-element elementor-element-43684c7 elementor-widget elementor-widget-text-editor\" data-id=\"43684c7\" data-element_type=\"widget\" data-widget_type=\"text-editor.default\">\n\t\t\t\t<div class=\"elementor-widget-container\">\n\t\t\t\t\t\t\t<p>Le <span style=\"color: #3366ff;\"><strong>13 mai<\/strong><\/span> est une date ch\u00e8re \u00e0 la communaut\u00e9 portugaise et \u00e0 ceux qui v\u00e9n\u00e8rent <strong><span style=\"color: #3366ff;\">Notre-Dame de Fatima<\/span><\/strong>. Apr\u00e8s deux ann\u00e9es blanches, nous avons pu nous retrouver, comme depuis 15 ans, pour cette belle f\u00eate.<\/p><p>Apr\u00e8s la <span style=\"color: #3366ff;\"><strong>messe<\/strong><\/span> c\u00e9l\u00e9br\u00e9e \u00e0 la <em>Chapelle St-Augustin<\/em>, nous avons pri\u00e9 ensemble la <strong><span style=\"color: #3366ff;\">cons\u00e9cration \u00e0 ND de Fatima<\/span><\/strong>, celle-l\u00e0 m\u00eame que le Pape Fran\u00e7ois \u00e0 r\u00e9dig\u00e9 pour confier son minist\u00e8re. Ensuite, nous sommes partis pour une belle <strong><span style=\"color: #3366ff;\">procession aux flambeaux<\/span><\/strong> dans le quartier de Grais. Apr\u00e8s ce temps spirituel, nous avons partag\u00e9 un <strong><span style=\"color: #3366ff;\">repas<\/span><\/strong>, notamment avec des sp\u00e9cialit\u00e9s portugaises.<\/p><p>Nous remercions les organisateurs, les animateurs et celles et ceux qui se sont joints \u00e0 nous par la pr\u00e9sence et la pri\u00e8re. Nous vous donnons d\u00e9j\u00e0 <strong><span style=\"color: #3366ff;\">rendez-vous pour l\u2019\u00e9dition 2023<\/span><\/strong> !<\/p>\t\t\t\t\t\t<\/div>\n\t\t\t\t<\/div>\n\t\t\t\t\t<\/div>\n\t\t<\/div>\n\t\t\t\t\t<\/div>\n\t\t<\/section>\n\t\t\t\t<\/div>\n\t\t","protected":false},"excerpt":{"rendered":"<p>PELERINAGE NOTRE-DAME-DE-FATIMA &#8211; 13 mai 2022 &#8211; Procession aux flambeaux dans le quartier de Grais Le 13 mai est une date ch\u00e8re \u00e0 la communaut\u00e9 portugaise et \u00e0 ceux qui v\u00e9n\u00e8rent Notre-Dame de Fatima. Apr\u00e8s deux ann\u00e9es blanches, nous avons pu nous retrouver, comme depuis 15 ans, pour cette belle f\u00eate. Apr\u00e8s la messe c\u00e9l\u00e9br\u00e9e &hellip;<\/p>\n<p class=\"read-more\"> <a class=\"\" href=\"https:\/\/massy-verrieres.catho91.fr\/index.php\/reportage_2-2\/\"> <span class=\"screen-reader-text\">Reportage_2<\/span> Lire la suite \u00bb<\/a><\/p>\n","protected":false},"author":8,"featured_media":0,"parent":0,"menu_order":0,"comment_status":"closed","ping_status":"closed","template":"","meta":{"_mc_calendar":[],"footnotes":""},"_links":{"self":[{"href":"https:\/\/massy-verrieres.catho91.fr\/index.php\/wp-json\/wp\/v2\/pages\/4511"}],"collection":[{"href":"https:\/\/massy-verrieres.catho91.fr\/index.php\/wp-json\/wp\/v2\/pages"}],"about":[{"href":"https:\/\/massy-verrieres.catho91.fr\/index.php\/wp-json\/wp\/v2\/types\/page"}],"author":[{"embeddable":true,"href":"https:\/\/massy-verrieres.catho91.fr\/index.php\/wp-json\/wp\/v2\/users\/8"}],"replies":[{"embeddable":true,"href":"https:\/\/massy-verrieres.catho91.fr\/index.php\/wp-json\/wp\/v2\/comments?post=4511"}],"version-history":[{"count":4,"href":"https:\/\/massy-verrieres.catho91.fr\/index.php\/wp-json\/wp\/v2\/pages\/4511\/revisions"}],"predecessor-version":[{"id":4516,"href":"https:\/\/massy-verrieres.catho91.fr\/index.php\/wp-json\/wp\/v2\/pages\/4511\/revisions\/4516"}],"wp:attachment":[{"href":"https:\/\/massy-verrieres.catho91.fr\/index.php\/wp-json\/wp\/v2\/media?parent=4511"}],"curies":[{"name":"wp","href":"https:\/\/api.w.org\/{rel}","templated":true}]}}