{"id":874,"date":"2020-12-07T12:25:08","date_gmt":"2020-12-07T11:25:08","guid":{"rendered":"http:\/\/massy-verrieres.catho91.fr\/?page_id=874"},"modified":"2024-02-26T13:58:44","modified_gmt":"2024-02-26T12:58:44","slug":"musique_chant","status":"publish","type":"page","link":"https:\/\/massy-verrieres.catho91.fr\/index.php\/musique_chant\/","title":{"rendered":"Musique"},"content":{"rendered":"\t\t<div data-elementor-type=\"wp-page\" data-elementor-id=\"874\" class=\"elementor elementor-874\">\n\t\t\t\t\t\t<section class=\"elementor-section elementor-top-section elementor-element elementor-element-60eeba8 elementor-section-height-min-height elementor-section-boxed elementor-section-height-default elementor-section-items-middle\" data-id=\"60eeba8\" data-element_type=\"section\">\n\t\t\t\t\t\t<div class=\"elementor-container elementor-column-gap-no\">\n\t\t\t\t\t<div class=\"elementor-column elementor-col-33 elementor-top-column elementor-element elementor-element-c382988\" data-id=\"c382988\" data-element_type=\"column\">\n\t\t\t<div class=\"elementor-widget-wrap elementor-element-populated\">\n\t\t\t\t\t\t<div class=\"elementor-element elementor-element-bb759a3 elementor-widget elementor-widget-image\" data-id=\"bb759a3\" data-element_type=\"widget\" data-widget_type=\"image.default\">\n\t\t\t\t<div class=\"elementor-widget-container\">\n\t\t\t\t\t\t\t\t\t\t\t\t\t<img fetchpriority=\"high\" decoding=\"async\" width=\"768\" height=\"768\" src=\"https:\/\/massy-verrieres.catho91.fr\/wp-content\/uploads\/2020\/12\/activites01.png\" class=\"attachment-full size-full wp-image-1272\" alt=\"\" srcset=\"https:\/\/massy-verrieres.catho91.fr\/wp-content\/uploads\/2020\/12\/activites01.png 768w, https:\/\/massy-verrieres.catho91.fr\/wp-content\/uploads\/2020\/12\/activites01-300x300.png 300w, https:\/\/massy-verrieres.catho91.fr\/wp-content\/uploads\/2020\/12\/activites01-150x150.png 150w\" sizes=\"(max-width: 768px) 100vw, 768px\" \/>\t\t\t\t\t\t\t\t\t\t\t\t\t<\/div>\n\t\t\t\t<\/div>\n\t\t\t\t\t<\/div>\n\t\t<\/div>\n\t\t\t\t<div class=\"elementor-column elementor-col-66 elementor-top-column elementor-element elementor-element-2e4872a\" data-id=\"2e4872a\" data-element_type=\"column\">\n\t\t\t<div class=\"elementor-widget-wrap elementor-element-populated\">\n\t\t\t\t\t\t<div class=\"elementor-element elementor-element-44034ba elementor-widget-divider--view-line_text elementor-widget-divider--element-align-center elementor-widget elementor-widget-divider\" data-id=\"44034ba\" data-element_type=\"widget\" data-widget_type=\"divider.default\">\n\t\t\t\t<div class=\"elementor-widget-container\">\n\t\t\t\t\t<div class=\"elementor-divider\">\n\t\t\t<span class=\"elementor-divider-separator\">\n\t\t\t\t\t\t\t<span class=\"elementor-divider__text elementor-divider__element\">\n\t\t\t\tLes activit\u00e9s\ndu secteur\t\t\t\t<\/span>\n\t\t\t\t\t\t<\/span>\n\t\t<\/div>\n\t\t\t\t<\/div>\n\t\t\t\t<\/div>\n\t\t\t\t\t<\/div>\n\t\t<\/div>\n\t\t\t\t\t<\/div>\n\t\t<\/section>\n\t\t\t\t<section class=\"elementor-section elementor-top-section elementor-element elementor-element-a1982e6 elementor-section-boxed elementor-section-height-default elementor-section-height-default\" data-id=\"a1982e6\" data-element_type=\"section\">\n\t\t\t\t\t\t<div class=\"elementor-container elementor-column-gap-default\">\n\t\t\t\t\t<div class=\"elementor-column elementor-col-100 elementor-top-column elementor-element elementor-element-2ad4fea\" data-id=\"2ad4fea\" data-element_type=\"column\" data-settings=\"{&quot;background_background&quot;:&quot;classic&quot;}\">\n\t\t\t<div class=\"elementor-widget-wrap elementor-element-populated\">\n\t\t\t\t\t\t<div class=\"elementor-element elementor-element-6f0417c elementor-position-right elementor-vertical-align-top elementor-widget elementor-widget-image-box\" data-id=\"6f0417c\" data-element_type=\"widget\" data-widget_type=\"image-box.default\">\n\t\t\t\t<div class=\"elementor-widget-container\">\n\t\t\t<div class=\"elementor-image-box-wrapper\"><figure class=\"elementor-image-box-img\"><img decoding=\"async\" width=\"660\" height=\"330\" src=\"https:\/\/massy-verrieres.catho91.fr\/wp-content\/uploads\/2020\/12\/musique-660x330-transparent.png\" class=\"attachment-full size-full wp-image-1492\" alt=\"\" srcset=\"https:\/\/massy-verrieres.catho91.fr\/wp-content\/uploads\/2020\/12\/musique-660x330-transparent.png 660w, https:\/\/massy-verrieres.catho91.fr\/wp-content\/uploads\/2020\/12\/musique-660x330-transparent-300x150.png 300w\" sizes=\"(max-width: 660px) 100vw, 660px\" \/><\/figure><div class=\"elementor-image-box-content\"><h3 class=\"elementor-image-box-title\">Musique et Chant<\/h3><p class=\"elementor-image-box-description\">\u00ab\u00a0Louez-le en sonnant du cor, louez-le sur la harpe et la cithare ; louez-le par les cordes et les fl\u00fbtes, louez-le par la danse et le tambour !\u00a0\u00bb (Ps 150, 3.4)<\/p><\/div><\/div>\t\t<\/div>\n\t\t\t\t<\/div>\n\t\t\t\t<div class=\"elementor-element elementor-element-59681a3 elementor-widget elementor-widget-text-editor\" data-id=\"59681a3\" data-element_type=\"widget\" data-widget_type=\"text-editor.default\">\n\t\t\t\t<div class=\"elementor-widget-container\">\n\t\t\t\t\t\t\t<p>Le chant est le signe de l\u2019all\u00e9gresse du c\u0153ur. Il est pri\u00e8re d\u2019adoration, de p\u00e9nitence, de demande, de louange et de m\u00e9ditation. Lors de la messe, musique et voix soutiennent et accompagnent la c\u00e9l\u00e9bration. Ainsi, d&#8217;une m\u00eame voix, l&#8217;assembl\u00e9e s&#8217;unit en rendant gloire \u00e0 Dieu.<\/p>\t\t\t\t\t\t<\/div>\n\t\t\t\t<\/div>\n\t\t\t\t<div class=\"elementor-element elementor-element-0af508d elementor-widget elementor-widget-text-editor\" data-id=\"0af508d\" data-element_type=\"widget\" data-widget_type=\"text-editor.default\">\n\t\t\t\t<div class=\"elementor-widget-container\">\n\t\t\t\t\t\t\t<p><span style=\"text-decoration: underline;\">Notre mode de fonctionnement<\/span><\/p><p>Le chant de l&#8217;assembl\u00e9e est guid\u00e9 par le chantre qui choisit les cantiques et les chants dits de l&#8217;<i>ordinaire de la messe<\/i> (kyrie, gloria, etc.). Il sollicite les organistes, d&#8217;autres musiciens, la chorale pour l&#8217;accompagnement musical. Les chantres d&#8217;une paroisse se relaient au pupitre au fil des messes.\u00a0 Plus les chantres sont nombreux et plus la t\u00e2che est ais\u00e9e. Les nouveaux sont accueillis avec joie dans le groupe. Si n\u00e9cessaire, une formation peut leur \u00eatre faite par les chantres les mieux exp\u00e9riment\u00e9s ou bien lors de stages sp\u00e9cialis\u00e9s. L&#8217;important est surtout de chanter juste. Le r\u00e9pertoire de nos paroisses s\u2019enrichit au gr\u00e9 des apports de chacun.<\/p>\t\t\t\t\t\t<\/div>\n\t\t\t\t<\/div>\n\t\t\t\t<div class=\"elementor-element elementor-element-d28769a elementor-widget elementor-widget-text-editor\" data-id=\"d28769a\" data-element_type=\"widget\" data-widget_type=\"text-editor.default\">\n\t\t\t\t<div class=\"elementor-widget-container\">\n\t\t\t\t\t\t\t<p><span style=\"text-decoration: underline;\">Les chorales<\/span><\/p><p>Plusieurs chorales existent sur le secteur de Massy-Verri\u00e8res que de nouveaux chanteurs peuvent rejoindre. Des groupes vocaux sont parfois cr\u00e9\u00e9s pour les besoins d&#8217;une c\u00e9l\u00e9bration particuli\u00e8re. Tous les chanteurs peuvent s&#8217;assembler lors de c\u00e9l\u00e9brations communautaires du secteur.<\/p>\t\t\t\t\t\t<\/div>\n\t\t\t\t<\/div>\n\t\t\t\t<div class=\"elementor-element elementor-element-4403500 elementor-widget elementor-widget-text-editor\" data-id=\"4403500\" data-element_type=\"widget\" data-widget_type=\"text-editor.default\">\n\t\t\t\t<div class=\"elementor-widget-container\">\n\t\t\t\t\t\t\t<p><span style=\"text-decoration: underline;\">Les instrumentistes<\/span><\/p><p>Les musiciens de nos paroisses mettent leurs talents au service de l&#8217;assembl\u00e9e, tant pour les messes paroissiales que pour les grandes c\u00e9l\u00e9brations communautaires. Participer \u00e0 l&#8217;accompagnement de la messe est un bon exercice pour l&#8217;apprenti musicien et pour les musiciens plus exp\u00e9riment\u00e9s. Tous les musiciens, qu&#8217;ils pratiquent des instruments \u00e0 vent, \u00e0 cordes ou percussions, sont les bienvenus.<\/p>\t\t\t\t\t\t<\/div>\n\t\t\t\t<\/div>\n\t\t\t\t<div class=\"elementor-element elementor-element-a20f3c1 elementor-widget elementor-widget-text-editor\" data-id=\"a20f3c1\" data-element_type=\"widget\" data-widget_type=\"text-editor.default\">\n\t\t\t\t<div class=\"elementor-widget-container\">\n\t\t\t\t\t\t\t<p><span style=\"text-decoration: underline;\">La &#8220;messe de Verri\u00e8res&#8221;<\/span><\/p><p>Enfin, des musiciens du secteur ont compos\u00e9 un <em>ordinaire de messe<\/em>, des psaumes et quelques autres chants sp\u00e9cifiques que vous trouverez sur <a href=\"https:\/\/messedeverrieres.fr\" target=\"_blank\" rel=\"noopener\">&#8220;la messe de Verri\u00e8res&#8221;<\/a><\/p>\t\t\t\t\t\t<\/div>\n\t\t\t\t<\/div>\n\t\t\t\t\t<\/div>\n\t\t<\/div>\n\t\t\t\t\t<\/div>\n\t\t<\/section>\n\t\t\t\t<section class=\"elementor-section elementor-top-section elementor-element elementor-element-ae0a4ab elementor-section-boxed elementor-section-height-default elementor-section-height-default\" data-id=\"ae0a4ab\" data-element_type=\"section\">\n\t\t\t\t\t\t<div class=\"elementor-container elementor-column-gap-default\">\n\t\t\t\t\t<div class=\"elementor-column elementor-col-100 elementor-top-column elementor-element elementor-element-8ce7c6a\" data-id=\"8ce7c6a\" data-element_type=\"column\">\n\t\t\t<div class=\"elementor-widget-wrap elementor-element-populated\">\n\t\t\t\t\t\t<div class=\"elementor-element elementor-element-969599e elementor-widget elementor-widget-spacer\" data-id=\"969599e\" data-element_type=\"widget\" data-widget_type=\"spacer.default\">\n\t\t\t\t<div class=\"elementor-widget-container\">\n\t\t\t\t\t<div class=\"elementor-spacer\">\n\t\t\t<div class=\"elementor-spacer-inner\"><\/div>\n\t\t<\/div>\n\t\t\t\t<\/div>\n\t\t\t\t<\/div>\n\t\t\t\t\t<\/div>\n\t\t<\/div>\n\t\t\t\t\t<\/div>\n\t\t<\/section>\n\t\t\t\t<section class=\"elementor-section elementor-top-section elementor-element elementor-element-1e4cbe3 elementor-section-boxed elementor-section-height-default elementor-section-height-default\" data-id=\"1e4cbe3\" data-element_type=\"section\">\n\t\t\t\t\t\t<div class=\"elementor-container elementor-column-gap-default\">\n\t\t\t\t\t<div class=\"elementor-column elementor-col-100 elementor-top-column elementor-element elementor-element-a61a76f\" data-id=\"a61a76f\" data-element_type=\"column\" data-settings=\"{&quot;background_background&quot;:&quot;classic&quot;}\">\n\t\t\t<div class=\"elementor-widget-wrap elementor-element-populated\">\n\t\t\t\t\t\t<div class=\"elementor-element elementor-element-a9d2521 elementor-widget elementor-widget-text-editor\" data-id=\"a9d2521\" data-element_type=\"widget\" data-widget_type=\"text-editor.default\">\n\t\t\t\t<div class=\"elementor-widget-container\">\n\t\t\t\t\t\t\t<h4><span style=\"color: #000000;\">Vous souhaitez \u00eatre un des acteurs musicaux de nos paroisses ? Laissez nous un message :<\/span><\/h4>\t\t\t\t\t\t<\/div>\n\t\t\t\t<\/div>\n\t\t\t\t<div class=\"elementor-element elementor-element-84722c3 e-transform elementor-widget elementor-widget-wp-widget-wpforms-widget\" data-id=\"84722c3\" data-element_type=\"widget\" data-settings=\"{&quot;_transform_scale_effect&quot;:{&quot;unit&quot;:&quot;px&quot;,&quot;size&quot;:0.8,&quot;sizes&quot;:[]},&quot;_transform_scale_effect_tablet&quot;:{&quot;unit&quot;:&quot;px&quot;,&quot;size&quot;:&quot;&quot;,&quot;sizes&quot;:[]},&quot;_transform_scale_effect_mobile&quot;:{&quot;unit&quot;:&quot;px&quot;,&quot;size&quot;:&quot;&quot;,&quot;sizes&quot;:[]}}\" data-widget_type=\"wp-widget-wpforms-widget.default\">\n\t\t\t\t<div class=\"elementor-widget-container\">\n\t\t\t<div class=\"wpforms-container wpforms-container-full\" id=\"wpforms-2235\"><form id=\"wpforms-form-2235\" class=\"wpforms-validate wpforms-form\" data-formid=\"2235\" method=\"post\" enctype=\"multipart\/form-data\" action=\"\/index.php\/wp-json\/wp\/v2\/pages\/874\" data-token=\"b937bf446b4526f136addf0f07e633f1\" data-token-time=\"1775715667\"><noscript class=\"wpforms-error-noscript\">Veuillez activer JavaScript dans votre navigateur pour remplir ce formulaire.<\/noscript><div class=\"wpforms-field-container\"><div id=\"wpforms-2235-field_0-container\" class=\"wpforms-field wpforms-field-name\" data-field-id=\"0\"><label class=\"wpforms-field-label\" for=\"wpforms-2235-field_0\">Votre identit\u00e9 <span class=\"wpforms-required-label\">*<\/span><\/label><div class=\"wpforms-field-row wpforms-field-medium\"><div class=\"wpforms-field-row-block wpforms-first wpforms-one-half\"><input type=\"text\" id=\"wpforms-2235-field_0\" class=\"wpforms-field-name-first wpforms-field-required\" name=\"wpforms[fields][0][first]\" required><label for=\"wpforms-2235-field_0\" class=\"wpforms-field-sublabel after\">Pr\u00e9nom<\/label><\/div><div class=\"wpforms-field-row-block wpforms-one-half\"><input type=\"text\" id=\"wpforms-2235-field_0-last\" class=\"wpforms-field-name-last wpforms-field-required\" name=\"wpforms[fields][0][last]\" required><label for=\"wpforms-2235-field_0-last\" class=\"wpforms-field-sublabel after\">Nom<\/label><\/div><\/div><\/div><div id=\"wpforms-2235-field_4-container\" class=\"wpforms-field wpforms-field-text\" data-field-id=\"4\"><label class=\"wpforms-field-label\" for=\"wpforms-2235-field_4\">Votre adresse email ou votre num\u00e9ro de t\u00e9l\u00e9phone<\/label><input type=\"text\" id=\"wpforms-2235-field_4\" class=\"wpforms-field-medium\" name=\"wpforms[fields][4]\" ><\/div><div id=\"wpforms-2235-field_3-container\" class=\"wpforms-field wpforms-field-select wpforms-field-select-style-classic\" data-field-id=\"3\"><label class=\"wpforms-field-label\" for=\"wpforms-2235-field_3\">Pr\u00e9cisez votre paroisse <span class=\"wpforms-required-label\">*<\/span><\/label><select id=\"wpforms-2235-field_3\" class=\"wpforms-field-medium wpforms-field-required\" name=\"wpforms[fields][3]\" required=\"required\"><option value=\"--- entrez le nom de votre paroisse ---\" >--- entrez le nom de votre paroisse ---<\/option><option value=\"Verri\u00e8res le Buisson\" >Verri\u00e8res le Buisson<\/option><option value=\"Massy - Sainte Marie Madeleine\" >Massy - Sainte Marie Madeleine<\/option><option value=\"Massy - Saint Paul\" >Massy - Saint Paul<\/option><option value=\"Massy - Saint Esprit\" >Massy - Saint Esprit<\/option><\/select><\/div><div id=\"wpforms-2235-field_2-container\" class=\"wpforms-field wpforms-field-textarea\" data-field-id=\"2\"><label class=\"wpforms-field-label\" for=\"wpforms-2235-field_2\">Votre message <span class=\"wpforms-required-label\">*<\/span><\/label><textarea id=\"wpforms-2235-field_2\" class=\"wpforms-field-medium wpforms-field-required\" name=\"wpforms[fields][2]\" required><\/textarea><\/div><\/div><!-- .wpforms-field-container --><div class=\"wpforms-recaptcha-container wpforms-is-recaptcha wpforms-is-recaptcha-type-v2\" ><div class=\"g-recaptcha\" data-sitekey=\"6LfMxf8ZAAAAADaD_41itEi-GdfkI-U3M_DndmLY\"><\/div><input type=\"text\" name=\"g-recaptcha-hidden\" class=\"wpforms-recaptcha-hidden\" style=\"position:absolute!important;clip:rect(0,0,0,0)!important;height:1px!important;width:1px!important;border:0!important;overflow:hidden!important;padding:0!important;margin:0!important;\" data-rule-recaptcha=\"1\"><\/div><div class=\"wpforms-submit-container\" ><input type=\"hidden\" name=\"wpforms[id]\" value=\"2235\"><input type=\"hidden\" name=\"page_title\" value=\"\"><input type=\"hidden\" name=\"page_url\" value=\"https:\/\/massy-verrieres.catho91.fr\/index.php\/wp-json\/wp\/v2\/pages\/874\"><button type=\"submit\" name=\"wpforms[submit]\" id=\"wpforms-submit-2235\" class=\"wpforms-submit\" data-alt-text=\"Envoi en cours ...\" data-submit-text=\"Envoyer le message\" aria-live=\"assertive\" value=\"wpforms-submit\">Envoyer le message<\/button><\/div><\/form><\/div>  <!-- .wpforms-container -->\t\t<\/div>\n\t\t\t\t<\/div>\n\t\t\t\t\t<\/div>\n\t\t<\/div>\n\t\t\t\t\t<\/div>\n\t\t<\/section>\n\t\t\t\t<section class=\"elementor-section elementor-top-section elementor-element elementor-element-22d1c3cc elementor-section-boxed elementor-section-height-default elementor-section-height-default\" data-id=\"22d1c3cc\" data-element_type=\"section\">\n\t\t\t\t\t\t<div class=\"elementor-container elementor-column-gap-default\">\n\t\t\t\t\t<div class=\"elementor-column elementor-col-100 elementor-top-column elementor-element elementor-element-68dfff99\" data-id=\"68dfff99\" data-element_type=\"column\">\n\t\t\t<div class=\"elementor-widget-wrap elementor-element-populated\">\n\t\t\t\t\t\t<div class=\"elementor-element elementor-element-4a01130d elementor-widget-divider--view-line elementor-widget elementor-widget-divider\" data-id=\"4a01130d\" data-element_type=\"widget\" data-widget_type=\"divider.default\">\n\t\t\t\t<div class=\"elementor-widget-container\">\n\t\t\t\t\t<div class=\"elementor-divider\">\n\t\t\t<span class=\"elementor-divider-separator\">\n\t\t\t\t\t\t<\/span>\n\t\t<\/div>\n\t\t\t\t<\/div>\n\t\t\t\t<\/div>\n\t\t\t\t<div class=\"elementor-element elementor-element-5e3d2712 elementor-widget elementor-widget-heading\" data-id=\"5e3d2712\" data-element_type=\"widget\" data-widget_type=\"heading.default\">\n\t\t\t\t<div class=\"elementor-widget-container\">\n\t\t\t<h2 class=\"elementor-heading-title elementor-size-default\"><a href=\"http:\/\/massy-verrieres.catho91.fr\/index.php\/les-activites\/\">Retour \u00e0 la liste des activit\u00e9s<\/a><\/h2>\t\t<\/div>\n\t\t\t\t<\/div>\n\t\t\t\t\t<\/div>\n\t\t<\/div>\n\t\t\t\t\t<\/div>\n\t\t<\/section>\n\t\t\t\t<\/div>\n\t\t","protected":false},"excerpt":{"rendered":"<p>Les activit\u00e9s du secteur Musique et Chant \u00ab\u00a0Louez-le en sonnant du cor, louez-le sur la harpe et la cithare ; louez-le par les cordes et les fl\u00fbtes, louez-le par la danse et le tambour !\u00a0\u00bb (Ps 150, 3.4) Le chant est le signe de l\u2019all\u00e9gresse du c\u0153ur. Il est pri\u00e8re d\u2019adoration, de p\u00e9nitence, de demande, &hellip;<\/p>\n<p class=\"read-more\"> <a class=\"\" href=\"https:\/\/massy-verrieres.catho91.fr\/index.php\/musique_chant\/\"> <span class=\"screen-reader-text\">Musique<\/span> Lire la suite \u00bb<\/a><\/p>\n","protected":false},"author":1,"featured_media":0,"parent":0,"menu_order":0,"comment_status":"closed","ping_status":"closed","template":"","meta":{"_mc_calendar":[],"footnotes":""},"_links":{"self":[{"href":"https:\/\/massy-verrieres.catho91.fr\/index.php\/wp-json\/wp\/v2\/pages\/874"}],"collection":[{"href":"https:\/\/massy-verrieres.catho91.fr\/index.php\/wp-json\/wp\/v2\/pages"}],"about":[{"href":"https:\/\/massy-verrieres.catho91.fr\/index.php\/wp-json\/wp\/v2\/types\/page"}],"author":[{"embeddable":true,"href":"https:\/\/massy-verrieres.catho91.fr\/index.php\/wp-json\/wp\/v2\/users\/1"}],"replies":[{"embeddable":true,"href":"https:\/\/massy-verrieres.catho91.fr\/index.php\/wp-json\/wp\/v2\/comments?post=874"}],"version-history":[{"count":78,"href":"https:\/\/massy-verrieres.catho91.fr\/index.php\/wp-json\/wp\/v2\/pages\/874\/revisions"}],"predecessor-version":[{"id":5855,"href":"https:\/\/massy-verrieres.catho91.fr\/index.php\/wp-json\/wp\/v2\/pages\/874\/revisions\/5855"}],"wp:attachment":[{"href":"https:\/\/massy-verrieres.catho91.fr\/index.php\/wp-json\/wp\/v2\/media?parent=874"}],"curies":[{"name":"wp","href":"https:\/\/api.w.org\/{rel}","templated":true}]}}