{"id":911,"date":"2020-12-07T12:38:29","date_gmt":"2020-12-07T11:38:29","guid":{"rendered":"http:\/\/massy-verrieres.catho91.fr\/?page_id=911"},"modified":"2022-11-21T11:35:54","modified_gmt":"2022-11-21T10:35:54","slug":"priere_charismatique","status":"publish","type":"page","link":"https:\/\/massy-verrieres.catho91.fr\/index.php\/priere_charismatique\/","title":{"rendered":"Charismatique"},"content":{"rendered":"\t\t<div data-elementor-type=\"wp-page\" data-elementor-id=\"911\" class=\"elementor elementor-911\">\n\t\t\t\t\t\t<section class=\"elementor-section elementor-top-section elementor-element elementor-element-2cf521c elementor-section-boxed elementor-section-height-default elementor-section-height-default\" data-id=\"2cf521c\" data-element_type=\"section\" data-settings=\"{&quot;background_background&quot;:&quot;classic&quot;}\">\n\t\t\t\t\t\t<div class=\"elementor-container elementor-column-gap-default\">\n\t\t\t\t\t<div class=\"elementor-column elementor-col-33 elementor-top-column elementor-element elementor-element-1fd9d5c\" data-id=\"1fd9d5c\" data-element_type=\"column\">\n\t\t\t<div class=\"elementor-widget-wrap elementor-element-populated\">\n\t\t\t\t\t\t<div class=\"elementor-element elementor-element-e4a4d1a elementor-widget elementor-widget-image\" data-id=\"e4a4d1a\" data-element_type=\"widget\" data-widget_type=\"image.default\">\n\t\t\t\t<div class=\"elementor-widget-container\">\n\t\t\t\t\t\t\t\t\t\t\t\t\t<img fetchpriority=\"high\" decoding=\"async\" width=\"768\" height=\"768\" src=\"https:\/\/massy-verrieres.catho91.fr\/wp-content\/uploads\/2020\/12\/activites01.png\" class=\"attachment-full size-full wp-image-1272\" alt=\"\" srcset=\"https:\/\/massy-verrieres.catho91.fr\/wp-content\/uploads\/2020\/12\/activites01.png 768w, https:\/\/massy-verrieres.catho91.fr\/wp-content\/uploads\/2020\/12\/activites01-300x300.png 300w, https:\/\/massy-verrieres.catho91.fr\/wp-content\/uploads\/2020\/12\/activites01-150x150.png 150w\" sizes=\"(max-width: 768px) 100vw, 768px\" \/>\t\t\t\t\t\t\t\t\t\t\t\t\t<\/div>\n\t\t\t\t<\/div>\n\t\t\t\t\t<\/div>\n\t\t<\/div>\n\t\t\t\t<div class=\"elementor-column elementor-col-66 elementor-top-column elementor-element elementor-element-dd228e4\" data-id=\"dd228e4\" data-element_type=\"column\">\n\t\t\t<div class=\"elementor-widget-wrap elementor-element-populated\">\n\t\t\t\t\t\t<div class=\"elementor-element elementor-element-67c99cb elementor-widget-divider--view-line_text elementor-widget-divider--element-align-center elementor-widget elementor-widget-divider\" data-id=\"67c99cb\" data-element_type=\"widget\" data-widget_type=\"divider.default\">\n\t\t\t\t<div class=\"elementor-widget-container\">\n\t\t\t\t\t<div class=\"elementor-divider\">\n\t\t\t<span class=\"elementor-divider-separator\">\n\t\t\t\t\t\t\t<span class=\"elementor-divider__text elementor-divider__element\">\n\t\t\t\tLes activit\u00e9s\ndu secteur\t\t\t\t<\/span>\n\t\t\t\t\t\t<\/span>\n\t\t<\/div>\n\t\t\t\t<\/div>\n\t\t\t\t<\/div>\n\t\t\t\t\t<\/div>\n\t\t<\/div>\n\t\t\t\t\t<\/div>\n\t\t<\/section>\n\t\t\t\t<section class=\"elementor-section elementor-top-section elementor-element elementor-element-1151a6b elementor-section-boxed elementor-section-height-default elementor-section-height-default\" data-id=\"1151a6b\" data-element_type=\"section\">\n\t\t\t\t\t\t<div class=\"elementor-container elementor-column-gap-default\">\n\t\t\t\t\t<div class=\"elementor-column elementor-col-100 elementor-top-column elementor-element elementor-element-dd1ac3b\" data-id=\"dd1ac3b\" data-element_type=\"column\" data-settings=\"{&quot;background_background&quot;:&quot;classic&quot;}\">\n\t\t\t<div class=\"elementor-widget-wrap elementor-element-populated\">\n\t\t\t\t\t\t<div class=\"elementor-element elementor-element-cda8460 elementor-position-right elementor-vertical-align-top elementor-widget elementor-widget-image-box\" data-id=\"cda8460\" data-element_type=\"widget\" data-widget_type=\"image-box.default\">\n\t\t\t\t<div class=\"elementor-widget-container\">\n\t\t\t<div class=\"elementor-image-box-wrapper\"><figure class=\"elementor-image-box-img\"><img decoding=\"async\" width=\"1000\" height=\"495\" src=\"https:\/\/massy-verrieres.catho91.fr\/wp-content\/uploads\/2020\/12\/renouveau-charismatique_header.png\" class=\"attachment-full size-full wp-image-1555\" alt=\"\" srcset=\"https:\/\/massy-verrieres.catho91.fr\/wp-content\/uploads\/2020\/12\/renouveau-charismatique_header.png 1000w, https:\/\/massy-verrieres.catho91.fr\/wp-content\/uploads\/2020\/12\/renouveau-charismatique_header-300x149.png 300w, https:\/\/massy-verrieres.catho91.fr\/wp-content\/uploads\/2020\/12\/renouveau-charismatique_header-768x380.png 768w\" sizes=\"(max-width: 1000px) 100vw, 1000px\" \/><\/figure><div class=\"elementor-image-box-content\"><h3 class=\"elementor-image-box-title\">Groupes de pri\u00e8re charismatique\u200b<\/h3><p class=\"elementor-image-box-description\">\u00ab Que deux ou trois soient r\u00e9unis en mon Nom, je serai l\u00e0 au milieu d\u2019eux. \u00bb (Mt 18,20)<\/p><\/div><\/div>\t\t<\/div>\n\t\t\t\t<\/div>\n\t\t\t\t<div class=\"elementor-element elementor-element-fde80dd elementor-widget elementor-widget-text-editor\" data-id=\"fde80dd\" data-element_type=\"widget\" data-widget_type=\"text-editor.default\">\n\t\t\t\t<div class=\"elementor-widget-container\">\n\t\t\t\t\t\t\t<p>Le renouveau charismatique n\u2019est pas un mouvement mais un courant d\u2019Eglise.<\/p><p>C\u2019est une red\u00e9couverte de l\u2019Esprit-Saint, de son action dans le monde, dans les \u00e9glises, dans la vie des personnes : il vient changer radicalement la vie de ceux qui font l\u2019exp\u00e9rience de l\u2019effusion de l\u2019Esprit Saint, comme les ap\u00f4tres le jour de la Pentec\u00f4te.<\/p><p>Le renouveau est chant, louange et joie d\u2019\u00eatre ensemble ; dans notre secteur, nous avons des groupes de pri\u00e8re charismatique, notamment :<\/p><ul><li>Les soir\u00e9es Esp\u00e9rance (environ 8 fois par an, o\u00f9 nous chantons la gloire du Seigneur),<\/li><li>Un groupe de pri\u00e8re hebdomadaire,<\/li><li>et bien d\u2019autres &#8230;<\/li><\/ul>\t\t\t\t\t\t<\/div>\n\t\t\t\t<\/div>\n\t\t\t\t\t<\/div>\n\t\t<\/div>\n\t\t\t\t\t<\/div>\n\t\t<\/section>\n\t\t\t\t<section class=\"elementor-section elementor-top-section elementor-element elementor-element-99c9f70 elementor-section-boxed elementor-section-height-default elementor-section-height-default\" data-id=\"99c9f70\" data-element_type=\"section\">\n\t\t\t\t\t\t<div class=\"elementor-container elementor-column-gap-default\">\n\t\t\t\t\t<div class=\"elementor-column elementor-col-100 elementor-top-column elementor-element elementor-element-ab87e08\" data-id=\"ab87e08\" data-element_type=\"column\">\n\t\t\t<div class=\"elementor-widget-wrap elementor-element-populated\">\n\t\t\t\t\t\t<div class=\"elementor-element elementor-element-955f0f7 elementor-widget elementor-widget-spacer\" data-id=\"955f0f7\" data-element_type=\"widget\" data-widget_type=\"spacer.default\">\n\t\t\t\t<div class=\"elementor-widget-container\">\n\t\t\t\t\t<div class=\"elementor-spacer\">\n\t\t\t<div class=\"elementor-spacer-inner\"><\/div>\n\t\t<\/div>\n\t\t\t\t<\/div>\n\t\t\t\t<\/div>\n\t\t\t\t\t<\/div>\n\t\t<\/div>\n\t\t\t\t\t<\/div>\n\t\t<\/section>\n\t\t\t\t<section class=\"elementor-section elementor-top-section elementor-element elementor-element-d32e57d elementor-section-boxed elementor-section-height-default elementor-section-height-default\" data-id=\"d32e57d\" data-element_type=\"section\">\n\t\t\t\t\t\t<div class=\"elementor-container elementor-column-gap-default\">\n\t\t\t\t\t<div class=\"elementor-column elementor-col-100 elementor-top-column elementor-element elementor-element-7e5b152\" data-id=\"7e5b152\" data-element_type=\"column\" data-settings=\"{&quot;background_background&quot;:&quot;classic&quot;}\">\n\t\t\t<div class=\"elementor-widget-wrap elementor-element-populated\">\n\t\t\t\t\t\t<div class=\"elementor-element elementor-element-1a0e776 elementor-widget elementor-widget-text-editor\" data-id=\"1a0e776\" data-element_type=\"widget\" data-widget_type=\"text-editor.default\">\n\t\t\t\t<div class=\"elementor-widget-container\">\n\t\t\t\t\t\t\t<h4><span style=\"color: #000000;\">Les documents ci-dessous vous donneront des pr\u00e9cisions concr\u00e8tes sur l&#8217;activit\u00e9 ci-dessus<\/span><\/h4>\t\t\t\t\t\t<\/div>\n\t\t\t\t<\/div>\n\t\t\t\t<div class=\"elementor-element elementor-element-1d53e6f elementor-widget elementor-widget-shortcode\" data-id=\"1d53e6f\" data-element_type=\"widget\" data-widget_type=\"shortcode.default\">\n\t\t\t\t<div class=\"elementor-widget-container\">\n\t\t\t\t\t<div class=\"elementor-shortcode\"><ul class=\"\"><li><a href=\"http:\/\/massy-verrieres.catho91.fr\/wp-content\/uploads\/2026\/04\/..\/..\/..\/..\/_pdf\/INFOS\/charismatique\/Soir\u00e9e Esp\u00e9rance - 2022 2023.pdf\"target=\"_blank\"><span class=\"filename\">Soir\u00e9e Esp\u00e9rance - 2022 2023.pdf<\/span><span class=\\\"filesize\\\"> (236.3 Kb)<\/span><\/a><\/li><\/ul><\/div>\n\t\t\t\t<\/div>\n\t\t\t\t<\/div>\n\t\t\t\t\t<\/div>\n\t\t<\/div>\n\t\t\t\t\t<\/div>\n\t\t<\/section>\n\t\t\t\t<section class=\"elementor-section elementor-top-section elementor-element elementor-element-3d87813 elementor-section-boxed elementor-section-height-default elementor-section-height-default\" data-id=\"3d87813\" data-element_type=\"section\">\n\t\t\t\t\t\t<div class=\"elementor-container elementor-column-gap-default\">\n\t\t\t\t\t<div class=\"elementor-column elementor-col-100 elementor-top-column elementor-element elementor-element-b208d1b\" data-id=\"b208d1b\" data-element_type=\"column\" data-settings=\"{&quot;background_background&quot;:&quot;classic&quot;}\">\n\t\t\t<div class=\"elementor-widget-wrap elementor-element-populated\">\n\t\t\t\t\t\t<div class=\"elementor-element elementor-element-79795d5 elementor-widget elementor-widget-text-editor\" data-id=\"79795d5\" data-element_type=\"widget\" data-widget_type=\"text-editor.default\">\n\t\t\t\t<div class=\"elementor-widget-container\">\n\t\t\t\t\t\t\t<h4><span style=\"color: #000000;\">Vous souhaitez parler \u00e0 une personne de confiance ; remplissez le formulaire ci-dessous, vous serez contact\u00e9 rapidement :<\/span><\/h4>\t\t\t\t\t\t<\/div>\n\t\t\t\t<\/div>\n\t\t\t\t<div class=\"elementor-element elementor-element-0024ccd e-transform elementor-widget elementor-widget-wp-widget-wpforms-widget\" data-id=\"0024ccd\" data-element_type=\"widget\" data-settings=\"{&quot;_transform_scale_effect&quot;:{&quot;unit&quot;:&quot;px&quot;,&quot;size&quot;:0.8,&quot;sizes&quot;:[]},&quot;_transform_scale_effect_tablet&quot;:{&quot;unit&quot;:&quot;px&quot;,&quot;size&quot;:&quot;&quot;,&quot;sizes&quot;:[]},&quot;_transform_scale_effect_mobile&quot;:{&quot;unit&quot;:&quot;px&quot;,&quot;size&quot;:&quot;&quot;,&quot;sizes&quot;:[]}}\" data-widget_type=\"wp-widget-wpforms-widget.default\">\n\t\t\t\t<div class=\"elementor-widget-container\">\n\t\t\t<div class=\"wpforms-container wpforms-container-full\" id=\"wpforms-2243\"><form id=\"wpforms-form-2243\" class=\"wpforms-validate wpforms-form\" data-formid=\"2243\" method=\"post\" enctype=\"multipart\/form-data\" action=\"\/index.php\/wp-json\/wp\/v2\/pages\/911\" data-token=\"81c7e91cbb1a62146eda86fde2358d5f\" data-token-time=\"1775717229\"><noscript class=\"wpforms-error-noscript\">Veuillez activer JavaScript dans votre navigateur pour remplir ce formulaire.<\/noscript><div class=\"wpforms-field-container\"><div id=\"wpforms-2243-field_0-container\" class=\"wpforms-field wpforms-field-name\" data-field-id=\"0\"><label class=\"wpforms-field-label\" for=\"wpforms-2243-field_0\">Votre identit\u00e9 <span class=\"wpforms-required-label\">*<\/span><\/label><div class=\"wpforms-field-row wpforms-field-medium\"><div class=\"wpforms-field-row-block wpforms-first wpforms-one-half\"><input type=\"text\" id=\"wpforms-2243-field_0\" class=\"wpforms-field-name-first wpforms-field-required\" name=\"wpforms[fields][0][first]\" required><label for=\"wpforms-2243-field_0\" class=\"wpforms-field-sublabel after\">Pr\u00e9nom<\/label><\/div><div class=\"wpforms-field-row-block wpforms-one-half\"><input type=\"text\" id=\"wpforms-2243-field_0-last\" class=\"wpforms-field-name-last wpforms-field-required\" name=\"wpforms[fields][0][last]\" required><label for=\"wpforms-2243-field_0-last\" class=\"wpforms-field-sublabel after\">Nom<\/label><\/div><\/div><\/div><div id=\"wpforms-2243-field_4-container\" class=\"wpforms-field wpforms-field-text\" data-field-id=\"4\"><label class=\"wpforms-field-label\" for=\"wpforms-2243-field_4\">Votre adresse email ou votre num\u00e9ro de t\u00e9l\u00e9phone<\/label><input type=\"text\" id=\"wpforms-2243-field_4\" class=\"wpforms-field-medium\" name=\"wpforms[fields][4]\" ><\/div><div id=\"wpforms-2243-field_3-container\" class=\"wpforms-field wpforms-field-select wpforms-field-select-style-classic\" data-field-id=\"3\"><label class=\"wpforms-field-label\" for=\"wpforms-2243-field_3\">Pr\u00e9cisez votre paroisse <span class=\"wpforms-required-label\">*<\/span><\/label><select id=\"wpforms-2243-field_3\" class=\"wpforms-field-medium wpforms-field-required\" name=\"wpforms[fields][3]\" required=\"required\"><option value=\"--- entrez le nom de votre paroisse ---\" >--- entrez le nom de votre paroisse ---<\/option><option value=\"Verri\u00e8res le Buisson\" >Verri\u00e8res le Buisson<\/option><option value=\"Massy - Sainte Marie Madeleine\" >Massy - Sainte Marie Madeleine<\/option><option value=\"Massy - Saint Paul\" >Massy - Saint Paul<\/option><option value=\"Massy - Saint Esprit\" >Massy - Saint Esprit<\/option><\/select><\/div><div id=\"wpforms-2243-field_2-container\" class=\"wpforms-field wpforms-field-textarea\" data-field-id=\"2\"><label class=\"wpforms-field-label\" for=\"wpforms-2243-field_2\">Votre message <span class=\"wpforms-required-label\">*<\/span><\/label><textarea id=\"wpforms-2243-field_2\" class=\"wpforms-field-medium wpforms-field-required\" name=\"wpforms[fields][2]\" required><\/textarea><\/div><\/div><!-- .wpforms-field-container --><div class=\"wpforms-recaptcha-container wpforms-is-recaptcha wpforms-is-recaptcha-type-v2\" ><div class=\"g-recaptcha\" data-sitekey=\"6LfMxf8ZAAAAADaD_41itEi-GdfkI-U3M_DndmLY\"><\/div><input type=\"text\" name=\"g-recaptcha-hidden\" class=\"wpforms-recaptcha-hidden\" style=\"position:absolute!important;clip:rect(0,0,0,0)!important;height:1px!important;width:1px!important;border:0!important;overflow:hidden!important;padding:0!important;margin:0!important;\" data-rule-recaptcha=\"1\"><\/div><div class=\"wpforms-submit-container\" ><input type=\"hidden\" name=\"wpforms[id]\" value=\"2243\"><input type=\"hidden\" name=\"page_title\" value=\"\"><input type=\"hidden\" name=\"page_url\" value=\"https:\/\/massy-verrieres.catho91.fr\/index.php\/wp-json\/wp\/v2\/pages\/911\"><button type=\"submit\" name=\"wpforms[submit]\" id=\"wpforms-submit-2243\" class=\"wpforms-submit\" data-alt-text=\"Envoi en cours ...\" data-submit-text=\"Envoyer le message\" aria-live=\"assertive\" value=\"wpforms-submit\">Envoyer le message<\/button><\/div><\/form><\/div>  <!-- .wpforms-container -->\t\t<\/div>\n\t\t\t\t<\/div>\n\t\t\t\t\t<\/div>\n\t\t<\/div>\n\t\t\t\t\t<\/div>\n\t\t<\/section>\n\t\t\t\t<section class=\"elementor-section elementor-top-section elementor-element elementor-element-4ee3f3b8 elementor-section-boxed elementor-section-height-default elementor-section-height-default\" data-id=\"4ee3f3b8\" data-element_type=\"section\">\n\t\t\t\t\t\t<div class=\"elementor-container elementor-column-gap-default\">\n\t\t\t\t\t<div class=\"elementor-column elementor-col-100 elementor-top-column elementor-element elementor-element-2cabb02f\" data-id=\"2cabb02f\" data-element_type=\"column\">\n\t\t\t<div class=\"elementor-widget-wrap elementor-element-populated\">\n\t\t\t\t\t\t<div class=\"elementor-element elementor-element-3f5a4e8 elementor-widget-divider--view-line elementor-widget elementor-widget-divider\" data-id=\"3f5a4e8\" data-element_type=\"widget\" data-widget_type=\"divider.default\">\n\t\t\t\t<div class=\"elementor-widget-container\">\n\t\t\t\t\t<div class=\"elementor-divider\">\n\t\t\t<span class=\"elementor-divider-separator\">\n\t\t\t\t\t\t<\/span>\n\t\t<\/div>\n\t\t\t\t<\/div>\n\t\t\t\t<\/div>\n\t\t\t\t<div class=\"elementor-element elementor-element-7539d041 elementor-widget elementor-widget-heading\" data-id=\"7539d041\" data-element_type=\"widget\" data-widget_type=\"heading.default\">\n\t\t\t\t<div class=\"elementor-widget-container\">\n\t\t\t<h2 class=\"elementor-heading-title elementor-size-default\"><a href=\"http:\/\/massy-verrieres.catho91.fr\/index.php\/les-activites\/\">Retour \u00e0 la liste des activit\u00e9s<\/a><\/h2>\t\t<\/div>\n\t\t\t\t<\/div>\n\t\t\t\t\t<\/div>\n\t\t<\/div>\n\t\t\t\t\t<\/div>\n\t\t<\/section>\n\t\t\t\t<\/div>\n\t\t","protected":false},"excerpt":{"rendered":"<p>Les activit\u00e9s du secteur Groupes de pri\u00e8re charismatique\u200b \u00ab Que deux ou trois soient r\u00e9unis en mon Nom, je serai l\u00e0 au milieu d\u2019eux. \u00bb (Mt 18,20) Le renouveau charismatique n\u2019est pas un mouvement mais un courant d\u2019Eglise. C\u2019est une red\u00e9couverte de l\u2019Esprit-Saint, de son action dans le monde, dans les \u00e9glises, dans la vie &hellip;<\/p>\n<p class=\"read-more\"> <a class=\"\" href=\"https:\/\/massy-verrieres.catho91.fr\/index.php\/priere_charismatique\/\"> <span class=\"screen-reader-text\">Charismatique<\/span> Lire la suite \u00bb<\/a><\/p>\n","protected":false},"author":1,"featured_media":0,"parent":0,"menu_order":0,"comment_status":"closed","ping_status":"closed","template":"","meta":{"_mc_calendar":[],"footnotes":""},"_links":{"self":[{"href":"https:\/\/massy-verrieres.catho91.fr\/index.php\/wp-json\/wp\/v2\/pages\/911"}],"collection":[{"href":"https:\/\/massy-verrieres.catho91.fr\/index.php\/wp-json\/wp\/v2\/pages"}],"about":[{"href":"https:\/\/massy-verrieres.catho91.fr\/index.php\/wp-json\/wp\/v2\/types\/page"}],"author":[{"embeddable":true,"href":"https:\/\/massy-verrieres.catho91.fr\/index.php\/wp-json\/wp\/v2\/users\/1"}],"replies":[{"embeddable":true,"href":"https:\/\/massy-verrieres.catho91.fr\/index.php\/wp-json\/wp\/v2\/comments?post=911"}],"version-history":[{"count":52,"href":"https:\/\/massy-verrieres.catho91.fr\/index.php\/wp-json\/wp\/v2\/pages\/911\/revisions"}],"predecessor-version":[{"id":5097,"href":"https:\/\/massy-verrieres.catho91.fr\/index.php\/wp-json\/wp\/v2\/pages\/911\/revisions\/5097"}],"wp:attachment":[{"href":"https:\/\/massy-verrieres.catho91.fr\/index.php\/wp-json\/wp\/v2\/media?parent=911"}],"curies":[{"name":"wp","href":"https:\/\/api.w.org\/{rel}","templated":true}]}}