{"id":979,"date":"2020-12-07T13:03:52","date_gmt":"2020-12-07T12:03:52","guid":{"rendered":"http:\/\/massy-verrieres.catho91.fr\/?page_id=979"},"modified":"2022-08-28T21:59:29","modified_gmt":"2022-08-28T19:59:29","slug":"divorces_separes","status":"publish","type":"page","link":"https:\/\/massy-verrieres.catho91.fr\/index.php\/divorces_separes\/","title":{"rendered":"Divorc\u00e9s"},"content":{"rendered":"\t\t<div data-elementor-type=\"wp-page\" data-elementor-id=\"979\" class=\"elementor elementor-979\">\n\t\t\t\t\t\t<section class=\"elementor-section elementor-top-section elementor-element elementor-element-15a730e elementor-section-boxed elementor-section-height-default elementor-section-height-default\" data-id=\"15a730e\" data-element_type=\"section\" data-settings=\"{&quot;background_background&quot;:&quot;classic&quot;}\">\n\t\t\t\t\t\t<div class=\"elementor-container elementor-column-gap-default\">\n\t\t\t\t\t<div class=\"elementor-column elementor-col-33 elementor-top-column elementor-element elementor-element-64d44bd\" data-id=\"64d44bd\" data-element_type=\"column\">\n\t\t\t<div class=\"elementor-widget-wrap elementor-element-populated\">\n\t\t\t\t\t\t<div class=\"elementor-element elementor-element-05ec4ae elementor-widget elementor-widget-image\" data-id=\"05ec4ae\" data-element_type=\"widget\" data-widget_type=\"image.default\">\n\t\t\t\t<div class=\"elementor-widget-container\">\n\t\t\t\t\t\t\t\t\t\t\t\t\t<img fetchpriority=\"high\" decoding=\"async\" width=\"768\" height=\"768\" src=\"https:\/\/massy-verrieres.catho91.fr\/wp-content\/uploads\/2020\/12\/activites01.png\" class=\"attachment-full size-full wp-image-1272\" alt=\"\" srcset=\"https:\/\/massy-verrieres.catho91.fr\/wp-content\/uploads\/2020\/12\/activites01.png 768w, https:\/\/massy-verrieres.catho91.fr\/wp-content\/uploads\/2020\/12\/activites01-300x300.png 300w, https:\/\/massy-verrieres.catho91.fr\/wp-content\/uploads\/2020\/12\/activites01-150x150.png 150w\" sizes=\"(max-width: 768px) 100vw, 768px\" \/>\t\t\t\t\t\t\t\t\t\t\t\t\t<\/div>\n\t\t\t\t<\/div>\n\t\t\t\t\t<\/div>\n\t\t<\/div>\n\t\t\t\t<div class=\"elementor-column elementor-col-66 elementor-top-column elementor-element elementor-element-f0e4412\" data-id=\"f0e4412\" data-element_type=\"column\">\n\t\t\t<div class=\"elementor-widget-wrap elementor-element-populated\">\n\t\t\t\t\t\t<div class=\"elementor-element elementor-element-f6d51c0 elementor-widget-divider--view-line_text elementor-widget-divider--element-align-center elementor-widget elementor-widget-divider\" data-id=\"f6d51c0\" data-element_type=\"widget\" data-widget_type=\"divider.default\">\n\t\t\t\t<div class=\"elementor-widget-container\">\n\t\t\t\t\t<div class=\"elementor-divider\">\n\t\t\t<span class=\"elementor-divider-separator\">\n\t\t\t\t\t\t\t<span class=\"elementor-divider__text elementor-divider__element\">\n\t\t\t\tLes activit\u00e9s\ndu secteur\t\t\t\t<\/span>\n\t\t\t\t\t\t<\/span>\n\t\t<\/div>\n\t\t\t\t<\/div>\n\t\t\t\t<\/div>\n\t\t\t\t\t<\/div>\n\t\t<\/div>\n\t\t\t\t\t<\/div>\n\t\t<\/section>\n\t\t\t\t<section class=\"elementor-section elementor-top-section elementor-element elementor-element-6bfaf229 elementor-section-boxed elementor-section-height-default elementor-section-height-default\" data-id=\"6bfaf229\" data-element_type=\"section\">\n\t\t\t\t\t\t<div class=\"elementor-container elementor-column-gap-default\">\n\t\t\t\t\t<div class=\"elementor-column elementor-col-100 elementor-top-column elementor-element elementor-element-284639ef\" data-id=\"284639ef\" data-element_type=\"column\" data-settings=\"{&quot;background_background&quot;:&quot;classic&quot;}\">\n\t\t\t<div class=\"elementor-widget-wrap elementor-element-populated\">\n\t\t\t\t\t\t<div class=\"elementor-element elementor-element-2d22e952 elementor-position-right elementor-vertical-align-top elementor-widget elementor-widget-image-box\" data-id=\"2d22e952\" data-element_type=\"widget\" data-widget_type=\"image-box.default\">\n\t\t\t\t<div class=\"elementor-widget-container\">\n\t\t\t<div class=\"elementor-image-box-wrapper\"><figure class=\"elementor-image-box-img\"><img decoding=\"async\" width=\"525\" height=\"350\" src=\"https:\/\/massy-verrieres.catho91.fr\/wp-content\/uploads\/2021\/10\/Image1.jpg\" class=\"attachment-full size-full wp-image-2162\" alt=\"\" srcset=\"https:\/\/massy-verrieres.catho91.fr\/wp-content\/uploads\/2021\/10\/Image1.jpg 525w, https:\/\/massy-verrieres.catho91.fr\/wp-content\/uploads\/2021\/10\/Image1-300x200.jpg 300w\" sizes=\"(max-width: 525px) 100vw, 525px\" \/><\/figure><div class=\"elementor-image-box-content\"><h3 class=\"elementor-image-box-title\">Soutien aux divorc\u00e9s et s\u00e9par\u00e9s<\/h3><p class=\"elementor-image-box-description\">Vous avez eu la douleur de subir un \u00e9chec matrimonial et vous avez besoin d'en parler avec une personne form\u00e9e aux propositions de l'\u00e9glise.\n\n<\/p><\/div><\/div>\t\t<\/div>\n\t\t\t\t<\/div>\n\t\t\t\t<div class=\"elementor-element elementor-element-05ef98d elementor-widget elementor-widget-text-editor\" data-id=\"05ef98d\" data-element_type=\"widget\" data-widget_type=\"text-editor.default\">\n\t\t\t\t<div class=\"elementor-widget-container\">\n\t\t\t\t\t\t\t<p><span style=\"text-decoration: underline;\"><strong>Que penser du divorce d\u2019un point de vue chr\u00e9tien ?<\/strong><\/span><\/p><p>Au simple plan humain, la s\u00e9paration d\u2019un couple constitu\u00e9, surtout lorsqu\u2019il y a des enfants, est un \u00e9chec et presque toujours une souffrance qui m\u00e9ritent attention, respect et soutien.<\/p><p>La s\u00e9paration n\u2019est pas un acte que l\u2019on pourrait juger \u00e0 priori (\u00ab c\u2019est mal \u00bb), mais une difficult\u00e9 \u00e0 laquelle dans le couple l\u2019homme et la femme sont confront\u00e9s, chacun par rapport \u00e0 sa vocation de personne libre et responsable.<\/p><p>L\u2019alliance form\u00e9e par l\u2019homme et la femme dans un couple est consid\u00e9r\u00e9e par les croyants comme un don de Dieu et une promesse de bonheur : chacun est invit\u00e9 \u00e0 faire tout son possible pour honorer ce don et cette promesse. Pourtant, la s\u00e9paration peut s\u2019av\u00e9rer un moindre mal, par rapport \u00e0 des menaces ou des souffrances d\u00e9mesur\u00e9es si la vie en couple continuait. C\u2019est en prenant conseil, et en l\u2019absence d\u2019autres solutions, que se prend la d\u00e9cision de s\u00e9paration.<\/p><p><span style=\"text-decoration: underline;\"><strong>L\u2019\u00c9glise et le divorce<\/strong><\/span><\/p><p>L\u2019\u00c9glise ne reconna\u00eet pas le divorce, mais quand le divorce est un moindre mal, elle ne s\u2019y oppose pas. Elle consid\u00e8re qu\u2019un couple mari\u00e9 religieusement peut parfois se s\u00e9parer et m\u00eame divorcer. Vivre s\u00e9par\u00e9 apr\u00e8s une vie de couple mari\u00e9 chr\u00e9tiennement n\u2019est pas un motif d\u2019exclusion des sacrements. Un divorc\u00e9 qui n\u2019est pas remari\u00e9 et qui ne vit pas en concubinage peut donc communier et recevoir les autres sacrements.<\/p><p>Par contre l\u2019engagement que chacun avait pris vis-\u00e0-vis de l\u2019autre dans son mariage religieux subsiste m\u00eame dans cette situation de s\u00e9paration. Donc l\u2019\u00c9glise ne remariera pas l\u2019un ou l\u2019autre des membres du couple vivant s\u00e9par\u00e9s.<\/p>\t\t\t\t\t\t<\/div>\n\t\t\t\t<\/div>\n\t\t\t\t\t<\/div>\n\t\t<\/div>\n\t\t\t\t\t<\/div>\n\t\t<\/section>\n\t\t\t\t<section class=\"elementor-section elementor-top-section elementor-element elementor-element-4f91afb elementor-section-boxed elementor-section-height-default elementor-section-height-default\" data-id=\"4f91afb\" data-element_type=\"section\">\n\t\t\t\t\t\t<div class=\"elementor-container elementor-column-gap-default\">\n\t\t\t\t\t<div class=\"elementor-column elementor-col-100 elementor-top-column elementor-element elementor-element-8743cae\" data-id=\"8743cae\" data-element_type=\"column\">\n\t\t\t<div class=\"elementor-widget-wrap elementor-element-populated\">\n\t\t\t\t\t\t<div class=\"elementor-element elementor-element-5d7a804 elementor-widget elementor-widget-spacer\" data-id=\"5d7a804\" data-element_type=\"widget\" data-widget_type=\"spacer.default\">\n\t\t\t\t<div class=\"elementor-widget-container\">\n\t\t\t\t\t<div class=\"elementor-spacer\">\n\t\t\t<div class=\"elementor-spacer-inner\"><\/div>\n\t\t<\/div>\n\t\t\t\t<\/div>\n\t\t\t\t<\/div>\n\t\t\t\t\t<\/div>\n\t\t<\/div>\n\t\t\t\t\t<\/div>\n\t\t<\/section>\n\t\t\t\t<section class=\"elementor-section elementor-top-section elementor-element elementor-element-d67960f elementor-section-boxed elementor-section-height-default elementor-section-height-default\" data-id=\"d67960f\" data-element_type=\"section\">\n\t\t\t\t\t\t<div class=\"elementor-container elementor-column-gap-default\">\n\t\t\t\t\t<div class=\"elementor-column elementor-col-100 elementor-top-column elementor-element elementor-element-ba1b00b\" data-id=\"ba1b00b\" data-element_type=\"column\" data-settings=\"{&quot;background_background&quot;:&quot;classic&quot;}\">\n\t\t\t<div class=\"elementor-widget-wrap elementor-element-populated\">\n\t\t\t\t\t\t<div class=\"elementor-element elementor-element-5bc0175 elementor-widget elementor-widget-text-editor\" data-id=\"5bc0175\" data-element_type=\"widget\" data-widget_type=\"text-editor.default\">\n\t\t\t\t<div class=\"elementor-widget-container\">\n\t\t\t\t\t\t\t<h4><span style=\"text-decoration: underline; color: #000000;\"><strong>Vous avez d&#8217;autres questions ? vous avez besoin de soutien ?<\/strong><\/span><\/h4><h4><span style=\"color: #000000;\">Laissez nous votre contact et une personne de la pastorale des &#8220;divorc\u00e9s et remari\u00e9s&#8221; prendra contact avec vous.<\/span><\/h4>\t\t\t\t\t\t<\/div>\n\t\t\t\t<\/div>\n\t\t\t\t<div class=\"elementor-element elementor-element-ff7602e e-transform elementor-widget elementor-widget-wp-widget-wpforms-widget\" data-id=\"ff7602e\" data-element_type=\"widget\" data-settings=\"{&quot;_transform_scale_effect&quot;:{&quot;unit&quot;:&quot;px&quot;,&quot;size&quot;:0.8,&quot;sizes&quot;:[]},&quot;_transform_scale_effect_tablet&quot;:{&quot;unit&quot;:&quot;px&quot;,&quot;size&quot;:&quot;&quot;,&quot;sizes&quot;:[]},&quot;_transform_scale_effect_mobile&quot;:{&quot;unit&quot;:&quot;px&quot;,&quot;size&quot;:&quot;&quot;,&quot;sizes&quot;:[]}}\" data-widget_type=\"wp-widget-wpforms-widget.default\">\n\t\t\t\t<div class=\"elementor-widget-container\">\n\t\t\t<div class=\"wpforms-container wpforms-container-full\" id=\"wpforms-2256\"><form id=\"wpforms-form-2256\" class=\"wpforms-validate wpforms-form\" data-formid=\"2256\" method=\"post\" enctype=\"multipart\/form-data\" action=\"\/index.php\/wp-json\/wp\/v2\/pages\/979\" data-token=\"fc362948517c3893612ea8e95882adfd\" data-token-time=\"1775778660\"><noscript class=\"wpforms-error-noscript\">Veuillez activer JavaScript dans votre navigateur pour remplir ce formulaire.<\/noscript><div class=\"wpforms-field-container\"><div id=\"wpforms-2256-field_0-container\" class=\"wpforms-field wpforms-field-name\" data-field-id=\"0\"><label class=\"wpforms-field-label\" for=\"wpforms-2256-field_0\">Votre identit\u00e9 <span class=\"wpforms-required-label\">*<\/span><\/label><div class=\"wpforms-field-row wpforms-field-medium\"><div class=\"wpforms-field-row-block wpforms-first wpforms-one-half\"><input type=\"text\" id=\"wpforms-2256-field_0\" class=\"wpforms-field-name-first wpforms-field-required\" name=\"wpforms[fields][0][first]\" required><label for=\"wpforms-2256-field_0\" class=\"wpforms-field-sublabel after\">Pr\u00e9nom<\/label><\/div><div class=\"wpforms-field-row-block wpforms-one-half\"><input type=\"text\" id=\"wpforms-2256-field_0-last\" class=\"wpforms-field-name-last wpforms-field-required\" name=\"wpforms[fields][0][last]\" required><label for=\"wpforms-2256-field_0-last\" class=\"wpforms-field-sublabel after\">Nom<\/label><\/div><\/div><\/div><div id=\"wpforms-2256-field_4-container\" class=\"wpforms-field wpforms-field-text\" data-field-id=\"4\"><label class=\"wpforms-field-label\" for=\"wpforms-2256-field_4\">Votre adresse email ou votre num\u00e9ro de t\u00e9l\u00e9phone<\/label><input type=\"text\" id=\"wpforms-2256-field_4\" class=\"wpforms-field-medium\" name=\"wpforms[fields][4]\" ><\/div><div id=\"wpforms-2256-field_2-container\" class=\"wpforms-field wpforms-field-textarea\" data-field-id=\"2\"><label class=\"wpforms-field-label\" for=\"wpforms-2256-field_2\">Votre message <span class=\"wpforms-required-label\">*<\/span><\/label><textarea id=\"wpforms-2256-field_2\" class=\"wpforms-field-medium wpforms-field-required\" name=\"wpforms[fields][2]\" required><\/textarea><\/div><\/div><!-- .wpforms-field-container --><div class=\"wpforms-recaptcha-container wpforms-is-recaptcha wpforms-is-recaptcha-type-v2\" ><div class=\"g-recaptcha\" data-sitekey=\"6LfMxf8ZAAAAADaD_41itEi-GdfkI-U3M_DndmLY\"><\/div><input type=\"text\" name=\"g-recaptcha-hidden\" class=\"wpforms-recaptcha-hidden\" style=\"position:absolute!important;clip:rect(0,0,0,0)!important;height:1px!important;width:1px!important;border:0!important;overflow:hidden!important;padding:0!important;margin:0!important;\" data-rule-recaptcha=\"1\"><\/div><div class=\"wpforms-submit-container\" ><input type=\"hidden\" name=\"wpforms[id]\" value=\"2256\"><input type=\"hidden\" name=\"page_title\" value=\"\"><input type=\"hidden\" name=\"page_url\" value=\"https:\/\/massy-verrieres.catho91.fr\/index.php\/wp-json\/wp\/v2\/pages\/979\"><button type=\"submit\" name=\"wpforms[submit]\" id=\"wpforms-submit-2256\" class=\"wpforms-submit\" data-alt-text=\"Envoi en cours ...\" data-submit-text=\"Envoyer le message\" aria-live=\"assertive\" value=\"wpforms-submit\">Envoyer le message<\/button><\/div><\/form><\/div>  <!-- .wpforms-container -->\t\t<\/div>\n\t\t\t\t<\/div>\n\t\t\t\t\t<\/div>\n\t\t<\/div>\n\t\t\t\t\t<\/div>\n\t\t<\/section>\n\t\t\t\t<section class=\"elementor-section elementor-top-section elementor-element elementor-element-48a7ef8 elementor-section-boxed elementor-section-height-default elementor-section-height-default\" data-id=\"48a7ef8\" data-element_type=\"section\">\n\t\t\t\t\t\t<div class=\"elementor-container elementor-column-gap-default\">\n\t\t\t\t\t<div class=\"elementor-column elementor-col-100 elementor-top-column elementor-element elementor-element-becbeb6\" data-id=\"becbeb6\" data-element_type=\"column\">\n\t\t\t<div class=\"elementor-widget-wrap elementor-element-populated\">\n\t\t\t\t\t\t<div class=\"elementor-element elementor-element-fdd6a81 elementor-widget-divider--view-line elementor-widget elementor-widget-divider\" data-id=\"fdd6a81\" data-element_type=\"widget\" data-widget_type=\"divider.default\">\n\t\t\t\t<div class=\"elementor-widget-container\">\n\t\t\t\t\t<div class=\"elementor-divider\">\n\t\t\t<span class=\"elementor-divider-separator\">\n\t\t\t\t\t\t<\/span>\n\t\t<\/div>\n\t\t\t\t<\/div>\n\t\t\t\t<\/div>\n\t\t\t\t<div class=\"elementor-element elementor-element-f8bb7d7 elementor-widget elementor-widget-heading\" data-id=\"f8bb7d7\" data-element_type=\"widget\" data-widget_type=\"heading.default\">\n\t\t\t\t<div class=\"elementor-widget-container\">\n\t\t\t<h2 class=\"elementor-heading-title elementor-size-default\"><a href=\"http:\/\/massy-verrieres.catho91.fr\/index.php\/les-activites\/\">Retour \u00e0 la liste des activit\u00e9s<\/a><\/h2>\t\t<\/div>\n\t\t\t\t<\/div>\n\t\t\t\t\t<\/div>\n\t\t<\/div>\n\t\t\t\t\t<\/div>\n\t\t<\/section>\n\t\t\t\t<\/div>\n\t\t","protected":false},"excerpt":{"rendered":"<p>Les activit\u00e9s du secteur Soutien aux divorc\u00e9s et s\u00e9par\u00e9s Vous avez eu la douleur de subir un \u00e9chec matrimonial et vous avez besoin d&#8217;en parler avec une personne form\u00e9e aux propositions de l&#8217;\u00e9glise. Que penser du divorce d\u2019un point de vue chr\u00e9tien ? Au simple plan humain, la s\u00e9paration d\u2019un couple constitu\u00e9, surtout lorsqu\u2019il y &hellip;<\/p>\n<p class=\"read-more\"> <a class=\"\" href=\"https:\/\/massy-verrieres.catho91.fr\/index.php\/divorces_separes\/\"> <span class=\"screen-reader-text\">Divorc\u00e9s<\/span> Lire la suite \u00bb<\/a><\/p>\n","protected":false},"author":1,"featured_media":0,"parent":0,"menu_order":0,"comment_status":"closed","ping_status":"closed","template":"","meta":{"_mc_calendar":[],"footnotes":""},"_links":{"self":[{"href":"https:\/\/massy-verrieres.catho91.fr\/index.php\/wp-json\/wp\/v2\/pages\/979"}],"collection":[{"href":"https:\/\/massy-verrieres.catho91.fr\/index.php\/wp-json\/wp\/v2\/pages"}],"about":[{"href":"https:\/\/massy-verrieres.catho91.fr\/index.php\/wp-json\/wp\/v2\/types\/page"}],"author":[{"embeddable":true,"href":"https:\/\/massy-verrieres.catho91.fr\/index.php\/wp-json\/wp\/v2\/users\/1"}],"replies":[{"embeddable":true,"href":"https:\/\/massy-verrieres.catho91.fr\/index.php\/wp-json\/wp\/v2\/comments?post=979"}],"version-history":[{"count":48,"href":"https:\/\/massy-verrieres.catho91.fr\/index.php\/wp-json\/wp\/v2\/pages\/979\/revisions"}],"predecessor-version":[{"id":4666,"href":"https:\/\/massy-verrieres.catho91.fr\/index.php\/wp-json\/wp\/v2\/pages\/979\/revisions\/4666"}],"wp:attachment":[{"href":"https:\/\/massy-verrieres.catho91.fr\/index.php\/wp-json\/wp\/v2\/media?parent=979"}],"curies":[{"name":"wp","href":"https:\/\/api.w.org\/{rel}","templated":true}]}}