{"id":992,"date":"2020-12-07T13:09:06","date_gmt":"2020-12-07T12:09:06","guid":{"rendered":"http:\/\/massy-verrieres.catho91.fr\/?page_id=992"},"modified":"2023-03-03T22:45:28","modified_gmt":"2023-03-03T21:45:28","slug":"oecumenisme","status":"publish","type":"page","link":"https:\/\/massy-verrieres.catho91.fr\/index.php\/oecumenisme\/","title":{"rendered":"Oecum\u00e9nisme"},"content":{"rendered":"\t\t<div data-elementor-type=\"wp-page\" data-elementor-id=\"992\" class=\"elementor elementor-992\">\n\t\t\t\t\t\t<section class=\"elementor-section elementor-top-section elementor-element elementor-element-8c3f074 elementor-section-boxed elementor-section-height-default elementor-section-height-default\" data-id=\"8c3f074\" data-element_type=\"section\" data-settings=\"{&quot;background_background&quot;:&quot;classic&quot;}\">\n\t\t\t\t\t\t<div class=\"elementor-container elementor-column-gap-default\">\n\t\t\t\t\t<div class=\"elementor-column elementor-col-33 elementor-top-column elementor-element elementor-element-6d8d4d6\" data-id=\"6d8d4d6\" data-element_type=\"column\">\n\t\t\t<div class=\"elementor-widget-wrap elementor-element-populated\">\n\t\t\t\t\t\t<div class=\"elementor-element elementor-element-5f7b917 elementor-widget elementor-widget-image\" data-id=\"5f7b917\" data-element_type=\"widget\" data-widget_type=\"image.default\">\n\t\t\t\t<div class=\"elementor-widget-container\">\n\t\t\t\t\t\t\t\t\t\t\t\t\t<img fetchpriority=\"high\" decoding=\"async\" width=\"768\" height=\"768\" src=\"https:\/\/massy-verrieres.catho91.fr\/wp-content\/uploads\/2020\/12\/activites01.png\" class=\"attachment-full size-full wp-image-1272\" alt=\"\" srcset=\"https:\/\/massy-verrieres.catho91.fr\/wp-content\/uploads\/2020\/12\/activites01.png 768w, https:\/\/massy-verrieres.catho91.fr\/wp-content\/uploads\/2020\/12\/activites01-300x300.png 300w, https:\/\/massy-verrieres.catho91.fr\/wp-content\/uploads\/2020\/12\/activites01-150x150.png 150w\" sizes=\"(max-width: 768px) 100vw, 768px\" \/>\t\t\t\t\t\t\t\t\t\t\t\t\t<\/div>\n\t\t\t\t<\/div>\n\t\t\t\t\t<\/div>\n\t\t<\/div>\n\t\t\t\t<div class=\"elementor-column elementor-col-66 elementor-top-column elementor-element elementor-element-51cea2c\" data-id=\"51cea2c\" data-element_type=\"column\">\n\t\t\t<div class=\"elementor-widget-wrap elementor-element-populated\">\n\t\t\t\t\t\t<div class=\"elementor-element elementor-element-ee4211c elementor-widget-divider--view-line_text elementor-widget-divider--element-align-center elementor-widget elementor-widget-divider\" data-id=\"ee4211c\" data-element_type=\"widget\" data-widget_type=\"divider.default\">\n\t\t\t\t<div class=\"elementor-widget-container\">\n\t\t\t\t\t<div class=\"elementor-divider\">\n\t\t\t<span class=\"elementor-divider-separator\">\n\t\t\t\t\t\t\t<span class=\"elementor-divider__text elementor-divider__element\">\n\t\t\t\tLes activit\u00e9s\ndu secteur\t\t\t\t<\/span>\n\t\t\t\t\t\t<\/span>\n\t\t<\/div>\n\t\t\t\t<\/div>\n\t\t\t\t<\/div>\n\t\t\t\t\t<\/div>\n\t\t<\/div>\n\t\t\t\t\t<\/div>\n\t\t<\/section>\n\t\t\t\t<section class=\"elementor-section elementor-top-section elementor-element elementor-element-221e712 elementor-section-boxed elementor-section-height-default elementor-section-height-default\" data-id=\"221e712\" data-element_type=\"section\">\n\t\t\t\t\t\t<div class=\"elementor-container elementor-column-gap-default\">\n\t\t\t\t\t<div class=\"elementor-column elementor-col-100 elementor-top-column elementor-element elementor-element-50de37a2\" data-id=\"50de37a2\" data-element_type=\"column\" data-settings=\"{&quot;background_background&quot;:&quot;classic&quot;}\">\n\t\t\t<div class=\"elementor-widget-wrap elementor-element-populated\">\n\t\t\t\t\t\t<div class=\"elementor-element elementor-element-4f283f9 elementor-position-right elementor-vertical-align-top elementor-widget elementor-widget-image-box\" data-id=\"4f283f9\" data-element_type=\"widget\" data-widget_type=\"image-box.default\">\n\t\t\t\t<div class=\"elementor-widget-container\">\n\t\t\t<div class=\"elementor-image-box-wrapper\"><figure class=\"elementor-image-box-img\"><img decoding=\"async\" width=\"288\" height=\"289\" src=\"https:\/\/massy-verrieres.catho91.fr\/wp-content\/uploads\/2021\/11\/oecumenisme.jpg\" class=\"attachment-full size-full wp-image-3044\" alt=\"\" srcset=\"https:\/\/massy-verrieres.catho91.fr\/wp-content\/uploads\/2021\/11\/oecumenisme.jpg 288w, https:\/\/massy-verrieres.catho91.fr\/wp-content\/uploads\/2021\/11\/oecumenisme-150x150.jpg 150w\" sizes=\"(max-width: 288px) 100vw, 288px\" \/><\/figure><div class=\"elementor-image-box-content\"><h3 class=\"elementor-image-box-title\">\u0152cum\u00e9nisme et le dialogue inter-religieux<\/h3><p class=\"elementor-image-box-description\">\u00ab\u00a0Que tous soient un, comme toi, P\u00e8re, tu es en moi, et moi en toi. Qu\u2019ils soient un en nous, eux aussi, pour que le monde croie que tu m\u2019as envoy\u00e9.\u00a0\u00bb (Jn 17, 21)\n<\/p><\/div><\/div>\t\t<\/div>\n\t\t\t\t<\/div>\n\t\t\t\t<div class=\"elementor-element elementor-element-9a1a6fc elementor-widget elementor-widget-text-editor\" data-id=\"9a1a6fc\" data-element_type=\"widget\" data-widget_type=\"text-editor.default\">\n\t\t\t\t<div class=\"elementor-widget-container\">\n\t\t\t\t\t\t\t<p>Le mot \u0153cum\u00e9nisme d\u00e9signe l\u2019effort des chr\u00e9tiens pour parvenir \u00e0 une unit\u00e9 institutionnelle entre les diff\u00e9rentes Eglises et communaut\u00e9s qui composent le monde chr\u00e9tien d\u2019aujourd\u2019hui.<\/p><p>Le dialogue inter-religieux a pour objectif de maintenir un lien entre chr\u00e9tiens, juifs, musulmans, bouddhistes et les autres religions.<\/p>\t\t\t\t\t\t<\/div>\n\t\t\t\t<\/div>\n\t\t\t\t<div class=\"elementor-element elementor-element-ac21149 elementor-widget elementor-widget-text-editor\" data-id=\"ac21149\" data-element_type=\"widget\" data-widget_type=\"text-editor.default\">\n\t\t\t\t<div class=\"elementor-widget-container\">\n\t\t\t\t\t\t\t<p><strong><span style=\"text-decoration: underline;\">L&#8217;unit\u00e9 des chr\u00e9tiens<\/span><\/strong><\/p><p style=\"box-sizing: border-box; font-size: 16px; vertical-align: baseline; outline-width: 0px; outline-style: none; margin: 0px 0px 1.6em; outline-color: invert; border: 0px; padding: 0px;\">Catholiques, protestants, \u00e9vang\u00e9liques et membres des Eglises orientales,\u00a0 nous croyons tous en un m\u00eame Dieu : P\u00e8re, Fils et saint-Esprit. Notre Foi est bas\u00e9e sur la Bible, la pri\u00e8re et des actions communes.<\/p><p style=\"box-sizing: border-box; font-size: 16px; vertical-align: baseline; outline-width: 0px; outline-style: none; margin: 0px 0px 1.6em; outline-color: invert; border: 0px; padding: 0px;\">Toutefois, nos traditions et plusieurs points de th\u00e9ologie nous\u00a0diff\u00e9rencient.<\/p><p style=\"box-sizing: border-box; font-size: 16px; vertical-align: baseline; outline-width: 0px; outline-style: none; margin: 0px 0px 1.6em; outline-color: invert; border: 0px; padding: 0px;\">L&#8217;\u00e9quipe \u0153cum\u00e9nique du secteur existe depuis de nombreuses ann\u00e9es. Son objectif est de mieux nous conna\u00eetre entre les diff\u00e9rentes Eglises, nous appr\u00e9cier avec nos diff\u00e9rences et de construire une plus grande communion entre nos communaut\u00e9s : l\u2019Unit\u00e9 des chr\u00e9tiens.<\/p><p style=\"box-sizing: border-box; font-size: 16px; vertical-align: baseline; outline-width: 0px; outline-style: none; margin: 0px 0px 1.6em; outline-color: invert; border: 0px; padding: 0px;\">Nous pr\u00e9parons avec nos fr\u00e8res protestants <i>(\u00e9glise protestante unie, \u00e9glise Baptiste, \u00c9glise \u00e9vang\u00e9lique Hillsong), <\/i>des temps forts dans l&#8217;ann\u00e9e : semaine de pri\u00e8re pour l&#8217;Unit\u00e9 des Chr\u00e9tiens, f\u00eate de la musique, partages bibliques.<\/p><p style=\"box-sizing: border-box; font-size: 16px; vertical-align: baseline; outline-width: 0px; outline-style: none; margin: 0px 0px 1.6em; outline-color: invert; border: 0px; padding: 0px;\">Nous avons tiss\u00e9 avec nos fr\u00e8res des autres Eglises, des liens amicaux, fraternels, qui au-del\u00e0 de nos sensibilit\u00e9s, nous permettent d&#8217;avancer dans la construction du Royaume de Dieu,<br \/>de grandir dans la Foi et la connaissance de la Bible.<\/p>\t\t\t\t\t\t<\/div>\n\t\t\t\t<\/div>\n\t\t\t\t<div class=\"elementor-element elementor-element-14696d0 elementor-widget elementor-widget-text-editor\" data-id=\"14696d0\" data-element_type=\"widget\" data-widget_type=\"text-editor.default\">\n\t\t\t\t<div class=\"elementor-widget-container\">\n\t\t\t\t\t\t\t<p><strong><span style=\"text-decoration: underline;\">Le dialogue inter-religieux<\/span><\/strong><\/p><p>Le collectif Abraham travaille au dialogue franc et amical entre les communaut\u00e9s chr\u00e9tiennes, juives et musulmanes.<\/p><p>Le terme d&#8217;\u0153cum\u00e9nisme, ici, est impropre, puisque diff\u00e9rences th\u00e9ologiques fondamentales ne permettent pas de parvenir \u00e0 une v\u00e9ritable unit\u00e9.<\/p><p>Toutefois, le dialogue est essentiel pour se conna\u00eetre, se respecter et construire la paix.<\/p>\t\t\t\t\t\t<\/div>\n\t\t\t\t<\/div>\n\t\t\t\t\t<\/div>\n\t\t<\/div>\n\t\t\t\t\t<\/div>\n\t\t<\/section>\n\t\t\t\t<section class=\"elementor-section elementor-top-section elementor-element elementor-element-a181c64 elementor-section-boxed elementor-section-height-default elementor-section-height-default\" data-id=\"a181c64\" data-element_type=\"section\">\n\t\t\t\t\t\t<div class=\"elementor-container elementor-column-gap-default\">\n\t\t\t\t\t<div class=\"elementor-column elementor-col-100 elementor-top-column elementor-element elementor-element-a41f2cc\" data-id=\"a41f2cc\" data-element_type=\"column\">\n\t\t\t<div class=\"elementor-widget-wrap elementor-element-populated\">\n\t\t\t\t\t\t<div class=\"elementor-element elementor-element-186d690 elementor-widget elementor-widget-spacer\" data-id=\"186d690\" data-element_type=\"widget\" data-widget_type=\"spacer.default\">\n\t\t\t\t<div class=\"elementor-widget-container\">\n\t\t\t\t\t<div class=\"elementor-spacer\">\n\t\t\t<div class=\"elementor-spacer-inner\"><\/div>\n\t\t<\/div>\n\t\t\t\t<\/div>\n\t\t\t\t<\/div>\n\t\t\t\t\t<\/div>\n\t\t<\/div>\n\t\t\t\t\t<\/div>\n\t\t<\/section>\n\t\t\t\t<section class=\"elementor-section elementor-top-section elementor-element elementor-element-41a514c elementor-section-boxed elementor-section-height-default elementor-section-height-default\" data-id=\"41a514c\" data-element_type=\"section\">\n\t\t\t\t\t\t<div class=\"elementor-container elementor-column-gap-default\">\n\t\t\t\t\t<div class=\"elementor-column elementor-col-100 elementor-top-column elementor-element elementor-element-c88868d\" data-id=\"c88868d\" data-element_type=\"column\" data-settings=\"{&quot;background_background&quot;:&quot;classic&quot;}\">\n\t\t\t<div class=\"elementor-widget-wrap elementor-element-populated\">\n\t\t\t\t\t\t<div class=\"elementor-element elementor-element-108d619 elementor-widget elementor-widget-text-editor\" data-id=\"108d619\" data-element_type=\"widget\" data-widget_type=\"text-editor.default\">\n\t\t\t\t<div class=\"elementor-widget-container\">\n\t\t\t\t\t\t\t<h4><span style=\"color: #000000;\">Vous souhaitez parler \u00e0 une personne de l&#8217;\u00e9quipe \u0153cum\u00e9nique, laissez lui un message :<\/span><\/h4>\t\t\t\t\t\t<\/div>\n\t\t\t\t<\/div>\n\t\t\t\t<div class=\"elementor-element elementor-element-b68bb9d e-transform elementor-widget elementor-widget-wp-widget-wpforms-widget\" data-id=\"b68bb9d\" data-element_type=\"widget\" data-settings=\"{&quot;_transform_scale_effect&quot;:{&quot;unit&quot;:&quot;px&quot;,&quot;size&quot;:0.8,&quot;sizes&quot;:[]},&quot;_transform_scale_effect_tablet&quot;:{&quot;unit&quot;:&quot;px&quot;,&quot;size&quot;:&quot;&quot;,&quot;sizes&quot;:[]},&quot;_transform_scale_effect_mobile&quot;:{&quot;unit&quot;:&quot;px&quot;,&quot;size&quot;:&quot;&quot;,&quot;sizes&quot;:[]}}\" data-widget_type=\"wp-widget-wpforms-widget.default\">\n\t\t\t\t<div class=\"elementor-widget-container\">\n\t\t\t<div class=\"wpforms-container wpforms-container-full\" id=\"wpforms-2252\"><form id=\"wpforms-form-2252\" class=\"wpforms-validate wpforms-form\" data-formid=\"2252\" method=\"post\" enctype=\"multipart\/form-data\" action=\"\/index.php\/wp-json\/wp\/v2\/pages\/992\" data-token=\"5dc189bffa11eca376e6aa97999b5c8c\" data-token-time=\"1776431181\"><noscript class=\"wpforms-error-noscript\">Veuillez activer JavaScript dans votre navigateur pour remplir ce formulaire.<\/noscript><div class=\"wpforms-field-container\"><div id=\"wpforms-2252-field_0-container\" class=\"wpforms-field wpforms-field-name\" data-field-id=\"0\"><label class=\"wpforms-field-label\" for=\"wpforms-2252-field_0\">Votre identit\u00e9 <span class=\"wpforms-required-label\">*<\/span><\/label><div class=\"wpforms-field-row wpforms-field-medium\"><div class=\"wpforms-field-row-block wpforms-first wpforms-one-half\"><input type=\"text\" id=\"wpforms-2252-field_0\" class=\"wpforms-field-name-first wpforms-field-required\" name=\"wpforms[fields][0][first]\" required><label for=\"wpforms-2252-field_0\" class=\"wpforms-field-sublabel after\">Pr\u00e9nom<\/label><\/div><div class=\"wpforms-field-row-block wpforms-one-half\"><input type=\"text\" id=\"wpforms-2252-field_0-last\" class=\"wpforms-field-name-last wpforms-field-required\" name=\"wpforms[fields][0][last]\" required><label for=\"wpforms-2252-field_0-last\" class=\"wpforms-field-sublabel after\">Nom<\/label><\/div><\/div><\/div><div id=\"wpforms-2252-field_4-container\" class=\"wpforms-field wpforms-field-text\" data-field-id=\"4\"><label class=\"wpforms-field-label\" for=\"wpforms-2252-field_4\">Votre adresse email ou votre num\u00e9ro de t\u00e9l\u00e9phone<\/label><input type=\"text\" id=\"wpforms-2252-field_4\" class=\"wpforms-field-medium\" name=\"wpforms[fields][4]\" ><\/div><div id=\"wpforms-2252-field_2-container\" class=\"wpforms-field wpforms-field-textarea\" data-field-id=\"2\"><label class=\"wpforms-field-label\" for=\"wpforms-2252-field_2\">Votre message <span class=\"wpforms-required-label\">*<\/span><\/label><textarea id=\"wpforms-2252-field_2\" class=\"wpforms-field-medium wpforms-field-required\" name=\"wpforms[fields][2]\" required><\/textarea><\/div><\/div><!-- .wpforms-field-container --><div class=\"wpforms-recaptcha-container wpforms-is-recaptcha wpforms-is-recaptcha-type-v2\" ><div class=\"g-recaptcha\" data-sitekey=\"6LfMxf8ZAAAAADaD_41itEi-GdfkI-U3M_DndmLY\"><\/div><input type=\"text\" name=\"g-recaptcha-hidden\" class=\"wpforms-recaptcha-hidden\" style=\"position:absolute!important;clip:rect(0,0,0,0)!important;height:1px!important;width:1px!important;border:0!important;overflow:hidden!important;padding:0!important;margin:0!important;\" data-rule-recaptcha=\"1\"><\/div><div class=\"wpforms-submit-container\" ><input type=\"hidden\" name=\"wpforms[id]\" value=\"2252\"><input type=\"hidden\" name=\"page_title\" value=\"\"><input type=\"hidden\" name=\"page_url\" value=\"https:\/\/massy-verrieres.catho91.fr\/index.php\/wp-json\/wp\/v2\/pages\/992\"><button type=\"submit\" name=\"wpforms[submit]\" id=\"wpforms-submit-2252\" class=\"wpforms-submit\" data-alt-text=\"Envoi en cours ...\" data-submit-text=\"Envoyer le message\" aria-live=\"assertive\" value=\"wpforms-submit\">Envoyer le message<\/button><\/div><\/form><\/div>  <!-- .wpforms-container -->\t\t<\/div>\n\t\t\t\t<\/div>\n\t\t\t\t\t<\/div>\n\t\t<\/div>\n\t\t\t\t\t<\/div>\n\t\t<\/section>\n\t\t\t\t<section class=\"elementor-section elementor-top-section elementor-element elementor-element-2e36530b elementor-section-boxed elementor-section-height-default elementor-section-height-default\" data-id=\"2e36530b\" data-element_type=\"section\">\n\t\t\t\t\t\t<div class=\"elementor-container elementor-column-gap-default\">\n\t\t\t\t\t<div class=\"elementor-column elementor-col-100 elementor-top-column elementor-element elementor-element-40405c1\" data-id=\"40405c1\" data-element_type=\"column\">\n\t\t\t<div class=\"elementor-widget-wrap elementor-element-populated\">\n\t\t\t\t\t\t<div class=\"elementor-element elementor-element-70907441 elementor-widget-divider--view-line elementor-widget elementor-widget-divider\" data-id=\"70907441\" data-element_type=\"widget\" data-widget_type=\"divider.default\">\n\t\t\t\t<div class=\"elementor-widget-container\">\n\t\t\t\t\t<div class=\"elementor-divider\">\n\t\t\t<span class=\"elementor-divider-separator\">\n\t\t\t\t\t\t<\/span>\n\t\t<\/div>\n\t\t\t\t<\/div>\n\t\t\t\t<\/div>\n\t\t\t\t<div class=\"elementor-element elementor-element-11b75804 elementor-widget elementor-widget-heading\" data-id=\"11b75804\" data-element_type=\"widget\" data-widget_type=\"heading.default\">\n\t\t\t\t<div class=\"elementor-widget-container\">\n\t\t\t<h2 class=\"elementor-heading-title elementor-size-default\"><a href=\"http:\/\/massy-verrieres.catho91.fr\/index.php\/les-activites\/\">Retour \u00e0 la liste des activit\u00e9s<\/a><\/h2>\t\t<\/div>\n\t\t\t\t<\/div>\n\t\t\t\t\t<\/div>\n\t\t<\/div>\n\t\t\t\t\t<\/div>\n\t\t<\/section>\n\t\t\t\t<\/div>\n\t\t","protected":false},"excerpt":{"rendered":"<p>Les activit\u00e9s du secteur \u0152cum\u00e9nisme et le dialogue inter-religieux \u00ab\u00a0Que tous soient un, comme toi, P\u00e8re, tu es en moi, et moi en toi. Qu\u2019ils soient un en nous, eux aussi, pour que le monde croie que tu m\u2019as envoy\u00e9.\u00a0\u00bb (Jn 17, 21) Le mot \u0153cum\u00e9nisme d\u00e9signe l\u2019effort des chr\u00e9tiens pour parvenir \u00e0 une unit\u00e9 &hellip;<\/p>\n<p class=\"read-more\"> <a class=\"\" href=\"https:\/\/massy-verrieres.catho91.fr\/index.php\/oecumenisme\/\"> <span class=\"screen-reader-text\">Oecum\u00e9nisme<\/span> Lire la suite \u00bb<\/a><\/p>\n","protected":false},"author":1,"featured_media":0,"parent":0,"menu_order":0,"comment_status":"closed","ping_status":"closed","template":"","meta":{"_mc_calendar":[],"footnotes":""},"_links":{"self":[{"href":"https:\/\/massy-verrieres.catho91.fr\/index.php\/wp-json\/wp\/v2\/pages\/992"}],"collection":[{"href":"https:\/\/massy-verrieres.catho91.fr\/index.php\/wp-json\/wp\/v2\/pages"}],"about":[{"href":"https:\/\/massy-verrieres.catho91.fr\/index.php\/wp-json\/wp\/v2\/types\/page"}],"author":[{"embeddable":true,"href":"https:\/\/massy-verrieres.catho91.fr\/index.php\/wp-json\/wp\/v2\/users\/1"}],"replies":[{"embeddable":true,"href":"https:\/\/massy-verrieres.catho91.fr\/index.php\/wp-json\/wp\/v2\/comments?post=992"}],"version-history":[{"count":74,"href":"https:\/\/massy-verrieres.catho91.fr\/index.php\/wp-json\/wp\/v2\/pages\/992\/revisions"}],"predecessor-version":[{"id":5555,"href":"https:\/\/massy-verrieres.catho91.fr\/index.php\/wp-json\/wp\/v2\/pages\/992\/revisions\/5555"}],"wp:attachment":[{"href":"https:\/\/massy-verrieres.catho91.fr\/index.php\/wp-json\/wp\/v2\/media?parent=992"}],"curies":[{"name":"wp","href":"https:\/\/api.w.org\/{rel}","templated":true}]}}